{"id":9296,"date":"2024-11-09T02:56:54","date_gmt":"2024-11-09T02:56:54","guid":{"rendered":"https:\/\/fenixtravel.co\/?post_type=product&#038;p=9296"},"modified":"2026-02-19T02:26:36","modified_gmt":"2026-02-19T02:26:36","slug":"baru-cartagena-santa-marta-palomino-riohacha-cabo-de-la-vela-valledupar","status":"publish","type":"product","link":"https:\/\/fenixtravel.co\/en\/product\/baru-cartagena-santa-marta-palomino-riohacha-cabo-de-la-vela-valledupar\/","title":{"rendered":"Baru, Cartagena, Santa Marta, Palomino, Riohacha, Cabo De La Vela, Valledupar"},"content":{"rendered":"<p>\u00a1Emb\u00e1rcate en una aventura inolvidable por el Caribe colombiano! Este viaje te lleva desde <strong>Barranquilla<\/strong> hasta <strong>Valledupar<\/strong>, pasando por las playas de <strong>Palomino<\/strong>, el encanto de <strong>Riohacha<\/strong> y la magia de <strong>Cabo de la Vela<\/strong>. Incluye transporte c\u00f3modo, hospedaje en hoteles y rancher\u00eda, alimentaci\u00f3n, y visitas a sitios ic\u00f3nicos como la Ventana del Mundo, el Pil\u00f3n de Az\u00facar y el Parque de la Leyenda Vallenata. Todo con seguro de viajes y gu\u00eda acompa\u00f1ante. \u00a1Descubre la cultura y los paisajes \u00fanicos de la costa!<\/p>","protected":false},"excerpt":{"rendered":"<p>\u00a1Emb\u00e1rcate en una aventura inolvidable por el Caribe colombiano! Este viaje te lleva desde Barranquilla hasta Valledupar, pasando por las playas de Palomino, el encanto de Riohacha y la magia de Cabo de la Vela. Incluye transporte c\u00f3modo, hospedaje en hoteles y rancher\u00eda, alimentaci\u00f3n, y visitas a sitios ic\u00f3nicos como la Ventana del Mundo, el [&hellip;]<\/p>","protected":false},"featured_media":9300,"comment_status":"open","ping_status":"closed","template":"","meta":{"_acf_changed":false,"om_disable_all_campaigns":false,"_monsterinsights_skip_tracking":false,"_monsterinsights_sitenote_active":false,"_monsterinsights_sitenote_note":"","_monsterinsights_sitenote_category":0},"product_cat":[64,79,73],"product_tag":[],"class_list":["post-9296","product","type-product","status-publish","has-post-thumbnail","hentry","product_cat-colombiafenix-excursiones-por-colombia","product_cat-sol-playa","product_cat-todos"],"acf":[],"aioseo_notices":[],"yoast_head":"<!-- This site is optimized with the Yoast SEO plugin v26.7 - https:\/\/yoast.com\/wordpress\/plugins\/seo\/ -->\n<title>Baru, Cartagena, Santa Marta, Palomino, Riohacha, Cabo De La Vela, Valledupar - fenixtravel.co<\/title>\n<meta name=\"robots\" content=\"index, follow, max-snippet:-1, max-image-preview:large, max-video-preview:-1\" \/>\n<link rel=\"canonical\" href=\"https:\/\/fenixtravel.co\/en\/product\/baru-cartagena-santa-marta-palomino-riohacha-cabo-de-la-vela-valledupar\/\" \/>\n<meta property=\"og:locale\" content=\"en_US\" \/>\n<meta property=\"og:type\" content=\"article\" \/>\n<meta property=\"og:title\" content=\"Baru, Cartagena, Santa Marta, Palomino, Riohacha, Cabo De La Vela, Valledupar - fenixtravel.co\" \/>\n<meta property=\"og:description\" content=\"\u00a1Emb\u00e1rcate en una aventura inolvidable por el Caribe colombiano! Este viaje te lleva desde Barranquilla hasta Valledupar, pasando por las playas de Palomino, el encanto de Riohacha y la magia de Cabo de la Vela. Incluye transporte c\u00f3modo, hospedaje en hoteles y rancher\u00eda, alimentaci\u00f3n, y visitas a sitios ic\u00f3nicos como la Ventana del Mundo, el [&hellip;]\" \/>\n<meta property=\"og:url\" content=\"https:\/\/fenixtravel.co\/en\/product\/baru-cartagena-santa-marta-palomino-riohacha-cabo-de-la-vela-valledupar\/\" \/>\n<meta property=\"og:site_name\" content=\"fenixtravel.co\" \/>\n<meta property=\"article:publisher\" content=\"https:\/\/www.facebook.com\/FenixTravelCol\/?locale=es_LA\" \/>\n<meta property=\"article:modified_time\" content=\"2026-02-19T02:26:36+00:00\" \/>\n<meta property=\"og:image\" content=\"http:\/\/fenixtravel.co\/wp-content\/uploads\/2024\/11\/5-1024x683.jpg\" \/>\n\t<meta property=\"og:image:width\" content=\"1024\" \/>\n\t<meta property=\"og:image:height\" content=\"683\" \/>\n\t<meta property=\"og:image:type\" content=\"image\/jpeg\" \/>\n<meta name=\"twitter:card\" content=\"summary_large_image\" \/>\n<meta name=\"twitter:label1\" content=\"Est. reading time\" \/>\n\t<meta name=\"twitter:data1\" content=\"1 minute\" \/>\n<script type=\"application\/ld+json\" class=\"yoast-schema-graph\">{\"@context\":\"https:\/\/schema.org\",\"@graph\":[{\"@type\":\"WebPage\",\"@id\":\"https:\/\/fenixtravel.co\/producto\/baru-cartagena-santa-marta-palomino-riohacha-cabo-de-la-vela-valledupar\/\",\"url\":\"https:\/\/fenixtravel.co\/producto\/baru-cartagena-santa-marta-palomino-riohacha-cabo-de-la-vela-valledupar\/\",\"name\":\"Baru, Cartagena, Santa Marta, Palomino, Riohacha, Cabo De La Vela, Valledupar - fenixtravel.co\",\"isPartOf\":{\"@id\":\"https:\/\/fenixtravel.co\/#website\"},\"primaryImageOfPage\":{\"@id\":\"https:\/\/fenixtravel.co\/producto\/baru-cartagena-santa-marta-palomino-riohacha-cabo-de-la-vela-valledupar\/#primaryimage\"},\"image\":{\"@id\":\"https:\/\/fenixtravel.co\/producto\/baru-cartagena-santa-marta-palomino-riohacha-cabo-de-la-vela-valledupar\/#primaryimage\"},\"thumbnailUrl\":\"https:\/\/fenixtravel.co\/wp-content\/uploads\/2024\/11\/5.jpg\",\"datePublished\":\"2024-11-09T02:56:54+00:00\",\"dateModified\":\"2026-02-19T02:26:36+00:00\",\"breadcrumb\":{\"@id\":\"https:\/\/fenixtravel.co\/producto\/baru-cartagena-santa-marta-palomino-riohacha-cabo-de-la-vela-valledupar\/#breadcrumb\"},\"inLanguage\":\"en-US\",\"potentialAction\":[{\"@type\":\"ReadAction\",\"target\":[\"https:\/\/fenixtravel.co\/producto\/baru-cartagena-santa-marta-palomino-riohacha-cabo-de-la-vela-valledupar\/\"]}]},{\"@type\":\"ImageObject\",\"inLanguage\":\"en-US\",\"@id\":\"https:\/\/fenixtravel.co\/producto\/baru-cartagena-santa-marta-palomino-riohacha-cabo-de-la-vela-valledupar\/#primaryimage\",\"url\":\"https:\/\/fenixtravel.co\/wp-content\/uploads\/2024\/11\/5.jpg\",\"contentUrl\":\"https:\/\/fenixtravel.co\/wp-content\/uploads\/2024\/11\/5.jpg\",\"width\":1920,\"height\":1280},{\"@type\":\"BreadcrumbList\",\"@id\":\"https:\/\/fenixtravel.co\/producto\/baru-cartagena-santa-marta-palomino-riohacha-cabo-de-la-vela-valledupar\/#breadcrumb\",\"itemListElement\":[{\"@type\":\"ListItem\",\"position\":1,\"name\":\"Portada\",\"item\":\"https:\/\/fenixtravel.co\/\"},{\"@type\":\"ListItem\",\"position\":2,\"name\":\"Shop\",\"item\":\"https:\/\/fenixtravel.co\/shop\/\"},{\"@type\":\"ListItem\",\"position\":3,\"name\":\"Baru, Cartagena, Santa Marta, Palomino, Riohacha, Cabo De La Vela, Valledupar\"}]},{\"@type\":\"WebSite\",\"@id\":\"https:\/\/fenixtravel.co\/#website\",\"url\":\"https:\/\/fenixtravel.co\/\",\"name\":\"fenixtravel.co\",\"description\":\"\",\"publisher\":{\"@id\":\"https:\/\/fenixtravel.co\/#organization\"},\"potentialAction\":[{\"@type\":\"SearchAction\",\"target\":{\"@type\":\"EntryPoint\",\"urlTemplate\":\"https:\/\/fenixtravel.co\/?s={search_term_string}\"},\"query-input\":{\"@type\":\"PropertyValueSpecification\",\"valueRequired\":true,\"valueName\":\"search_term_string\"}}],\"inLanguage\":\"en-US\"},{\"@type\":\"Organization\",\"@id\":\"https:\/\/fenixtravel.co\/#organization\",\"name\":\"fenixtravel.co\",\"url\":\"https:\/\/fenixtravel.co\/\",\"logo\":{\"@type\":\"ImageObject\",\"inLanguage\":\"en-US\",\"@id\":\"https:\/\/fenixtravel.co\/#\/schema\/logo\/image\/\",\"url\":\"https:\/\/fenixtravel.co\/wp-content\/uploads\/2025\/04\/1.png\",\"contentUrl\":\"https:\/\/fenixtravel.co\/wp-content\/uploads\/2025\/04\/1.png\",\"width\":1287,\"height\":427,\"caption\":\"fenixtravel.co\"},\"image\":{\"@id\":\"https:\/\/fenixtravel.co\/#\/schema\/logo\/image\/\"},\"sameAs\":[\"https:\/\/www.facebook.com\/FenixTravelCol\/?locale=es_LA\",\"https:\/\/www.instagram.com\/fenixtraveltours\/?hl=es-la\"]}]}<\/script>\n<!-- \/ Yoast SEO plugin. -->","yoast_head_json":{"title":"Baru, Cartagena, Santa Marta, Palomino, Riohacha, Cabo De La Vela, Valledupar - fenixtravel.co","robots":{"index":"index","follow":"follow","max-snippet":"max-snippet:-1","max-image-preview":"max-image-preview:large","max-video-preview":"max-video-preview:-1"},"canonical":"https:\/\/fenixtravel.co\/en\/product\/baru-cartagena-santa-marta-palomino-riohacha-cabo-de-la-vela-valledupar\/","og_locale":"en_US","og_type":"article","og_title":"Baru, Cartagena, Santa Marta, Palomino, Riohacha, Cabo De La Vela, Valledupar - fenixtravel.co","og_description":"\u00a1Emb\u00e1rcate en una aventura inolvidable por el Caribe colombiano! Este viaje te lleva desde Barranquilla hasta Valledupar, pasando por las playas de Palomino, el encanto de Riohacha y la magia de Cabo de la Vela. Incluye transporte c\u00f3modo, hospedaje en hoteles y rancher\u00eda, alimentaci\u00f3n, y visitas a sitios ic\u00f3nicos como la Ventana del Mundo, el [&hellip;]","og_url":"https:\/\/fenixtravel.co\/en\/product\/baru-cartagena-santa-marta-palomino-riohacha-cabo-de-la-vela-valledupar\/","og_site_name":"fenixtravel.co","article_publisher":"https:\/\/www.facebook.com\/FenixTravelCol\/?locale=es_LA","article_modified_time":"2026-02-19T02:26:36+00:00","og_image":[{"width":1024,"height":683,"url":"http:\/\/fenixtravel.co\/wp-content\/uploads\/2024\/11\/5-1024x683.jpg","type":"image\/jpeg"}],"twitter_card":"summary_large_image","twitter_misc":{"Est. reading time":"1 minute"},"schema":{"@context":"https:\/\/schema.org","@graph":[{"@type":"WebPage","@id":"https:\/\/fenixtravel.co\/producto\/baru-cartagena-santa-marta-palomino-riohacha-cabo-de-la-vela-valledupar\/","url":"https:\/\/fenixtravel.co\/producto\/baru-cartagena-santa-marta-palomino-riohacha-cabo-de-la-vela-valledupar\/","name":"Baru, Cartagena, Santa Marta, Palomino, Riohacha, Cabo De La Vela, Valledupar - fenixtravel.co","isPartOf":{"@id":"https:\/\/fenixtravel.co\/#website"},"primaryImageOfPage":{"@id":"https:\/\/fenixtravel.co\/producto\/baru-cartagena-santa-marta-palomino-riohacha-cabo-de-la-vela-valledupar\/#primaryimage"},"image":{"@id":"https:\/\/fenixtravel.co\/producto\/baru-cartagena-santa-marta-palomino-riohacha-cabo-de-la-vela-valledupar\/#primaryimage"},"thumbnailUrl":"https:\/\/fenixtravel.co\/wp-content\/uploads\/2024\/11\/5.jpg","datePublished":"2024-11-09T02:56:54+00:00","dateModified":"2026-02-19T02:26:36+00:00","breadcrumb":{"@id":"https:\/\/fenixtravel.co\/producto\/baru-cartagena-santa-marta-palomino-riohacha-cabo-de-la-vela-valledupar\/#breadcrumb"},"inLanguage":"en-US","potentialAction":[{"@type":"ReadAction","target":["https:\/\/fenixtravel.co\/producto\/baru-cartagena-santa-marta-palomino-riohacha-cabo-de-la-vela-valledupar\/"]}]},{"@type":"ImageObject","inLanguage":"en-US","@id":"https:\/\/fenixtravel.co\/producto\/baru-cartagena-santa-marta-palomino-riohacha-cabo-de-la-vela-valledupar\/#primaryimage","url":"https:\/\/fenixtravel.co\/wp-content\/uploads\/2024\/11\/5.jpg","contentUrl":"https:\/\/fenixtravel.co\/wp-content\/uploads\/2024\/11\/5.jpg","width":1920,"height":1280},{"@type":"BreadcrumbList","@id":"https:\/\/fenixtravel.co\/producto\/baru-cartagena-santa-marta-palomino-riohacha-cabo-de-la-vela-valledupar\/#breadcrumb","itemListElement":[{"@type":"ListItem","position":1,"name":"Portada","item":"https:\/\/fenixtravel.co\/"},{"@type":"ListItem","position":2,"name":"Shop","item":"https:\/\/fenixtravel.co\/shop\/"},{"@type":"ListItem","position":3,"name":"Baru, Cartagena, Santa Marta, Palomino, Riohacha, Cabo De La Vela, Valledupar"}]},{"@type":"WebSite","@id":"https:\/\/fenixtravel.co\/#website","url":"https:\/\/fenixtravel.co\/","name":"fenixtravel.co","description":"","publisher":{"@id":"https:\/\/fenixtravel.co\/#organization"},"potentialAction":[{"@type":"SearchAction","target":{"@type":"EntryPoint","urlTemplate":"https:\/\/fenixtravel.co\/?s={search_term_string}"},"query-input":{"@type":"PropertyValueSpecification","valueRequired":true,"valueName":"search_term_string"}}],"inLanguage":"en-US"},{"@type":"Organization","@id":"https:\/\/fenixtravel.co\/#organization","name":"fenixtravel.co","url":"https:\/\/fenixtravel.co\/","logo":{"@type":"ImageObject","inLanguage":"en-US","@id":"https:\/\/fenixtravel.co\/#\/schema\/logo\/image\/","url":"https:\/\/fenixtravel.co\/wp-content\/uploads\/2025\/04\/1.png","contentUrl":"https:\/\/fenixtravel.co\/wp-content\/uploads\/2025\/04\/1.png","width":1287,"height":427,"caption":"fenixtravel.co"},"image":{"@id":"https:\/\/fenixtravel.co\/#\/schema\/logo\/image\/"},"sameAs":["https:\/\/www.facebook.com\/FenixTravelCol\/?locale=es_LA","https:\/\/www.instagram.com\/fenixtraveltours\/?hl=es-la"]}]}},"_links":{"self":[{"href":"https:\/\/fenixtravel.co\/en\/wp-json\/wp\/v2\/product\/9296","targetHints":{"allow":["GET"]}}],"collection":[{"href":"https:\/\/fenixtravel.co\/en\/wp-json\/wp\/v2\/product"}],"about":[{"href":"https:\/\/fenixtravel.co\/en\/wp-json\/wp\/v2\/types\/product"}],"replies":[{"embeddable":true,"href":"https:\/\/fenixtravel.co\/en\/wp-json\/wp\/v2\/comments?post=9296"}],"version-history":[{"count":1,"href":"https:\/\/fenixtravel.co\/en\/wp-json\/wp\/v2\/product\/9296\/revisions"}],"predecessor-version":[{"id":11444,"href":"https:\/\/fenixtravel.co\/en\/wp-json\/wp\/v2\/product\/9296\/revisions\/11444"}],"wp:featuredmedia":[{"embeddable":true,"href":"https:\/\/fenixtravel.co\/en\/wp-json\/wp\/v2\/media\/9300"}],"wp:attachment":[{"href":"https:\/\/fenixtravel.co\/en\/wp-json\/wp\/v2\/media?parent=9296"}],"wp:term":[{"taxonomy":"product_cat","embeddable":true,"href":"https:\/\/fenixtravel.co\/en\/wp-json\/wp\/v2\/product_cat?post=9296"},{"taxonomy":"product_tag","embeddable":true,"href":"https:\/\/fenixtravel.co\/en\/wp-json\/wp\/v2\/product_tag?post=9296"}],"curies":[{"name":"wp","href":"https:\/\/api.w.org\/{rel}","templated":true}]}}