{"id":9250,"date":"2024-11-04T22:23:13","date_gmt":"2024-11-04T22:23:13","guid":{"rendered":"https:\/\/fenixtravel.co\/?post_type=product&#038;p=9250"},"modified":"2025-05-19T16:30:55","modified_gmt":"2025-05-19T16:30:55","slug":"cascadas-de-talarco-ortega-tolima","status":"publish","type":"product","link":"https:\/\/fenixtravel.co\/en\/product\/cascadas-de-talarco-ortega-tolima\/","title":{"rendered":"Cascadas De Talarco &#8211; Ortega Tolima."},"content":{"rendered":"<p><a href=\"https:\/\/web.facebook.com\/profile\/100063715341454\/search\/?q=CASCADAS%20DE%20TALARCO-%20ORTEGA%20TOLIMA\">\ud83c\udf1f Mira mas sobre esta experiencia aqu\u00ed:<br \/>\n\ud83d\udc49Video Experiencia Cascadas de Talarco<\/a><\/p>\n<p><span style=\"font-weight: 400;\">\u00a1Vive la magia de Ortega! Enmarcado por los cerros de los abechucos, conocer\u00e1s la historia de Manuel Quint\u00edn Lame Chantre, l\u00edder ind\u00edgena y s\u00edmbolo de resistencia. Marav\u00edllate con la Cascada de Los Dioses de Talarco, un para\u00edso natural de aguas cristalinas rodeado de exuberante vegetaci\u00f3n, donde podremos apreciar una hermosa vista del Valle de Magdalena, ideal para relajarte y conectar con la naturaleza. Con su diversidad clim\u00e1tica y rica producci\u00f3n agr\u00edcola, Ortega te ofrece cultura, historia y paisajes incre\u00edbles. \u00a1Un destino que no te puedes perder!\u00a0<\/span><\/p>","protected":false},"excerpt":{"rendered":"<p>\ud83c\udf1f Mira mas sobre esta experiencia aqu\u00ed: \ud83d\udc49Video Experiencia Cascadas de Talarco \u00a1Vive la magia de Ortega! Enmarcado por los cerros de los abechucos, conocer\u00e1s la historia de Manuel Quint\u00edn Lame Chantre, l\u00edder ind\u00edgena y s\u00edmbolo de resistencia. Marav\u00edllate con la Cascada de Los Dioses de Talarco, un para\u00edso natural de aguas cristalinas rodeado de [&hellip;]<\/p>","protected":false},"featured_media":10807,"comment_status":"open","ping_status":"closed","template":"","meta":{"_acf_changed":false,"om_disable_all_campaigns":false,"_monsterinsights_skip_tracking":false,"_monsterinsights_sitenote_active":false,"_monsterinsights_sitenote_note":"","_monsterinsights_sitenote_category":0},"product_cat":[73,56],"product_tag":[],"class_list":["post-9250","product","type-product","status-publish","has-post-thumbnail","hentry","product_cat-todos","product_cat-tolima"],"acf":[],"aioseo_notices":[],"yoast_head":"<!-- This site is optimized with the Yoast SEO plugin v26.7 - https:\/\/yoast.com\/wordpress\/plugins\/seo\/ -->\n<title>Cascadas De Talarco - Ortega Tolima. - fenixtravel.co<\/title>\n<meta name=\"robots\" content=\"index, follow, max-snippet:-1, max-image-preview:large, max-video-preview:-1\" \/>\n<link rel=\"canonical\" href=\"https:\/\/fenixtravel.co\/en\/product\/cascadas-de-talarco-ortega-tolima\/\" \/>\n<meta property=\"og:locale\" content=\"en_US\" \/>\n<meta property=\"og:type\" content=\"article\" \/>\n<meta property=\"og:title\" content=\"Cascadas De Talarco - Ortega Tolima. - fenixtravel.co\" \/>\n<meta property=\"og:description\" content=\"\ud83c\udf1f Mira mas sobre esta experiencia aqu\u00ed: \ud83d\udc49Video Experiencia Cascadas de Talarco \u00a1Vive la magia de Ortega! Enmarcado por los cerros de los abechucos, conocer\u00e1s la historia de Manuel Quint\u00edn Lame Chantre, l\u00edder ind\u00edgena y s\u00edmbolo de resistencia. Marav\u00edllate con la Cascada de Los Dioses de Talarco, un para\u00edso natural de aguas cristalinas rodeado de [&hellip;]\" \/>\n<meta property=\"og:url\" content=\"https:\/\/fenixtravel.co\/en\/product\/cascadas-de-talarco-ortega-tolima\/\" \/>\n<meta property=\"og:site_name\" content=\"fenixtravel.co\" \/>\n<meta property=\"article:publisher\" content=\"https:\/\/www.facebook.com\/FenixTravelCol\/?locale=es_LA\" \/>\n<meta property=\"article:modified_time\" content=\"2025-05-19T16:30:55+00:00\" \/>\n<meta property=\"og:image\" content=\"https:\/\/fenixtravel.co\/wp-content\/uploads\/2024\/11\/3destinos1-1-1024x584.png\" \/>\n\t<meta property=\"og:image:width\" content=\"1024\" \/>\n\t<meta property=\"og:image:height\" content=\"584\" \/>\n\t<meta property=\"og:image:type\" content=\"image\/png\" \/>\n<meta name=\"twitter:card\" content=\"summary_large_image\" \/>\n<meta name=\"twitter:label1\" content=\"Est. reading time\" \/>\n\t<meta name=\"twitter:data1\" content=\"1 minute\" \/>\n<script type=\"application\/ld+json\" class=\"yoast-schema-graph\">{\"@context\":\"https:\/\/schema.org\",\"@graph\":[{\"@type\":\"WebPage\",\"@id\":\"https:\/\/fenixtravel.co\/producto\/cascadas-de-talarco-ortega-tolima\/\",\"url\":\"https:\/\/fenixtravel.co\/producto\/cascadas-de-talarco-ortega-tolima\/\",\"name\":\"Cascadas De Talarco - Ortega Tolima. - fenixtravel.co\",\"isPartOf\":{\"@id\":\"https:\/\/fenixtravel.co\/#website\"},\"primaryImageOfPage\":{\"@id\":\"https:\/\/fenixtravel.co\/producto\/cascadas-de-talarco-ortega-tolima\/#primaryimage\"},\"image\":{\"@id\":\"https:\/\/fenixtravel.co\/producto\/cascadas-de-talarco-ortega-tolima\/#primaryimage\"},\"thumbnailUrl\":\"https:\/\/fenixtravel.co\/wp-content\/uploads\/2024\/11\/3destinos1-1.png\",\"datePublished\":\"2024-11-04T22:23:13+00:00\",\"dateModified\":\"2025-05-19T16:30:55+00:00\",\"breadcrumb\":{\"@id\":\"https:\/\/fenixtravel.co\/producto\/cascadas-de-talarco-ortega-tolima\/#breadcrumb\"},\"inLanguage\":\"en-US\",\"potentialAction\":[{\"@type\":\"ReadAction\",\"target\":[\"https:\/\/fenixtravel.co\/producto\/cascadas-de-talarco-ortega-tolima\/\"]}]},{\"@type\":\"ImageObject\",\"inLanguage\":\"en-US\",\"@id\":\"https:\/\/fenixtravel.co\/producto\/cascadas-de-talarco-ortega-tolima\/#primaryimage\",\"url\":\"https:\/\/fenixtravel.co\/wp-content\/uploads\/2024\/11\/3destinos1-1.png\",\"contentUrl\":\"https:\/\/fenixtravel.co\/wp-content\/uploads\/2024\/11\/3destinos1-1.png\",\"width\":1916,\"height\":1092},{\"@type\":\"BreadcrumbList\",\"@id\":\"https:\/\/fenixtravel.co\/producto\/cascadas-de-talarco-ortega-tolima\/#breadcrumb\",\"itemListElement\":[{\"@type\":\"ListItem\",\"position\":1,\"name\":\"Portada\",\"item\":\"https:\/\/fenixtravel.co\/\"},{\"@type\":\"ListItem\",\"position\":2,\"name\":\"Shop\",\"item\":\"https:\/\/fenixtravel.co\/shop\/\"},{\"@type\":\"ListItem\",\"position\":3,\"name\":\"Cascadas De Talarco &#8211; Ortega Tolima.\"}]},{\"@type\":\"WebSite\",\"@id\":\"https:\/\/fenixtravel.co\/#website\",\"url\":\"https:\/\/fenixtravel.co\/\",\"name\":\"fenixtravel.co\",\"description\":\"\",\"publisher\":{\"@id\":\"https:\/\/fenixtravel.co\/#organization\"},\"potentialAction\":[{\"@type\":\"SearchAction\",\"target\":{\"@type\":\"EntryPoint\",\"urlTemplate\":\"https:\/\/fenixtravel.co\/?s={search_term_string}\"},\"query-input\":{\"@type\":\"PropertyValueSpecification\",\"valueRequired\":true,\"valueName\":\"search_term_string\"}}],\"inLanguage\":\"en-US\"},{\"@type\":\"Organization\",\"@id\":\"https:\/\/fenixtravel.co\/#organization\",\"name\":\"fenixtravel.co\",\"url\":\"https:\/\/fenixtravel.co\/\",\"logo\":{\"@type\":\"ImageObject\",\"inLanguage\":\"en-US\",\"@id\":\"https:\/\/fenixtravel.co\/#\/schema\/logo\/image\/\",\"url\":\"https:\/\/fenixtravel.co\/wp-content\/uploads\/2025\/04\/1.png\",\"contentUrl\":\"https:\/\/fenixtravel.co\/wp-content\/uploads\/2025\/04\/1.png\",\"width\":1287,\"height\":427,\"caption\":\"fenixtravel.co\"},\"image\":{\"@id\":\"https:\/\/fenixtravel.co\/#\/schema\/logo\/image\/\"},\"sameAs\":[\"https:\/\/www.facebook.com\/FenixTravelCol\/?locale=es_LA\",\"https:\/\/www.instagram.com\/fenixtraveltours\/?hl=es-la\"]}]}<\/script>\n<!-- \/ Yoast SEO plugin. -->","yoast_head_json":{"title":"Cascadas De Talarco - Ortega Tolima. - fenixtravel.co","robots":{"index":"index","follow":"follow","max-snippet":"max-snippet:-1","max-image-preview":"max-image-preview:large","max-video-preview":"max-video-preview:-1"},"canonical":"https:\/\/fenixtravel.co\/en\/product\/cascadas-de-talarco-ortega-tolima\/","og_locale":"en_US","og_type":"article","og_title":"Cascadas De Talarco - Ortega Tolima. - fenixtravel.co","og_description":"\ud83c\udf1f Mira mas sobre esta experiencia aqu\u00ed: \ud83d\udc49Video Experiencia Cascadas de Talarco \u00a1Vive la magia de Ortega! Enmarcado por los cerros de los abechucos, conocer\u00e1s la historia de Manuel Quint\u00edn Lame Chantre, l\u00edder ind\u00edgena y s\u00edmbolo de resistencia. Marav\u00edllate con la Cascada de Los Dioses de Talarco, un para\u00edso natural de aguas cristalinas rodeado de [&hellip;]","og_url":"https:\/\/fenixtravel.co\/en\/product\/cascadas-de-talarco-ortega-tolima\/","og_site_name":"fenixtravel.co","article_publisher":"https:\/\/www.facebook.com\/FenixTravelCol\/?locale=es_LA","article_modified_time":"2025-05-19T16:30:55+00:00","og_image":[{"width":1024,"height":584,"url":"https:\/\/fenixtravel.co\/wp-content\/uploads\/2024\/11\/3destinos1-1-1024x584.png","type":"image\/png"}],"twitter_card":"summary_large_image","twitter_misc":{"Est. reading time":"1 minute"},"schema":{"@context":"https:\/\/schema.org","@graph":[{"@type":"WebPage","@id":"https:\/\/fenixtravel.co\/producto\/cascadas-de-talarco-ortega-tolima\/","url":"https:\/\/fenixtravel.co\/producto\/cascadas-de-talarco-ortega-tolima\/","name":"Cascadas De Talarco - Ortega Tolima. - fenixtravel.co","isPartOf":{"@id":"https:\/\/fenixtravel.co\/#website"},"primaryImageOfPage":{"@id":"https:\/\/fenixtravel.co\/producto\/cascadas-de-talarco-ortega-tolima\/#primaryimage"},"image":{"@id":"https:\/\/fenixtravel.co\/producto\/cascadas-de-talarco-ortega-tolima\/#primaryimage"},"thumbnailUrl":"https:\/\/fenixtravel.co\/wp-content\/uploads\/2024\/11\/3destinos1-1.png","datePublished":"2024-11-04T22:23:13+00:00","dateModified":"2025-05-19T16:30:55+00:00","breadcrumb":{"@id":"https:\/\/fenixtravel.co\/producto\/cascadas-de-talarco-ortega-tolima\/#breadcrumb"},"inLanguage":"en-US","potentialAction":[{"@type":"ReadAction","target":["https:\/\/fenixtravel.co\/producto\/cascadas-de-talarco-ortega-tolima\/"]}]},{"@type":"ImageObject","inLanguage":"en-US","@id":"https:\/\/fenixtravel.co\/producto\/cascadas-de-talarco-ortega-tolima\/#primaryimage","url":"https:\/\/fenixtravel.co\/wp-content\/uploads\/2024\/11\/3destinos1-1.png","contentUrl":"https:\/\/fenixtravel.co\/wp-content\/uploads\/2024\/11\/3destinos1-1.png","width":1916,"height":1092},{"@type":"BreadcrumbList","@id":"https:\/\/fenixtravel.co\/producto\/cascadas-de-talarco-ortega-tolima\/#breadcrumb","itemListElement":[{"@type":"ListItem","position":1,"name":"Portada","item":"https:\/\/fenixtravel.co\/"},{"@type":"ListItem","position":2,"name":"Shop","item":"https:\/\/fenixtravel.co\/shop\/"},{"@type":"ListItem","position":3,"name":"Cascadas De Talarco &#8211; Ortega Tolima."}]},{"@type":"WebSite","@id":"https:\/\/fenixtravel.co\/#website","url":"https:\/\/fenixtravel.co\/","name":"fenixtravel.co","description":"","publisher":{"@id":"https:\/\/fenixtravel.co\/#organization"},"potentialAction":[{"@type":"SearchAction","target":{"@type":"EntryPoint","urlTemplate":"https:\/\/fenixtravel.co\/?s={search_term_string}"},"query-input":{"@type":"PropertyValueSpecification","valueRequired":true,"valueName":"search_term_string"}}],"inLanguage":"en-US"},{"@type":"Organization","@id":"https:\/\/fenixtravel.co\/#organization","name":"fenixtravel.co","url":"https:\/\/fenixtravel.co\/","logo":{"@type":"ImageObject","inLanguage":"en-US","@id":"https:\/\/fenixtravel.co\/#\/schema\/logo\/image\/","url":"https:\/\/fenixtravel.co\/wp-content\/uploads\/2025\/04\/1.png","contentUrl":"https:\/\/fenixtravel.co\/wp-content\/uploads\/2025\/04\/1.png","width":1287,"height":427,"caption":"fenixtravel.co"},"image":{"@id":"https:\/\/fenixtravel.co\/#\/schema\/logo\/image\/"},"sameAs":["https:\/\/www.facebook.com\/FenixTravelCol\/?locale=es_LA","https:\/\/www.instagram.com\/fenixtraveltours\/?hl=es-la"]}]}},"_links":{"self":[{"href":"https:\/\/fenixtravel.co\/en\/wp-json\/wp\/v2\/product\/9250","targetHints":{"allow":["GET"]}}],"collection":[{"href":"https:\/\/fenixtravel.co\/en\/wp-json\/wp\/v2\/product"}],"about":[{"href":"https:\/\/fenixtravel.co\/en\/wp-json\/wp\/v2\/types\/product"}],"replies":[{"embeddable":true,"href":"https:\/\/fenixtravel.co\/en\/wp-json\/wp\/v2\/comments?post=9250"}],"version-history":[{"count":0,"href":"https:\/\/fenixtravel.co\/en\/wp-json\/wp\/v2\/product\/9250\/revisions"}],"wp:featuredmedia":[{"embeddable":true,"href":"https:\/\/fenixtravel.co\/en\/wp-json\/wp\/v2\/media\/10807"}],"wp:attachment":[{"href":"https:\/\/fenixtravel.co\/en\/wp-json\/wp\/v2\/media?parent=9250"}],"wp:term":[{"taxonomy":"product_cat","embeddable":true,"href":"https:\/\/fenixtravel.co\/en\/wp-json\/wp\/v2\/product_cat?post=9250"},{"taxonomy":"product_tag","embeddable":true,"href":"https:\/\/fenixtravel.co\/en\/wp-json\/wp\/v2\/product_tag?post=9250"}],"curies":[{"name":"wp","href":"https:\/\/api.w.org\/{rel}","templated":true}]}}