{"id":8569,"date":"2023-10-04T14:46:22","date_gmt":"2023-10-04T14:46:22","guid":{"rendered":"https:\/\/fenixtravel.co\/?post_type=product&#038;p=8569"},"modified":"2025-05-19T19:39:03","modified_gmt":"2025-05-19T19:39:03","slug":"curacao","status":"publish","type":"product","link":"https:\/\/fenixtravel.co\/en\/product\/curacao\/","title":{"rendered":"TURQU\u00cdA &#038; DUBAI"},"content":{"rendered":"<p><b>\u00a0DESDE 11.639.000 POR PERSONA EN ACOMODACI\u00d3N DOBLE<\/b><\/p>\n<p><span style=\"font-weight: 400;\">Turqu\u00eda<\/span><span style=\"font-weight: 400;\">\u00a0es un pa\u00eds entre Asia y Europa, con 814.578 km\u00b2 de superficie total. Ocupa la mayor parte de Asia Menor, sin embargo, el territorio occidental que rodea a Estambul es europeo. Es una rep\u00fablica parlamentaria y la constituci\u00f3n dispone que es un Estado democr\u00e1tico, laico, social y de derecho.<\/span><\/p>","protected":false},"excerpt":{"rendered":"<p>\u00a0DESDE 11.639.000 POR PERSONA EN ACOMODACI\u00d3N DOBLE Turqu\u00eda\u00a0es un pa\u00eds entre Asia y Europa, con 814.578 km\u00b2 de superficie total. Ocupa la mayor parte de Asia Menor, sin embargo, el territorio occidental que rodea a Estambul es europeo. Es una rep\u00fablica parlamentaria y la constituci\u00f3n dispone que es un Estado democr\u00e1tico, laico, social y de [&hellip;]<\/p>","protected":false},"featured_media":10837,"comment_status":"open","ping_status":"closed","template":"","meta":{"_acf_changed":false,"om_disable_all_campaigns":false,"_monsterinsights_skip_tracking":false,"_monsterinsights_sitenote_active":false,"_monsterinsights_sitenote_note":"","_monsterinsights_sitenote_category":0},"product_cat":[80,73],"product_tag":[],"class_list":["post-8569","product","type-product","status-publish","has-post-thumbnail","hentry","product_cat-internacionales","product_cat-todos"],"acf":[],"aioseo_notices":[],"yoast_head":"<!-- This site is optimized with the Yoast SEO plugin v26.7 - https:\/\/yoast.com\/wordpress\/plugins\/seo\/ -->\n<title>TURQU\u00cdA &amp; DUBAI - fenixtravel.co<\/title>\n<meta name=\"robots\" content=\"index, follow, max-snippet:-1, max-image-preview:large, max-video-preview:-1\" \/>\n<link rel=\"canonical\" href=\"https:\/\/fenixtravel.co\/en\/product\/curacao\/\" \/>\n<meta property=\"og:locale\" content=\"en_US\" \/>\n<meta property=\"og:type\" content=\"article\" \/>\n<meta property=\"og:title\" content=\"TURQU\u00cdA &amp; DUBAI - fenixtravel.co\" \/>\n<meta property=\"og:description\" content=\"\u00a0DESDE 11.639.000 POR PERSONA EN ACOMODACI\u00d3N DOBLE Turqu\u00eda\u00a0es un pa\u00eds entre Asia y Europa, con 814.578 km\u00b2 de superficie total. Ocupa la mayor parte de Asia Menor, sin embargo, el territorio occidental que rodea a Estambul es europeo. Es una rep\u00fablica parlamentaria y la constituci\u00f3n dispone que es un Estado democr\u00e1tico, laico, social y de [&hellip;]\" \/>\n<meta property=\"og:url\" content=\"https:\/\/fenixtravel.co\/en\/product\/curacao\/\" \/>\n<meta property=\"og:site_name\" content=\"fenixtravel.co\" \/>\n<meta property=\"article:publisher\" content=\"https:\/\/www.facebook.com\/FenixTravelCol\/?locale=es_LA\" \/>\n<meta property=\"article:modified_time\" content=\"2025-05-19T19:39:03+00:00\" \/>\n<meta property=\"og:image\" content=\"https:\/\/fenixtravel.co\/wp-content\/uploads\/2023\/10\/dubai2.png\" \/>\n\t<meta property=\"og:image:width\" content=\"1924\" \/>\n\t<meta property=\"og:image:height\" content=\"1084\" \/>\n\t<meta property=\"og:image:type\" content=\"image\/png\" \/>\n<meta name=\"twitter:card\" content=\"summary_large_image\" \/>\n<script type=\"application\/ld+json\" class=\"yoast-schema-graph\">{\"@context\":\"https:\/\/schema.org\",\"@graph\":[{\"@type\":\"WebPage\",\"@id\":\"https:\/\/fenixtravel.co\/producto\/curacao\/\",\"url\":\"https:\/\/fenixtravel.co\/producto\/curacao\/\",\"name\":\"TURQU\u00cdA & DUBAI - fenixtravel.co\",\"isPartOf\":{\"@id\":\"https:\/\/fenixtravel.co\/#website\"},\"primaryImageOfPage\":{\"@id\":\"https:\/\/fenixtravel.co\/producto\/curacao\/#primaryimage\"},\"image\":{\"@id\":\"https:\/\/fenixtravel.co\/producto\/curacao\/#primaryimage\"},\"thumbnailUrl\":\"https:\/\/fenixtravel.co\/wp-content\/uploads\/2023\/10\/dubai2.png\",\"datePublished\":\"2023-10-04T14:46:22+00:00\",\"dateModified\":\"2025-05-19T19:39:03+00:00\",\"breadcrumb\":{\"@id\":\"https:\/\/fenixtravel.co\/producto\/curacao\/#breadcrumb\"},\"inLanguage\":\"en-US\",\"potentialAction\":[{\"@type\":\"ReadAction\",\"target\":[\"https:\/\/fenixtravel.co\/producto\/curacao\/\"]}]},{\"@type\":\"ImageObject\",\"inLanguage\":\"en-US\",\"@id\":\"https:\/\/fenixtravel.co\/producto\/curacao\/#primaryimage\",\"url\":\"https:\/\/fenixtravel.co\/wp-content\/uploads\/2023\/10\/dubai2.png\",\"contentUrl\":\"https:\/\/fenixtravel.co\/wp-content\/uploads\/2023\/10\/dubai2.png\",\"width\":1924,\"height\":1084},{\"@type\":\"BreadcrumbList\",\"@id\":\"https:\/\/fenixtravel.co\/producto\/curacao\/#breadcrumb\",\"itemListElement\":[{\"@type\":\"ListItem\",\"position\":1,\"name\":\"Portada\",\"item\":\"https:\/\/fenixtravel.co\/\"},{\"@type\":\"ListItem\",\"position\":2,\"name\":\"Shop\",\"item\":\"https:\/\/fenixtravel.co\/shop\/\"},{\"@type\":\"ListItem\",\"position\":3,\"name\":\"TURQU\u00cdA &#038; DUBAI\"}]},{\"@type\":\"WebSite\",\"@id\":\"https:\/\/fenixtravel.co\/#website\",\"url\":\"https:\/\/fenixtravel.co\/\",\"name\":\"fenixtravel.co\",\"description\":\"\",\"publisher\":{\"@id\":\"https:\/\/fenixtravel.co\/#organization\"},\"potentialAction\":[{\"@type\":\"SearchAction\",\"target\":{\"@type\":\"EntryPoint\",\"urlTemplate\":\"https:\/\/fenixtravel.co\/?s={search_term_string}\"},\"query-input\":{\"@type\":\"PropertyValueSpecification\",\"valueRequired\":true,\"valueName\":\"search_term_string\"}}],\"inLanguage\":\"en-US\"},{\"@type\":\"Organization\",\"@id\":\"https:\/\/fenixtravel.co\/#organization\",\"name\":\"fenixtravel.co\",\"url\":\"https:\/\/fenixtravel.co\/\",\"logo\":{\"@type\":\"ImageObject\",\"inLanguage\":\"en-US\",\"@id\":\"https:\/\/fenixtravel.co\/#\/schema\/logo\/image\/\",\"url\":\"https:\/\/fenixtravel.co\/wp-content\/uploads\/2025\/04\/1.png\",\"contentUrl\":\"https:\/\/fenixtravel.co\/wp-content\/uploads\/2025\/04\/1.png\",\"width\":1287,\"height\":427,\"caption\":\"fenixtravel.co\"},\"image\":{\"@id\":\"https:\/\/fenixtravel.co\/#\/schema\/logo\/image\/\"},\"sameAs\":[\"https:\/\/www.facebook.com\/FenixTravelCol\/?locale=es_LA\",\"https:\/\/www.instagram.com\/fenixtraveltours\/?hl=es-la\"]}]}<\/script>\n<!-- \/ Yoast SEO plugin. -->","yoast_head_json":{"title":"TURQU\u00cdA & DUBAI - fenixtravel.co","robots":{"index":"index","follow":"follow","max-snippet":"max-snippet:-1","max-image-preview":"max-image-preview:large","max-video-preview":"max-video-preview:-1"},"canonical":"https:\/\/fenixtravel.co\/en\/product\/curacao\/","og_locale":"en_US","og_type":"article","og_title":"TURQU\u00cdA & DUBAI - fenixtravel.co","og_description":"\u00a0DESDE 11.639.000 POR PERSONA EN ACOMODACI\u00d3N DOBLE Turqu\u00eda\u00a0es un pa\u00eds entre Asia y Europa, con 814.578 km\u00b2 de superficie total. Ocupa la mayor parte de Asia Menor, sin embargo, el territorio occidental que rodea a Estambul es europeo. Es una rep\u00fablica parlamentaria y la constituci\u00f3n dispone que es un Estado democr\u00e1tico, laico, social y de [&hellip;]","og_url":"https:\/\/fenixtravel.co\/en\/product\/curacao\/","og_site_name":"fenixtravel.co","article_publisher":"https:\/\/www.facebook.com\/FenixTravelCol\/?locale=es_LA","article_modified_time":"2025-05-19T19:39:03+00:00","og_image":[{"width":1924,"height":1084,"url":"https:\/\/fenixtravel.co\/wp-content\/uploads\/2023\/10\/dubai2.png","type":"image\/png"}],"twitter_card":"summary_large_image","schema":{"@context":"https:\/\/schema.org","@graph":[{"@type":"WebPage","@id":"https:\/\/fenixtravel.co\/producto\/curacao\/","url":"https:\/\/fenixtravel.co\/producto\/curacao\/","name":"TURQU\u00cdA & DUBAI - fenixtravel.co","isPartOf":{"@id":"https:\/\/fenixtravel.co\/#website"},"primaryImageOfPage":{"@id":"https:\/\/fenixtravel.co\/producto\/curacao\/#primaryimage"},"image":{"@id":"https:\/\/fenixtravel.co\/producto\/curacao\/#primaryimage"},"thumbnailUrl":"https:\/\/fenixtravel.co\/wp-content\/uploads\/2023\/10\/dubai2.png","datePublished":"2023-10-04T14:46:22+00:00","dateModified":"2025-05-19T19:39:03+00:00","breadcrumb":{"@id":"https:\/\/fenixtravel.co\/producto\/curacao\/#breadcrumb"},"inLanguage":"en-US","potentialAction":[{"@type":"ReadAction","target":["https:\/\/fenixtravel.co\/producto\/curacao\/"]}]},{"@type":"ImageObject","inLanguage":"en-US","@id":"https:\/\/fenixtravel.co\/producto\/curacao\/#primaryimage","url":"https:\/\/fenixtravel.co\/wp-content\/uploads\/2023\/10\/dubai2.png","contentUrl":"https:\/\/fenixtravel.co\/wp-content\/uploads\/2023\/10\/dubai2.png","width":1924,"height":1084},{"@type":"BreadcrumbList","@id":"https:\/\/fenixtravel.co\/producto\/curacao\/#breadcrumb","itemListElement":[{"@type":"ListItem","position":1,"name":"Portada","item":"https:\/\/fenixtravel.co\/"},{"@type":"ListItem","position":2,"name":"Shop","item":"https:\/\/fenixtravel.co\/shop\/"},{"@type":"ListItem","position":3,"name":"TURQU\u00cdA &#038; DUBAI"}]},{"@type":"WebSite","@id":"https:\/\/fenixtravel.co\/#website","url":"https:\/\/fenixtravel.co\/","name":"fenixtravel.co","description":"","publisher":{"@id":"https:\/\/fenixtravel.co\/#organization"},"potentialAction":[{"@type":"SearchAction","target":{"@type":"EntryPoint","urlTemplate":"https:\/\/fenixtravel.co\/?s={search_term_string}"},"query-input":{"@type":"PropertyValueSpecification","valueRequired":true,"valueName":"search_term_string"}}],"inLanguage":"en-US"},{"@type":"Organization","@id":"https:\/\/fenixtravel.co\/#organization","name":"fenixtravel.co","url":"https:\/\/fenixtravel.co\/","logo":{"@type":"ImageObject","inLanguage":"en-US","@id":"https:\/\/fenixtravel.co\/#\/schema\/logo\/image\/","url":"https:\/\/fenixtravel.co\/wp-content\/uploads\/2025\/04\/1.png","contentUrl":"https:\/\/fenixtravel.co\/wp-content\/uploads\/2025\/04\/1.png","width":1287,"height":427,"caption":"fenixtravel.co"},"image":{"@id":"https:\/\/fenixtravel.co\/#\/schema\/logo\/image\/"},"sameAs":["https:\/\/www.facebook.com\/FenixTravelCol\/?locale=es_LA","https:\/\/www.instagram.com\/fenixtraveltours\/?hl=es-la"]}]}},"_links":{"self":[{"href":"https:\/\/fenixtravel.co\/en\/wp-json\/wp\/v2\/product\/8569","targetHints":{"allow":["GET"]}}],"collection":[{"href":"https:\/\/fenixtravel.co\/en\/wp-json\/wp\/v2\/product"}],"about":[{"href":"https:\/\/fenixtravel.co\/en\/wp-json\/wp\/v2\/types\/product"}],"replies":[{"embeddable":true,"href":"https:\/\/fenixtravel.co\/en\/wp-json\/wp\/v2\/comments?post=8569"}],"version-history":[{"count":1,"href":"https:\/\/fenixtravel.co\/en\/wp-json\/wp\/v2\/product\/8569\/revisions"}],"predecessor-version":[{"id":12575,"href":"https:\/\/fenixtravel.co\/en\/wp-json\/wp\/v2\/product\/8569\/revisions\/12575"}],"wp:featuredmedia":[{"embeddable":true,"href":"https:\/\/fenixtravel.co\/en\/wp-json\/wp\/v2\/media\/10837"}],"wp:attachment":[{"href":"https:\/\/fenixtravel.co\/en\/wp-json\/wp\/v2\/media?parent=8569"}],"wp:term":[{"taxonomy":"product_cat","embeddable":true,"href":"https:\/\/fenixtravel.co\/en\/wp-json\/wp\/v2\/product_cat?post=8569"},{"taxonomy":"product_tag","embeddable":true,"href":"https:\/\/fenixtravel.co\/en\/wp-json\/wp\/v2\/product_tag?post=8569"}],"curies":[{"name":"wp","href":"https:\/\/api.w.org\/{rel}","templated":true}]}}