{"id":8566,"date":"2023-10-04T14:32:09","date_gmt":"2023-10-04T14:32:09","guid":{"rendered":"https:\/\/fenixtravel.co\/?post_type=product&#038;p=8566"},"modified":"2025-05-19T19:44:38","modified_gmt":"2025-05-19T19:44:38","slug":"aruba","status":"publish","type":"product","link":"https:\/\/fenixtravel.co\/en\/product\/aruba\/","title":{"rendered":"Aruba"},"content":{"rendered":"<p><b>DESDE 4.475.000 POR PERSONA EN ACOMODACI\u00d3N DOBLE<\/b><\/p>\n<p><span style=\"font-weight: 400;\">Aruba, una peque\u00f1a isla del Caribe holand\u00e9s frente a las costas de Venezuela, tiene un clima seco y soleado, playas claras y un oleaje suave. \u00a0La influencia europea se nota en la arquitectura con techos neerlandeses de dos aguas pintados en tonos pasteles tropicales. Tambi\u00e9n es evidente en el idioma, ya que el ingl\u00e9s, el neerland\u00e9s y el espa\u00f1ol se hablan junto con la lengua local, el papiamento<\/span><span style=\"font-weight: 400;\">.<\/span><\/p>","protected":false},"excerpt":{"rendered":"<p>DESDE 4.475.000 POR PERSONA EN ACOMODACI\u00d3N DOBLE Aruba, una peque\u00f1a isla del Caribe holand\u00e9s frente a las costas de Venezuela, tiene un clima seco y soleado, playas claras y un oleaje suave. \u00a0La influencia europea se nota en la arquitectura con techos neerlandeses de dos aguas pintados en tonos pasteles tropicales. Tambi\u00e9n es evidente en [&hellip;]<\/p>","protected":false},"featured_media":9449,"comment_status":"open","ping_status":"closed","template":"","meta":{"_acf_changed":false,"om_disable_all_campaigns":false,"_monsterinsights_skip_tracking":false,"_monsterinsights_sitenote_active":false,"_monsterinsights_sitenote_note":"","_monsterinsights_sitenote_category":0},"product_cat":[80,73],"product_tag":[],"class_list":["post-8566","product","type-product","status-publish","has-post-thumbnail","hentry","product_cat-internacionales","product_cat-todos"],"acf":[],"aioseo_notices":[],"yoast_head":"<!-- This site is optimized with the Yoast SEO plugin v26.7 - https:\/\/yoast.com\/wordpress\/plugins\/seo\/ -->\n<title>Aruba - fenixtravel.co<\/title>\n<meta name=\"robots\" content=\"index, follow, max-snippet:-1, max-image-preview:large, max-video-preview:-1\" \/>\n<link rel=\"canonical\" href=\"https:\/\/fenixtravel.co\/en\/product\/aruba\/\" \/>\n<meta property=\"og:locale\" content=\"en_US\" \/>\n<meta property=\"og:type\" content=\"article\" \/>\n<meta property=\"og:title\" content=\"Aruba - fenixtravel.co\" \/>\n<meta property=\"og:description\" content=\"DESDE 4.475.000 POR PERSONA EN ACOMODACI\u00d3N DOBLE Aruba, una peque\u00f1a isla del Caribe holand\u00e9s frente a las costas de Venezuela, tiene un clima seco y soleado, playas claras y un oleaje suave. \u00a0La influencia europea se nota en la arquitectura con techos neerlandeses de dos aguas pintados en tonos pasteles tropicales. Tambi\u00e9n es evidente en [&hellip;]\" \/>\n<meta property=\"og:url\" content=\"https:\/\/fenixtravel.co\/en\/product\/aruba\/\" \/>\n<meta property=\"og:site_name\" content=\"fenixtravel.co\" \/>\n<meta property=\"article:publisher\" content=\"https:\/\/www.facebook.com\/FenixTravelCol\/?locale=es_LA\" \/>\n<meta property=\"article:modified_time\" content=\"2025-05-19T19:44:38+00:00\" \/>\n<meta property=\"og:image\" content=\"https:\/\/fenixtravel.co\/wp-content\/uploads\/2023\/10\/2-13-1024x683.jpg\" \/>\n\t<meta property=\"og:image:width\" content=\"1024\" \/>\n\t<meta property=\"og:image:height\" content=\"683\" \/>\n\t<meta property=\"og:image:type\" content=\"image\/jpeg\" \/>\n<meta name=\"twitter:card\" content=\"summary_large_image\" \/>\n<script type=\"application\/ld+json\" class=\"yoast-schema-graph\">{\"@context\":\"https:\/\/schema.org\",\"@graph\":[{\"@type\":\"WebPage\",\"@id\":\"https:\/\/fenixtravel.co\/producto\/aruba\/\",\"url\":\"https:\/\/fenixtravel.co\/producto\/aruba\/\",\"name\":\"Aruba - fenixtravel.co\",\"isPartOf\":{\"@id\":\"https:\/\/fenixtravel.co\/#website\"},\"primaryImageOfPage\":{\"@id\":\"https:\/\/fenixtravel.co\/producto\/aruba\/#primaryimage\"},\"image\":{\"@id\":\"https:\/\/fenixtravel.co\/producto\/aruba\/#primaryimage\"},\"thumbnailUrl\":\"https:\/\/fenixtravel.co\/wp-content\/uploads\/2023\/10\/2-13.jpg\",\"datePublished\":\"2023-10-04T14:32:09+00:00\",\"dateModified\":\"2025-05-19T19:44:38+00:00\",\"breadcrumb\":{\"@id\":\"https:\/\/fenixtravel.co\/producto\/aruba\/#breadcrumb\"},\"inLanguage\":\"en-US\",\"potentialAction\":[{\"@type\":\"ReadAction\",\"target\":[\"https:\/\/fenixtravel.co\/producto\/aruba\/\"]}]},{\"@type\":\"ImageObject\",\"inLanguage\":\"en-US\",\"@id\":\"https:\/\/fenixtravel.co\/producto\/aruba\/#primaryimage\",\"url\":\"https:\/\/fenixtravel.co\/wp-content\/uploads\/2023\/10\/2-13.jpg\",\"contentUrl\":\"https:\/\/fenixtravel.co\/wp-content\/uploads\/2023\/10\/2-13.jpg\",\"width\":1920,\"height\":1280},{\"@type\":\"BreadcrumbList\",\"@id\":\"https:\/\/fenixtravel.co\/producto\/aruba\/#breadcrumb\",\"itemListElement\":[{\"@type\":\"ListItem\",\"position\":1,\"name\":\"Portada\",\"item\":\"https:\/\/fenixtravel.co\/\"},{\"@type\":\"ListItem\",\"position\":2,\"name\":\"Shop\",\"item\":\"https:\/\/fenixtravel.co\/shop\/\"},{\"@type\":\"ListItem\",\"position\":3,\"name\":\"Aruba\"}]},{\"@type\":\"WebSite\",\"@id\":\"https:\/\/fenixtravel.co\/#website\",\"url\":\"https:\/\/fenixtravel.co\/\",\"name\":\"fenixtravel.co\",\"description\":\"\",\"publisher\":{\"@id\":\"https:\/\/fenixtravel.co\/#organization\"},\"potentialAction\":[{\"@type\":\"SearchAction\",\"target\":{\"@type\":\"EntryPoint\",\"urlTemplate\":\"https:\/\/fenixtravel.co\/?s={search_term_string}\"},\"query-input\":{\"@type\":\"PropertyValueSpecification\",\"valueRequired\":true,\"valueName\":\"search_term_string\"}}],\"inLanguage\":\"en-US\"},{\"@type\":\"Organization\",\"@id\":\"https:\/\/fenixtravel.co\/#organization\",\"name\":\"fenixtravel.co\",\"url\":\"https:\/\/fenixtravel.co\/\",\"logo\":{\"@type\":\"ImageObject\",\"inLanguage\":\"en-US\",\"@id\":\"https:\/\/fenixtravel.co\/#\/schema\/logo\/image\/\",\"url\":\"https:\/\/fenixtravel.co\/wp-content\/uploads\/2025\/04\/1.png\",\"contentUrl\":\"https:\/\/fenixtravel.co\/wp-content\/uploads\/2025\/04\/1.png\",\"width\":1287,\"height\":427,\"caption\":\"fenixtravel.co\"},\"image\":{\"@id\":\"https:\/\/fenixtravel.co\/#\/schema\/logo\/image\/\"},\"sameAs\":[\"https:\/\/www.facebook.com\/FenixTravelCol\/?locale=es_LA\",\"https:\/\/www.instagram.com\/fenixtraveltours\/?hl=es-la\"]}]}<\/script>\n<!-- \/ Yoast SEO plugin. -->","yoast_head_json":{"title":"Aruba - fenixtravel.co","robots":{"index":"index","follow":"follow","max-snippet":"max-snippet:-1","max-image-preview":"max-image-preview:large","max-video-preview":"max-video-preview:-1"},"canonical":"https:\/\/fenixtravel.co\/en\/product\/aruba\/","og_locale":"en_US","og_type":"article","og_title":"Aruba - fenixtravel.co","og_description":"DESDE 4.475.000 POR PERSONA EN ACOMODACI\u00d3N DOBLE Aruba, una peque\u00f1a isla del Caribe holand\u00e9s frente a las costas de Venezuela, tiene un clima seco y soleado, playas claras y un oleaje suave. \u00a0La influencia europea se nota en la arquitectura con techos neerlandeses de dos aguas pintados en tonos pasteles tropicales. Tambi\u00e9n es evidente en [&hellip;]","og_url":"https:\/\/fenixtravel.co\/en\/product\/aruba\/","og_site_name":"fenixtravel.co","article_publisher":"https:\/\/www.facebook.com\/FenixTravelCol\/?locale=es_LA","article_modified_time":"2025-05-19T19:44:38+00:00","og_image":[{"width":1024,"height":683,"url":"https:\/\/fenixtravel.co\/wp-content\/uploads\/2023\/10\/2-13-1024x683.jpg","type":"image\/jpeg"}],"twitter_card":"summary_large_image","schema":{"@context":"https:\/\/schema.org","@graph":[{"@type":"WebPage","@id":"https:\/\/fenixtravel.co\/producto\/aruba\/","url":"https:\/\/fenixtravel.co\/producto\/aruba\/","name":"Aruba - fenixtravel.co","isPartOf":{"@id":"https:\/\/fenixtravel.co\/#website"},"primaryImageOfPage":{"@id":"https:\/\/fenixtravel.co\/producto\/aruba\/#primaryimage"},"image":{"@id":"https:\/\/fenixtravel.co\/producto\/aruba\/#primaryimage"},"thumbnailUrl":"https:\/\/fenixtravel.co\/wp-content\/uploads\/2023\/10\/2-13.jpg","datePublished":"2023-10-04T14:32:09+00:00","dateModified":"2025-05-19T19:44:38+00:00","breadcrumb":{"@id":"https:\/\/fenixtravel.co\/producto\/aruba\/#breadcrumb"},"inLanguage":"en-US","potentialAction":[{"@type":"ReadAction","target":["https:\/\/fenixtravel.co\/producto\/aruba\/"]}]},{"@type":"ImageObject","inLanguage":"en-US","@id":"https:\/\/fenixtravel.co\/producto\/aruba\/#primaryimage","url":"https:\/\/fenixtravel.co\/wp-content\/uploads\/2023\/10\/2-13.jpg","contentUrl":"https:\/\/fenixtravel.co\/wp-content\/uploads\/2023\/10\/2-13.jpg","width":1920,"height":1280},{"@type":"BreadcrumbList","@id":"https:\/\/fenixtravel.co\/producto\/aruba\/#breadcrumb","itemListElement":[{"@type":"ListItem","position":1,"name":"Portada","item":"https:\/\/fenixtravel.co\/"},{"@type":"ListItem","position":2,"name":"Shop","item":"https:\/\/fenixtravel.co\/shop\/"},{"@type":"ListItem","position":3,"name":"Aruba"}]},{"@type":"WebSite","@id":"https:\/\/fenixtravel.co\/#website","url":"https:\/\/fenixtravel.co\/","name":"fenixtravel.co","description":"","publisher":{"@id":"https:\/\/fenixtravel.co\/#organization"},"potentialAction":[{"@type":"SearchAction","target":{"@type":"EntryPoint","urlTemplate":"https:\/\/fenixtravel.co\/?s={search_term_string}"},"query-input":{"@type":"PropertyValueSpecification","valueRequired":true,"valueName":"search_term_string"}}],"inLanguage":"en-US"},{"@type":"Organization","@id":"https:\/\/fenixtravel.co\/#organization","name":"fenixtravel.co","url":"https:\/\/fenixtravel.co\/","logo":{"@type":"ImageObject","inLanguage":"en-US","@id":"https:\/\/fenixtravel.co\/#\/schema\/logo\/image\/","url":"https:\/\/fenixtravel.co\/wp-content\/uploads\/2025\/04\/1.png","contentUrl":"https:\/\/fenixtravel.co\/wp-content\/uploads\/2025\/04\/1.png","width":1287,"height":427,"caption":"fenixtravel.co"},"image":{"@id":"https:\/\/fenixtravel.co\/#\/schema\/logo\/image\/"},"sameAs":["https:\/\/www.facebook.com\/FenixTravelCol\/?locale=es_LA","https:\/\/www.instagram.com\/fenixtraveltours\/?hl=es-la"]}]}},"_links":{"self":[{"href":"https:\/\/fenixtravel.co\/en\/wp-json\/wp\/v2\/product\/8566","targetHints":{"allow":["GET"]}}],"collection":[{"href":"https:\/\/fenixtravel.co\/en\/wp-json\/wp\/v2\/product"}],"about":[{"href":"https:\/\/fenixtravel.co\/en\/wp-json\/wp\/v2\/types\/product"}],"replies":[{"embeddable":true,"href":"https:\/\/fenixtravel.co\/en\/wp-json\/wp\/v2\/comments?post=8566"}],"version-history":[{"count":0,"href":"https:\/\/fenixtravel.co\/en\/wp-json\/wp\/v2\/product\/8566\/revisions"}],"wp:featuredmedia":[{"embeddable":true,"href":"https:\/\/fenixtravel.co\/en\/wp-json\/wp\/v2\/media\/9449"}],"wp:attachment":[{"href":"https:\/\/fenixtravel.co\/en\/wp-json\/wp\/v2\/media?parent=8566"}],"wp:term":[{"taxonomy":"product_cat","embeddable":true,"href":"https:\/\/fenixtravel.co\/en\/wp-json\/wp\/v2\/product_cat?post=8566"},{"taxonomy":"product_tag","embeddable":true,"href":"https:\/\/fenixtravel.co\/en\/wp-json\/wp\/v2\/product_tag?post=8566"}],"curies":[{"name":"wp","href":"https:\/\/api.w.org\/{rel}","templated":true}]}}