{"id":8561,"date":"2023-10-04T14:16:43","date_gmt":"2023-10-04T14:16:43","guid":{"rendered":"https:\/\/fenixtravel.co\/?post_type=product&#038;p=8561"},"modified":"2025-06-05T22:45:32","modified_gmt":"2025-06-05T22:45:32","slug":"bosque-de-gigantes","status":"publish","type":"product","link":"https:\/\/fenixtravel.co\/en\/product\/bosque-de-gigantes\/","title":{"rendered":"Forest of Giants, Toche and Mach\u00edn Volcano"},"content":{"rendered":"<p>Descubre un tesoro escondido en el paisaje rural de Ibagu\u00e9, en esta expedici\u00f3n podr\u00e1s contemplar el bosque de palma de cera m\u00e1s grande que tiene Colombia hogar de el loro orejiamarillo especie end\u00e9mica de nuestra regi\u00f3n. Adem\u00e1s, tendr\u00e1s la oportunidad de conocer el volc\u00e1n mach\u00edn considerado por los expertos como uno de los volcanes m\u00e1s peligrosos del mundo<\/p>","protected":false},"excerpt":{"rendered":"<p>Descubre un tesoro escondido en el paisaje rural de Ibagu\u00e9, en esta expedici\u00f3n podr\u00e1s contemplar el bosque de palma de cera m\u00e1s grande que tiene Colombia hogar de el loro orejiamarillo especie end\u00e9mica de nuestra regi\u00f3n. Adem\u00e1s, tendr\u00e1s la oportunidad de conocer el volc\u00e1n mach\u00edn considerado por los expertos como uno de los volcanes m\u00e1s [&hellip;]<\/p>","protected":false},"featured_media":11831,"comment_status":"open","ping_status":"closed","template":"","meta":{"_acf_changed":false,"om_disable_all_campaigns":false,"_monsterinsights_skip_tracking":false,"_monsterinsights_sitenote_active":false,"_monsterinsights_sitenote_note":"","_monsterinsights_sitenote_category":0},"product_cat":[73,56],"product_tag":[],"class_list":["post-8561","product","type-product","status-publish","has-post-thumbnail","hentry","product_cat-todos","product_cat-tolima"],"acf":[],"aioseo_notices":[],"yoast_head":"<!-- This site is optimized with the Yoast SEO plugin v26.7 - https:\/\/yoast.com\/wordpress\/plugins\/seo\/ -->\n<title>Bosque de gigantes, Toche y volc\u00e1n Mach\u00edn - fenixtravel.co<\/title>\n<meta name=\"robots\" content=\"index, follow, max-snippet:-1, max-image-preview:large, max-video-preview:-1\" \/>\n<link rel=\"canonical\" href=\"https:\/\/fenixtravel.co\/en\/product\/bosque-de-gigantes\/\" \/>\n<meta property=\"og:locale\" content=\"en_US\" \/>\n<meta property=\"og:type\" content=\"article\" \/>\n<meta property=\"og:title\" content=\"Bosque de gigantes, Toche y volc\u00e1n Mach\u00edn - fenixtravel.co\" \/>\n<meta property=\"og:description\" content=\"Descubre un tesoro escondido en el paisaje rural de Ibagu\u00e9, en esta expedici\u00f3n podr\u00e1s contemplar el bosque de palma de cera m\u00e1s grande que tiene Colombia hogar de el loro orejiamarillo especie end\u00e9mica de nuestra regi\u00f3n. Adem\u00e1s, tendr\u00e1s la oportunidad de conocer el volc\u00e1n mach\u00edn considerado por los expertos como uno de los volcanes m\u00e1s [&hellip;]\" \/>\n<meta property=\"og:url\" content=\"https:\/\/fenixtravel.co\/en\/product\/bosque-de-gigantes\/\" \/>\n<meta property=\"og:site_name\" content=\"fenixtravel.co\" \/>\n<meta property=\"article:publisher\" content=\"https:\/\/www.facebook.com\/FenixTravelCol\/?locale=es_LA\" \/>\n<meta property=\"article:modified_time\" content=\"2025-06-05T22:45:32+00:00\" \/>\n<meta property=\"og:image\" content=\"https:\/\/fenixtravel.co\/wp-content\/uploads\/2023\/10\/bosques4-1024x569.png\" \/>\n\t<meta property=\"og:image:width\" content=\"1024\" \/>\n\t<meta property=\"og:image:height\" content=\"569\" \/>\n\t<meta property=\"og:image:type\" content=\"image\/png\" \/>\n<meta name=\"twitter:card\" content=\"summary_large_image\" \/>\n<script type=\"application\/ld+json\" class=\"yoast-schema-graph\">{\"@context\":\"https:\/\/schema.org\",\"@graph\":[{\"@type\":\"WebPage\",\"@id\":\"https:\/\/fenixtravel.co\/producto\/bosque-de-gigantes\/\",\"url\":\"https:\/\/fenixtravel.co\/producto\/bosque-de-gigantes\/\",\"name\":\"Bosque de gigantes, Toche y volc\u00e1n Mach\u00edn - fenixtravel.co\",\"isPartOf\":{\"@id\":\"https:\/\/fenixtravel.co\/#website\"},\"primaryImageOfPage\":{\"@id\":\"https:\/\/fenixtravel.co\/producto\/bosque-de-gigantes\/#primaryimage\"},\"image\":{\"@id\":\"https:\/\/fenixtravel.co\/producto\/bosque-de-gigantes\/#primaryimage\"},\"thumbnailUrl\":\"https:\/\/fenixtravel.co\/wp-content\/uploads\/2023\/10\/bosques4.png\",\"datePublished\":\"2023-10-04T14:16:43+00:00\",\"dateModified\":\"2025-06-05T22:45:32+00:00\",\"breadcrumb\":{\"@id\":\"https:\/\/fenixtravel.co\/producto\/bosque-de-gigantes\/#breadcrumb\"},\"inLanguage\":\"en-US\",\"potentialAction\":[{\"@type\":\"ReadAction\",\"target\":[\"https:\/\/fenixtravel.co\/producto\/bosque-de-gigantes\/\"]}]},{\"@type\":\"ImageObject\",\"inLanguage\":\"en-US\",\"@id\":\"https:\/\/fenixtravel.co\/producto\/bosque-de-gigantes\/#primaryimage\",\"url\":\"https:\/\/fenixtravel.co\/wp-content\/uploads\/2023\/10\/bosques4.png\",\"contentUrl\":\"https:\/\/fenixtravel.co\/wp-content\/uploads\/2023\/10\/bosques4.png\",\"width\":1936,\"height\":1076},{\"@type\":\"BreadcrumbList\",\"@id\":\"https:\/\/fenixtravel.co\/producto\/bosque-de-gigantes\/#breadcrumb\",\"itemListElement\":[{\"@type\":\"ListItem\",\"position\":1,\"name\":\"Portada\",\"item\":\"https:\/\/fenixtravel.co\/\"},{\"@type\":\"ListItem\",\"position\":2,\"name\":\"Shop\",\"item\":\"https:\/\/fenixtravel.co\/shop\/\"},{\"@type\":\"ListItem\",\"position\":3,\"name\":\"Bosque de gigantes, Toche y volc\u00e1n Mach\u00edn\"}]},{\"@type\":\"WebSite\",\"@id\":\"https:\/\/fenixtravel.co\/#website\",\"url\":\"https:\/\/fenixtravel.co\/\",\"name\":\"fenixtravel.co\",\"description\":\"\",\"publisher\":{\"@id\":\"https:\/\/fenixtravel.co\/#organization\"},\"potentialAction\":[{\"@type\":\"SearchAction\",\"target\":{\"@type\":\"EntryPoint\",\"urlTemplate\":\"https:\/\/fenixtravel.co\/?s={search_term_string}\"},\"query-input\":{\"@type\":\"PropertyValueSpecification\",\"valueRequired\":true,\"valueName\":\"search_term_string\"}}],\"inLanguage\":\"en-US\"},{\"@type\":\"Organization\",\"@id\":\"https:\/\/fenixtravel.co\/#organization\",\"name\":\"fenixtravel.co\",\"url\":\"https:\/\/fenixtravel.co\/\",\"logo\":{\"@type\":\"ImageObject\",\"inLanguage\":\"en-US\",\"@id\":\"https:\/\/fenixtravel.co\/#\/schema\/logo\/image\/\",\"url\":\"https:\/\/fenixtravel.co\/wp-content\/uploads\/2025\/04\/1.png\",\"contentUrl\":\"https:\/\/fenixtravel.co\/wp-content\/uploads\/2025\/04\/1.png\",\"width\":1287,\"height\":427,\"caption\":\"fenixtravel.co\"},\"image\":{\"@id\":\"https:\/\/fenixtravel.co\/#\/schema\/logo\/image\/\"},\"sameAs\":[\"https:\/\/www.facebook.com\/FenixTravelCol\/?locale=es_LA\",\"https:\/\/www.instagram.com\/fenixtraveltours\/?hl=es-la\"]}]}<\/script>\n<!-- \/ Yoast SEO plugin. -->","yoast_head_json":{"title":"Bosque de gigantes, Toche y volc\u00e1n Mach\u00edn - fenixtravel.co","robots":{"index":"index","follow":"follow","max-snippet":"max-snippet:-1","max-image-preview":"max-image-preview:large","max-video-preview":"max-video-preview:-1"},"canonical":"https:\/\/fenixtravel.co\/en\/product\/bosque-de-gigantes\/","og_locale":"en_US","og_type":"article","og_title":"Bosque de gigantes, Toche y volc\u00e1n Mach\u00edn - fenixtravel.co","og_description":"Descubre un tesoro escondido en el paisaje rural de Ibagu\u00e9, en esta expedici\u00f3n podr\u00e1s contemplar el bosque de palma de cera m\u00e1s grande que tiene Colombia hogar de el loro orejiamarillo especie end\u00e9mica de nuestra regi\u00f3n. Adem\u00e1s, tendr\u00e1s la oportunidad de conocer el volc\u00e1n mach\u00edn considerado por los expertos como uno de los volcanes m\u00e1s [&hellip;]","og_url":"https:\/\/fenixtravel.co\/en\/product\/bosque-de-gigantes\/","og_site_name":"fenixtravel.co","article_publisher":"https:\/\/www.facebook.com\/FenixTravelCol\/?locale=es_LA","article_modified_time":"2025-06-05T22:45:32+00:00","og_image":[{"width":1024,"height":569,"url":"https:\/\/fenixtravel.co\/wp-content\/uploads\/2023\/10\/bosques4-1024x569.png","type":"image\/png"}],"twitter_card":"summary_large_image","schema":{"@context":"https:\/\/schema.org","@graph":[{"@type":"WebPage","@id":"https:\/\/fenixtravel.co\/producto\/bosque-de-gigantes\/","url":"https:\/\/fenixtravel.co\/producto\/bosque-de-gigantes\/","name":"Bosque de gigantes, Toche y volc\u00e1n Mach\u00edn - fenixtravel.co","isPartOf":{"@id":"https:\/\/fenixtravel.co\/#website"},"primaryImageOfPage":{"@id":"https:\/\/fenixtravel.co\/producto\/bosque-de-gigantes\/#primaryimage"},"image":{"@id":"https:\/\/fenixtravel.co\/producto\/bosque-de-gigantes\/#primaryimage"},"thumbnailUrl":"https:\/\/fenixtravel.co\/wp-content\/uploads\/2023\/10\/bosques4.png","datePublished":"2023-10-04T14:16:43+00:00","dateModified":"2025-06-05T22:45:32+00:00","breadcrumb":{"@id":"https:\/\/fenixtravel.co\/producto\/bosque-de-gigantes\/#breadcrumb"},"inLanguage":"en-US","potentialAction":[{"@type":"ReadAction","target":["https:\/\/fenixtravel.co\/producto\/bosque-de-gigantes\/"]}]},{"@type":"ImageObject","inLanguage":"en-US","@id":"https:\/\/fenixtravel.co\/producto\/bosque-de-gigantes\/#primaryimage","url":"https:\/\/fenixtravel.co\/wp-content\/uploads\/2023\/10\/bosques4.png","contentUrl":"https:\/\/fenixtravel.co\/wp-content\/uploads\/2023\/10\/bosques4.png","width":1936,"height":1076},{"@type":"BreadcrumbList","@id":"https:\/\/fenixtravel.co\/producto\/bosque-de-gigantes\/#breadcrumb","itemListElement":[{"@type":"ListItem","position":1,"name":"Portada","item":"https:\/\/fenixtravel.co\/"},{"@type":"ListItem","position":2,"name":"Shop","item":"https:\/\/fenixtravel.co\/shop\/"},{"@type":"ListItem","position":3,"name":"Bosque de gigantes, Toche y volc\u00e1n Mach\u00edn"}]},{"@type":"WebSite","@id":"https:\/\/fenixtravel.co\/#website","url":"https:\/\/fenixtravel.co\/","name":"fenixtravel.co","description":"","publisher":{"@id":"https:\/\/fenixtravel.co\/#organization"},"potentialAction":[{"@type":"SearchAction","target":{"@type":"EntryPoint","urlTemplate":"https:\/\/fenixtravel.co\/?s={search_term_string}"},"query-input":{"@type":"PropertyValueSpecification","valueRequired":true,"valueName":"search_term_string"}}],"inLanguage":"en-US"},{"@type":"Organization","@id":"https:\/\/fenixtravel.co\/#organization","name":"fenixtravel.co","url":"https:\/\/fenixtravel.co\/","logo":{"@type":"ImageObject","inLanguage":"en-US","@id":"https:\/\/fenixtravel.co\/#\/schema\/logo\/image\/","url":"https:\/\/fenixtravel.co\/wp-content\/uploads\/2025\/04\/1.png","contentUrl":"https:\/\/fenixtravel.co\/wp-content\/uploads\/2025\/04\/1.png","width":1287,"height":427,"caption":"fenixtravel.co"},"image":{"@id":"https:\/\/fenixtravel.co\/#\/schema\/logo\/image\/"},"sameAs":["https:\/\/www.facebook.com\/FenixTravelCol\/?locale=es_LA","https:\/\/www.instagram.com\/fenixtraveltours\/?hl=es-la"]}]}},"_links":{"self":[{"href":"https:\/\/fenixtravel.co\/en\/wp-json\/wp\/v2\/product\/8561","targetHints":{"allow":["GET"]}}],"collection":[{"href":"https:\/\/fenixtravel.co\/en\/wp-json\/wp\/v2\/product"}],"about":[{"href":"https:\/\/fenixtravel.co\/en\/wp-json\/wp\/v2\/types\/product"}],"replies":[{"embeddable":true,"href":"https:\/\/fenixtravel.co\/en\/wp-json\/wp\/v2\/comments?post=8561"}],"version-history":[{"count":1,"href":"https:\/\/fenixtravel.co\/en\/wp-json\/wp\/v2\/product\/8561\/revisions"}],"predecessor-version":[{"id":11833,"href":"https:\/\/fenixtravel.co\/en\/wp-json\/wp\/v2\/product\/8561\/revisions\/11833"}],"wp:featuredmedia":[{"embeddable":true,"href":"https:\/\/fenixtravel.co\/en\/wp-json\/wp\/v2\/media\/11831"}],"wp:attachment":[{"href":"https:\/\/fenixtravel.co\/en\/wp-json\/wp\/v2\/media?parent=8561"}],"wp:term":[{"taxonomy":"product_cat","embeddable":true,"href":"https:\/\/fenixtravel.co\/en\/wp-json\/wp\/v2\/product_cat?post=8561"},{"taxonomy":"product_tag","embeddable":true,"href":"https:\/\/fenixtravel.co\/en\/wp-json\/wp\/v2\/product_tag?post=8561"}],"curies":[{"name":"wp","href":"https:\/\/api.w.org\/{rel}","templated":true}]}}