{"id":8554,"date":"2023-10-04T13:37:42","date_gmt":"2023-10-04T13:37:42","guid":{"rendered":"https:\/\/fenixtravel.co\/?post_type=product&#038;p=8554"},"modified":"2025-06-05T22:26:02","modified_gmt":"2025-06-05T22:26:02","slug":"descubre-el-tolima-prado-ruta-mutis-canon-del-combeima","status":"publish","type":"product","link":"https:\/\/fenixtravel.co\/en\/product\/descubre-el-tolima-prado-ruta-mutis-canon-del-combeima\/","title":{"rendered":"Combeima Canyon and La Rivera Farm."},"content":{"rendered":"<p><strong>DESDE 608.300 POR PERSONA<\/strong><\/p>\n<p>Muy cerca de la ciudad de Ibagu\u00e9 se encuentra una de las zonas amortiguadoras del Parque Nacional los Nevados. El ca\u00f1\u00f3n del Combeima una zona rural de inigualable belleza paisaj\u00edstica donde podr\u00e1s conocer de cerca la cultura y gastronom\u00eda local. Adem\u00e1s, podr\u00e1s disfrutar de diferentes actividades al aire libre, avistamiento de aves, cabalgatas y senderismo.<\/p>","protected":false},"excerpt":{"rendered":"<p>DESDE 608.300 POR PERSONA Muy cerca de la ciudad de Ibagu\u00e9 se encuentra una de las zonas amortiguadoras del Parque Nacional los Nevados. El ca\u00f1\u00f3n del Combeima una zona rural de inigualable belleza paisaj\u00edstica donde podr\u00e1s conocer de cerca la cultura y gastronom\u00eda local. Adem\u00e1s, podr\u00e1s disfrutar de diferentes actividades al aire libre, avistamiento de [&hellip;]<\/p>","protected":false},"featured_media":11819,"comment_status":"open","ping_status":"closed","template":"","meta":{"_acf_changed":false,"om_disable_all_campaigns":false,"_monsterinsights_skip_tracking":false,"_monsterinsights_sitenote_active":false,"_monsterinsights_sitenote_note":"","_monsterinsights_sitenote_category":0},"product_cat":[73,56],"product_tag":[],"class_list":["post-8554","product","type-product","status-publish","has-post-thumbnail","hentry","product_cat-todos","product_cat-tolima"],"acf":[],"aioseo_notices":[],"yoast_head":"<!-- This site is optimized with the Yoast SEO plugin v26.7 - https:\/\/yoast.com\/wordpress\/plugins\/seo\/ -->\n<title>Ca\u00f1\u00f3n del Combeima y finca la Rivera. - fenixtravel.co<\/title>\n<meta name=\"robots\" content=\"index, follow, max-snippet:-1, max-image-preview:large, max-video-preview:-1\" \/>\n<link rel=\"canonical\" href=\"https:\/\/fenixtravel.co\/en\/product\/descubre-el-tolima-prado-ruta-mutis-canon-del-combeima\/\" \/>\n<meta property=\"og:locale\" content=\"en_US\" \/>\n<meta property=\"og:type\" content=\"article\" \/>\n<meta property=\"og:title\" content=\"Ca\u00f1\u00f3n del Combeima y finca la Rivera. - fenixtravel.co\" \/>\n<meta property=\"og:description\" content=\"DESDE 608.300 POR PERSONA Muy cerca de la ciudad de Ibagu\u00e9 se encuentra una de las zonas amortiguadoras del Parque Nacional los Nevados. El ca\u00f1\u00f3n del Combeima una zona rural de inigualable belleza paisaj\u00edstica donde podr\u00e1s conocer de cerca la cultura y gastronom\u00eda local. Adem\u00e1s, podr\u00e1s disfrutar de diferentes actividades al aire libre, avistamiento de [&hellip;]\" \/>\n<meta property=\"og:url\" content=\"https:\/\/fenixtravel.co\/en\/product\/descubre-el-tolima-prado-ruta-mutis-canon-del-combeima\/\" \/>\n<meta property=\"og:site_name\" content=\"fenixtravel.co\" \/>\n<meta property=\"article:publisher\" content=\"https:\/\/www.facebook.com\/FenixTravelCol\/?locale=es_LA\" \/>\n<meta property=\"article:modified_time\" content=\"2025-06-05T22:26:02+00:00\" \/>\n<meta property=\"og:image\" content=\"https:\/\/fenixtravel.co\/wp-content\/uploads\/2023\/10\/Canon-1-1024x579.png\" \/>\n\t<meta property=\"og:image:width\" content=\"1024\" \/>\n\t<meta property=\"og:image:height\" content=\"579\" \/>\n\t<meta property=\"og:image:type\" content=\"image\/png\" \/>\n<meta name=\"twitter:card\" content=\"summary_large_image\" \/>\n<script type=\"application\/ld+json\" class=\"yoast-schema-graph\">{\"@context\":\"https:\/\/schema.org\",\"@graph\":[{\"@type\":\"WebPage\",\"@id\":\"https:\/\/fenixtravel.co\/producto\/descubre-el-tolima-prado-ruta-mutis-canon-del-combeima\/\",\"url\":\"https:\/\/fenixtravel.co\/producto\/descubre-el-tolima-prado-ruta-mutis-canon-del-combeima\/\",\"name\":\"Ca\u00f1\u00f3n del Combeima y finca la Rivera. - fenixtravel.co\",\"isPartOf\":{\"@id\":\"https:\/\/fenixtravel.co\/#website\"},\"primaryImageOfPage\":{\"@id\":\"https:\/\/fenixtravel.co\/producto\/descubre-el-tolima-prado-ruta-mutis-canon-del-combeima\/#primaryimage\"},\"image\":{\"@id\":\"https:\/\/fenixtravel.co\/producto\/descubre-el-tolima-prado-ruta-mutis-canon-del-combeima\/#primaryimage\"},\"thumbnailUrl\":\"https:\/\/fenixtravel.co\/wp-content\/uploads\/2023\/10\/Canon-1.png\",\"datePublished\":\"2023-10-04T13:37:42+00:00\",\"dateModified\":\"2025-06-05T22:26:02+00:00\",\"breadcrumb\":{\"@id\":\"https:\/\/fenixtravel.co\/producto\/descubre-el-tolima-prado-ruta-mutis-canon-del-combeima\/#breadcrumb\"},\"inLanguage\":\"en-US\",\"potentialAction\":[{\"@type\":\"ReadAction\",\"target\":[\"https:\/\/fenixtravel.co\/producto\/descubre-el-tolima-prado-ruta-mutis-canon-del-combeima\/\"]}]},{\"@type\":\"ImageObject\",\"inLanguage\":\"en-US\",\"@id\":\"https:\/\/fenixtravel.co\/producto\/descubre-el-tolima-prado-ruta-mutis-canon-del-combeima\/#primaryimage\",\"url\":\"https:\/\/fenixtravel.co\/wp-content\/uploads\/2023\/10\/Canon-1.png\",\"contentUrl\":\"https:\/\/fenixtravel.co\/wp-content\/uploads\/2023\/10\/Canon-1.png\",\"width\":1922,\"height\":1086},{\"@type\":\"BreadcrumbList\",\"@id\":\"https:\/\/fenixtravel.co\/producto\/descubre-el-tolima-prado-ruta-mutis-canon-del-combeima\/#breadcrumb\",\"itemListElement\":[{\"@type\":\"ListItem\",\"position\":1,\"name\":\"Portada\",\"item\":\"https:\/\/fenixtravel.co\/\"},{\"@type\":\"ListItem\",\"position\":2,\"name\":\"Shop\",\"item\":\"https:\/\/fenixtravel.co\/shop\/\"},{\"@type\":\"ListItem\",\"position\":3,\"name\":\"Ca\u00f1\u00f3n del Combeima y finca la Rivera.\"}]},{\"@type\":\"WebSite\",\"@id\":\"https:\/\/fenixtravel.co\/#website\",\"url\":\"https:\/\/fenixtravel.co\/\",\"name\":\"fenixtravel.co\",\"description\":\"\",\"publisher\":{\"@id\":\"https:\/\/fenixtravel.co\/#organization\"},\"potentialAction\":[{\"@type\":\"SearchAction\",\"target\":{\"@type\":\"EntryPoint\",\"urlTemplate\":\"https:\/\/fenixtravel.co\/?s={search_term_string}\"},\"query-input\":{\"@type\":\"PropertyValueSpecification\",\"valueRequired\":true,\"valueName\":\"search_term_string\"}}],\"inLanguage\":\"en-US\"},{\"@type\":\"Organization\",\"@id\":\"https:\/\/fenixtravel.co\/#organization\",\"name\":\"fenixtravel.co\",\"url\":\"https:\/\/fenixtravel.co\/\",\"logo\":{\"@type\":\"ImageObject\",\"inLanguage\":\"en-US\",\"@id\":\"https:\/\/fenixtravel.co\/#\/schema\/logo\/image\/\",\"url\":\"https:\/\/fenixtravel.co\/wp-content\/uploads\/2025\/04\/1.png\",\"contentUrl\":\"https:\/\/fenixtravel.co\/wp-content\/uploads\/2025\/04\/1.png\",\"width\":1287,\"height\":427,\"caption\":\"fenixtravel.co\"},\"image\":{\"@id\":\"https:\/\/fenixtravel.co\/#\/schema\/logo\/image\/\"},\"sameAs\":[\"https:\/\/www.facebook.com\/FenixTravelCol\/?locale=es_LA\",\"https:\/\/www.instagram.com\/fenixtraveltours\/?hl=es-la\"]}]}<\/script>\n<!-- \/ Yoast SEO plugin. -->","yoast_head_json":{"title":"Ca\u00f1\u00f3n del Combeima y finca la Rivera. - fenixtravel.co","robots":{"index":"index","follow":"follow","max-snippet":"max-snippet:-1","max-image-preview":"max-image-preview:large","max-video-preview":"max-video-preview:-1"},"canonical":"https:\/\/fenixtravel.co\/en\/product\/descubre-el-tolima-prado-ruta-mutis-canon-del-combeima\/","og_locale":"en_US","og_type":"article","og_title":"Ca\u00f1\u00f3n del Combeima y finca la Rivera. - fenixtravel.co","og_description":"DESDE 608.300 POR PERSONA Muy cerca de la ciudad de Ibagu\u00e9 se encuentra una de las zonas amortiguadoras del Parque Nacional los Nevados. El ca\u00f1\u00f3n del Combeima una zona rural de inigualable belleza paisaj\u00edstica donde podr\u00e1s conocer de cerca la cultura y gastronom\u00eda local. Adem\u00e1s, podr\u00e1s disfrutar de diferentes actividades al aire libre, avistamiento de [&hellip;]","og_url":"https:\/\/fenixtravel.co\/en\/product\/descubre-el-tolima-prado-ruta-mutis-canon-del-combeima\/","og_site_name":"fenixtravel.co","article_publisher":"https:\/\/www.facebook.com\/FenixTravelCol\/?locale=es_LA","article_modified_time":"2025-06-05T22:26:02+00:00","og_image":[{"width":1024,"height":579,"url":"https:\/\/fenixtravel.co\/wp-content\/uploads\/2023\/10\/Canon-1-1024x579.png","type":"image\/png"}],"twitter_card":"summary_large_image","schema":{"@context":"https:\/\/schema.org","@graph":[{"@type":"WebPage","@id":"https:\/\/fenixtravel.co\/producto\/descubre-el-tolima-prado-ruta-mutis-canon-del-combeima\/","url":"https:\/\/fenixtravel.co\/producto\/descubre-el-tolima-prado-ruta-mutis-canon-del-combeima\/","name":"Ca\u00f1\u00f3n del Combeima y finca la Rivera. - fenixtravel.co","isPartOf":{"@id":"https:\/\/fenixtravel.co\/#website"},"primaryImageOfPage":{"@id":"https:\/\/fenixtravel.co\/producto\/descubre-el-tolima-prado-ruta-mutis-canon-del-combeima\/#primaryimage"},"image":{"@id":"https:\/\/fenixtravel.co\/producto\/descubre-el-tolima-prado-ruta-mutis-canon-del-combeima\/#primaryimage"},"thumbnailUrl":"https:\/\/fenixtravel.co\/wp-content\/uploads\/2023\/10\/Canon-1.png","datePublished":"2023-10-04T13:37:42+00:00","dateModified":"2025-06-05T22:26:02+00:00","breadcrumb":{"@id":"https:\/\/fenixtravel.co\/producto\/descubre-el-tolima-prado-ruta-mutis-canon-del-combeima\/#breadcrumb"},"inLanguage":"en-US","potentialAction":[{"@type":"ReadAction","target":["https:\/\/fenixtravel.co\/producto\/descubre-el-tolima-prado-ruta-mutis-canon-del-combeima\/"]}]},{"@type":"ImageObject","inLanguage":"en-US","@id":"https:\/\/fenixtravel.co\/producto\/descubre-el-tolima-prado-ruta-mutis-canon-del-combeima\/#primaryimage","url":"https:\/\/fenixtravel.co\/wp-content\/uploads\/2023\/10\/Canon-1.png","contentUrl":"https:\/\/fenixtravel.co\/wp-content\/uploads\/2023\/10\/Canon-1.png","width":1922,"height":1086},{"@type":"BreadcrumbList","@id":"https:\/\/fenixtravel.co\/producto\/descubre-el-tolima-prado-ruta-mutis-canon-del-combeima\/#breadcrumb","itemListElement":[{"@type":"ListItem","position":1,"name":"Portada","item":"https:\/\/fenixtravel.co\/"},{"@type":"ListItem","position":2,"name":"Shop","item":"https:\/\/fenixtravel.co\/shop\/"},{"@type":"ListItem","position":3,"name":"Ca\u00f1\u00f3n del Combeima y finca la Rivera."}]},{"@type":"WebSite","@id":"https:\/\/fenixtravel.co\/#website","url":"https:\/\/fenixtravel.co\/","name":"fenixtravel.co","description":"","publisher":{"@id":"https:\/\/fenixtravel.co\/#organization"},"potentialAction":[{"@type":"SearchAction","target":{"@type":"EntryPoint","urlTemplate":"https:\/\/fenixtravel.co\/?s={search_term_string}"},"query-input":{"@type":"PropertyValueSpecification","valueRequired":true,"valueName":"search_term_string"}}],"inLanguage":"en-US"},{"@type":"Organization","@id":"https:\/\/fenixtravel.co\/#organization","name":"fenixtravel.co","url":"https:\/\/fenixtravel.co\/","logo":{"@type":"ImageObject","inLanguage":"en-US","@id":"https:\/\/fenixtravel.co\/#\/schema\/logo\/image\/","url":"https:\/\/fenixtravel.co\/wp-content\/uploads\/2025\/04\/1.png","contentUrl":"https:\/\/fenixtravel.co\/wp-content\/uploads\/2025\/04\/1.png","width":1287,"height":427,"caption":"fenixtravel.co"},"image":{"@id":"https:\/\/fenixtravel.co\/#\/schema\/logo\/image\/"},"sameAs":["https:\/\/www.facebook.com\/FenixTravelCol\/?locale=es_LA","https:\/\/www.instagram.com\/fenixtraveltours\/?hl=es-la"]}]}},"_links":{"self":[{"href":"https:\/\/fenixtravel.co\/en\/wp-json\/wp\/v2\/product\/8554","targetHints":{"allow":["GET"]}}],"collection":[{"href":"https:\/\/fenixtravel.co\/en\/wp-json\/wp\/v2\/product"}],"about":[{"href":"https:\/\/fenixtravel.co\/en\/wp-json\/wp\/v2\/types\/product"}],"replies":[{"embeddable":true,"href":"https:\/\/fenixtravel.co\/en\/wp-json\/wp\/v2\/comments?post=8554"}],"version-history":[{"count":2,"href":"https:\/\/fenixtravel.co\/en\/wp-json\/wp\/v2\/product\/8554\/revisions"}],"predecessor-version":[{"id":11818,"href":"https:\/\/fenixtravel.co\/en\/wp-json\/wp\/v2\/product\/8554\/revisions\/11818"}],"wp:featuredmedia":[{"embeddable":true,"href":"https:\/\/fenixtravel.co\/en\/wp-json\/wp\/v2\/media\/11819"}],"wp:attachment":[{"href":"https:\/\/fenixtravel.co\/en\/wp-json\/wp\/v2\/media?parent=8554"}],"wp:term":[{"taxonomy":"product_cat","embeddable":true,"href":"https:\/\/fenixtravel.co\/en\/wp-json\/wp\/v2\/product_cat?post=8554"},{"taxonomy":"product_tag","embeddable":true,"href":"https:\/\/fenixtravel.co\/en\/wp-json\/wp\/v2\/product_tag?post=8554"}],"curies":[{"name":"wp","href":"https:\/\/api.w.org\/{rel}","templated":true}]}}