{"id":8546,"date":"2023-10-04T12:32:41","date_gmt":"2023-10-04T12:32:41","guid":{"rendered":"https:\/\/fenixtravel.co\/?post_type=product&#038;p=8546"},"modified":"2025-05-20T22:46:25","modified_gmt":"2025-05-20T22:46:25","slug":"avistamiento-de-ballenas-bahia-malaga","status":"publish","type":"product","link":"https:\/\/fenixtravel.co\/en\/product\/avistamiento-de-ballenas-bahia-malaga\/","title":{"rendered":"Whale Watching \u2014 M\u00e1laga Bay"},"content":{"rendered":"<p><strong>Acomodaci\u00f3n Doble incrementa $20.000 x persona<\/strong><\/p>\n<p><span style=\"font-weight: 400;\">El parque Nacional Natural Uramba Bah\u00eda M\u00e1laga es considerado una de las regiones con mayor biodiversidad del Planeta. Esta bah\u00eda de aguas tranquilas y profundas es el lugar ideal para que las ballenas jorobadas se reproduzcan<\/span><\/p>","protected":false},"excerpt":{"rendered":"<p><strong>Valor por persona: $ 699.000<\/strong><\/p>\n<p><strong>Valor ni\u00f1o de 5 a 9 a\u00f1os: $ 689.000<\/strong><\/p>\n<p><strong>Valor ni\u00f1o de 3 a 4 a\u00f1os: $ 350.000<\/strong><\/p>","protected":false},"featured_media":9419,"comment_status":"open","ping_status":"closed","template":"","meta":{"_acf_changed":false,"om_disable_all_campaigns":false,"_monsterinsights_skip_tracking":false,"_monsterinsights_sitenote_active":false,"_monsterinsights_sitenote_note":"","_monsterinsights_sitenote_category":0},"product_cat":[61,73],"product_tag":[],"class_list":["post-8546","product","type-product","status-publish","has-post-thumbnail","hentry","product_cat-naturaleza-aventura","product_cat-todos"],"acf":[],"aioseo_notices":[],"yoast_head":"<!-- This site is optimized with the Yoast SEO plugin v26.7 - https:\/\/yoast.com\/wordpress\/plugins\/seo\/ -->\n<title>Avistamiento De Ballenas\u2014Bah\u00eda M\u00e1laga - fenixtravel.co<\/title>\n<meta name=\"robots\" content=\"index, follow, max-snippet:-1, max-image-preview:large, max-video-preview:-1\" \/>\n<link rel=\"canonical\" href=\"https:\/\/fenixtravel.co\/en\/product\/avistamiento-de-ballenas-bahia-malaga\/\" \/>\n<meta property=\"og:locale\" content=\"en_US\" \/>\n<meta property=\"og:type\" content=\"article\" \/>\n<meta property=\"og:title\" content=\"Avistamiento De Ballenas\u2014Bah\u00eda M\u00e1laga - fenixtravel.co\" \/>\n<meta property=\"og:description\" content=\"Valor por persona: $ 699.000  Valor ni\u00f1o de 5 a 9 a\u00f1os: $ 689.000  Valor ni\u00f1o de 3 a 4 a\u00f1os: $ 350.000\" \/>\n<meta property=\"og:url\" content=\"https:\/\/fenixtravel.co\/en\/product\/avistamiento-de-ballenas-bahia-malaga\/\" \/>\n<meta property=\"og:site_name\" content=\"fenixtravel.co\" \/>\n<meta property=\"article:publisher\" content=\"https:\/\/www.facebook.com\/FenixTravelCol\/?locale=es_LA\" \/>\n<meta property=\"article:modified_time\" content=\"2025-05-20T22:46:25+00:00\" \/>\n<meta property=\"og:image\" content=\"https:\/\/fenixtravel.co\/wp-content\/uploads\/2024\/11\/3-1024x683.gif\" \/>\n\t<meta property=\"og:image:width\" content=\"1024\" \/>\n\t<meta property=\"og:image:height\" content=\"683\" \/>\n\t<meta property=\"og:image:type\" content=\"image\/gif\" \/>\n<meta name=\"twitter:card\" content=\"summary_large_image\" \/>\n<script type=\"application\/ld+json\" class=\"yoast-schema-graph\">{\"@context\":\"https:\/\/schema.org\",\"@graph\":[{\"@type\":\"WebPage\",\"@id\":\"https:\/\/fenixtravel.co\/producto\/avistamiento-de-ballenas-bahia-malaga\/\",\"url\":\"https:\/\/fenixtravel.co\/producto\/avistamiento-de-ballenas-bahia-malaga\/\",\"name\":\"Avistamiento De Ballenas\u2014Bah\u00eda M\u00e1laga - fenixtravel.co\",\"isPartOf\":{\"@id\":\"https:\/\/fenixtravel.co\/#website\"},\"primaryImageOfPage\":{\"@id\":\"https:\/\/fenixtravel.co\/producto\/avistamiento-de-ballenas-bahia-malaga\/#primaryimage\"},\"image\":{\"@id\":\"https:\/\/fenixtravel.co\/producto\/avistamiento-de-ballenas-bahia-malaga\/#primaryimage\"},\"thumbnailUrl\":\"https:\/\/fenixtravel.co\/wp-content\/uploads\/2024\/11\/3.gif\",\"datePublished\":\"2023-10-04T12:32:41+00:00\",\"dateModified\":\"2025-05-20T22:46:25+00:00\",\"breadcrumb\":{\"@id\":\"https:\/\/fenixtravel.co\/producto\/avistamiento-de-ballenas-bahia-malaga\/#breadcrumb\"},\"inLanguage\":\"en-US\",\"potentialAction\":[{\"@type\":\"ReadAction\",\"target\":[\"https:\/\/fenixtravel.co\/producto\/avistamiento-de-ballenas-bahia-malaga\/\"]}]},{\"@type\":\"ImageObject\",\"inLanguage\":\"en-US\",\"@id\":\"https:\/\/fenixtravel.co\/producto\/avistamiento-de-ballenas-bahia-malaga\/#primaryimage\",\"url\":\"https:\/\/fenixtravel.co\/wp-content\/uploads\/2024\/11\/3.gif\",\"contentUrl\":\"https:\/\/fenixtravel.co\/wp-content\/uploads\/2024\/11\/3.gif\",\"width\":1064,\"height\":710},{\"@type\":\"BreadcrumbList\",\"@id\":\"https:\/\/fenixtravel.co\/producto\/avistamiento-de-ballenas-bahia-malaga\/#breadcrumb\",\"itemListElement\":[{\"@type\":\"ListItem\",\"position\":1,\"name\":\"Portada\",\"item\":\"https:\/\/fenixtravel.co\/\"},{\"@type\":\"ListItem\",\"position\":2,\"name\":\"Shop\",\"item\":\"https:\/\/fenixtravel.co\/shop\/\"},{\"@type\":\"ListItem\",\"position\":3,\"name\":\"Avistamiento De Ballenas\u2014Bah\u00eda M\u00e1laga\"}]},{\"@type\":\"WebSite\",\"@id\":\"https:\/\/fenixtravel.co\/#website\",\"url\":\"https:\/\/fenixtravel.co\/\",\"name\":\"fenixtravel.co\",\"description\":\"\",\"publisher\":{\"@id\":\"https:\/\/fenixtravel.co\/#organization\"},\"potentialAction\":[{\"@type\":\"SearchAction\",\"target\":{\"@type\":\"EntryPoint\",\"urlTemplate\":\"https:\/\/fenixtravel.co\/?s={search_term_string}\"},\"query-input\":{\"@type\":\"PropertyValueSpecification\",\"valueRequired\":true,\"valueName\":\"search_term_string\"}}],\"inLanguage\":\"en-US\"},{\"@type\":\"Organization\",\"@id\":\"https:\/\/fenixtravel.co\/#organization\",\"name\":\"fenixtravel.co\",\"url\":\"https:\/\/fenixtravel.co\/\",\"logo\":{\"@type\":\"ImageObject\",\"inLanguage\":\"en-US\",\"@id\":\"https:\/\/fenixtravel.co\/#\/schema\/logo\/image\/\",\"url\":\"https:\/\/fenixtravel.co\/wp-content\/uploads\/2025\/04\/1.png\",\"contentUrl\":\"https:\/\/fenixtravel.co\/wp-content\/uploads\/2025\/04\/1.png\",\"width\":1287,\"height\":427,\"caption\":\"fenixtravel.co\"},\"image\":{\"@id\":\"https:\/\/fenixtravel.co\/#\/schema\/logo\/image\/\"},\"sameAs\":[\"https:\/\/www.facebook.com\/FenixTravelCol\/?locale=es_LA\",\"https:\/\/www.instagram.com\/fenixtraveltours\/?hl=es-la\"]}]}<\/script>\n<!-- \/ Yoast SEO plugin. -->","yoast_head_json":{"title":"Avistamiento De Ballenas\u2014Bah\u00eda M\u00e1laga - fenixtravel.co","robots":{"index":"index","follow":"follow","max-snippet":"max-snippet:-1","max-image-preview":"max-image-preview:large","max-video-preview":"max-video-preview:-1"},"canonical":"https:\/\/fenixtravel.co\/en\/product\/avistamiento-de-ballenas-bahia-malaga\/","og_locale":"en_US","og_type":"article","og_title":"Avistamiento De Ballenas\u2014Bah\u00eda M\u00e1laga - fenixtravel.co","og_description":"Valor por persona: $ 699.000  Valor ni\u00f1o de 5 a 9 a\u00f1os: $ 689.000  Valor ni\u00f1o de 3 a 4 a\u00f1os: $ 350.000","og_url":"https:\/\/fenixtravel.co\/en\/product\/avistamiento-de-ballenas-bahia-malaga\/","og_site_name":"fenixtravel.co","article_publisher":"https:\/\/www.facebook.com\/FenixTravelCol\/?locale=es_LA","article_modified_time":"2025-05-20T22:46:25+00:00","og_image":[{"width":1024,"height":683,"url":"https:\/\/fenixtravel.co\/wp-content\/uploads\/2024\/11\/3-1024x683.gif","type":"image\/gif"}],"twitter_card":"summary_large_image","schema":{"@context":"https:\/\/schema.org","@graph":[{"@type":"WebPage","@id":"https:\/\/fenixtravel.co\/producto\/avistamiento-de-ballenas-bahia-malaga\/","url":"https:\/\/fenixtravel.co\/producto\/avistamiento-de-ballenas-bahia-malaga\/","name":"Avistamiento De Ballenas\u2014Bah\u00eda M\u00e1laga - fenixtravel.co","isPartOf":{"@id":"https:\/\/fenixtravel.co\/#website"},"primaryImageOfPage":{"@id":"https:\/\/fenixtravel.co\/producto\/avistamiento-de-ballenas-bahia-malaga\/#primaryimage"},"image":{"@id":"https:\/\/fenixtravel.co\/producto\/avistamiento-de-ballenas-bahia-malaga\/#primaryimage"},"thumbnailUrl":"https:\/\/fenixtravel.co\/wp-content\/uploads\/2024\/11\/3.gif","datePublished":"2023-10-04T12:32:41+00:00","dateModified":"2025-05-20T22:46:25+00:00","breadcrumb":{"@id":"https:\/\/fenixtravel.co\/producto\/avistamiento-de-ballenas-bahia-malaga\/#breadcrumb"},"inLanguage":"en-US","potentialAction":[{"@type":"ReadAction","target":["https:\/\/fenixtravel.co\/producto\/avistamiento-de-ballenas-bahia-malaga\/"]}]},{"@type":"ImageObject","inLanguage":"en-US","@id":"https:\/\/fenixtravel.co\/producto\/avistamiento-de-ballenas-bahia-malaga\/#primaryimage","url":"https:\/\/fenixtravel.co\/wp-content\/uploads\/2024\/11\/3.gif","contentUrl":"https:\/\/fenixtravel.co\/wp-content\/uploads\/2024\/11\/3.gif","width":1064,"height":710},{"@type":"BreadcrumbList","@id":"https:\/\/fenixtravel.co\/producto\/avistamiento-de-ballenas-bahia-malaga\/#breadcrumb","itemListElement":[{"@type":"ListItem","position":1,"name":"Portada","item":"https:\/\/fenixtravel.co\/"},{"@type":"ListItem","position":2,"name":"Shop","item":"https:\/\/fenixtravel.co\/shop\/"},{"@type":"ListItem","position":3,"name":"Avistamiento De Ballenas\u2014Bah\u00eda M\u00e1laga"}]},{"@type":"WebSite","@id":"https:\/\/fenixtravel.co\/#website","url":"https:\/\/fenixtravel.co\/","name":"fenixtravel.co","description":"","publisher":{"@id":"https:\/\/fenixtravel.co\/#organization"},"potentialAction":[{"@type":"SearchAction","target":{"@type":"EntryPoint","urlTemplate":"https:\/\/fenixtravel.co\/?s={search_term_string}"},"query-input":{"@type":"PropertyValueSpecification","valueRequired":true,"valueName":"search_term_string"}}],"inLanguage":"en-US"},{"@type":"Organization","@id":"https:\/\/fenixtravel.co\/#organization","name":"fenixtravel.co","url":"https:\/\/fenixtravel.co\/","logo":{"@type":"ImageObject","inLanguage":"en-US","@id":"https:\/\/fenixtravel.co\/#\/schema\/logo\/image\/","url":"https:\/\/fenixtravel.co\/wp-content\/uploads\/2025\/04\/1.png","contentUrl":"https:\/\/fenixtravel.co\/wp-content\/uploads\/2025\/04\/1.png","width":1287,"height":427,"caption":"fenixtravel.co"},"image":{"@id":"https:\/\/fenixtravel.co\/#\/schema\/logo\/image\/"},"sameAs":["https:\/\/www.facebook.com\/FenixTravelCol\/?locale=es_LA","https:\/\/www.instagram.com\/fenixtraveltours\/?hl=es-la"]}]}},"_links":{"self":[{"href":"https:\/\/fenixtravel.co\/en\/wp-json\/wp\/v2\/product\/8546","targetHints":{"allow":["GET"]}}],"collection":[{"href":"https:\/\/fenixtravel.co\/en\/wp-json\/wp\/v2\/product"}],"about":[{"href":"https:\/\/fenixtravel.co\/en\/wp-json\/wp\/v2\/types\/product"}],"replies":[{"embeddable":true,"href":"https:\/\/fenixtravel.co\/en\/wp-json\/wp\/v2\/comments?post=8546"}],"version-history":[{"count":0,"href":"https:\/\/fenixtravel.co\/en\/wp-json\/wp\/v2\/product\/8546\/revisions"}],"wp:featuredmedia":[{"embeddable":true,"href":"https:\/\/fenixtravel.co\/en\/wp-json\/wp\/v2\/media\/9419"}],"wp:attachment":[{"href":"https:\/\/fenixtravel.co\/en\/wp-json\/wp\/v2\/media?parent=8546"}],"wp:term":[{"taxonomy":"product_cat","embeddable":true,"href":"https:\/\/fenixtravel.co\/en\/wp-json\/wp\/v2\/product_cat?post=8546"},{"taxonomy":"product_tag","embeddable":true,"href":"https:\/\/fenixtravel.co\/en\/wp-json\/wp\/v2\/product_tag?post=8546"}],"curies":[{"name":"wp","href":"https:\/\/api.w.org\/{rel}","templated":true}]}}