{"id":8538,"date":"2023-10-04T11:45:10","date_gmt":"2023-10-04T11:45:10","guid":{"rendered":"https:\/\/fenixtravel.co\/?post_type=product&#038;p=8538"},"modified":"2026-02-19T02:25:55","modified_gmt":"2026-02-19T02:25:55","slug":"la-guajira","status":"publish","type":"product","link":"https:\/\/fenixtravel.co\/en\/product\/la-guajira\/","title":{"rendered":"La guajira"},"content":{"rendered":"<p><b>DESDE 1.010.000 POR PERSONA EN ACOMODACI\u00d3N TRIPLE<\/b><\/p>\n<p><span style=\"font-weight: 400;\">La Guajira queda ubicada en el mar Caribe y abarca la mayor parte de la pen\u00ednsula de La Guajira. Se distingue por sus paisajes des\u00e9rticos, las dunas de arena gigantes y las haciendas y las villas pesqueras remotas del pueblo ind\u00edgena wayuu. La ciudad capital, Riohacha, tiene una costa bordeada de palmeras, playas y puestos de artesan\u00eda, y sirve como v\u00eda de acceso para el turismo aventura en la regi\u00f3n.<\/span><\/p>","protected":false},"excerpt":{"rendered":"<p>DESDE 1.010.000 POR PERSONA EN ACOMODACI\u00d3N TRIPLE La Guajira queda ubicada en el mar Caribe y abarca la mayor parte de la pen\u00ednsula de La Guajira. Se distingue por sus paisajes des\u00e9rticos, las dunas de arena gigantes y las haciendas y las villas pesqueras remotas del pueblo ind\u00edgena wayuu. La ciudad capital, Riohacha, tiene una [&hellip;]<\/p>","protected":false},"featured_media":11836,"comment_status":"open","ping_status":"closed","template":"","meta":{"_acf_changed":false,"om_disable_all_campaigns":false,"_monsterinsights_skip_tracking":false,"_monsterinsights_sitenote_active":false,"_monsterinsights_sitenote_note":"","_monsterinsights_sitenote_category":0},"product_cat":[79,73],"product_tag":[],"class_list":["post-8538","product","type-product","status-publish","has-post-thumbnail","hentry","product_cat-sol-playa","product_cat-todos"],"acf":[],"aioseo_notices":[],"yoast_head":"<!-- This site is optimized with the Yoast SEO plugin v26.7 - https:\/\/yoast.com\/wordpress\/plugins\/seo\/ -->\n<title>La guajira - fenixtravel.co<\/title>\n<meta name=\"robots\" content=\"index, follow, max-snippet:-1, max-image-preview:large, max-video-preview:-1\" \/>\n<link rel=\"canonical\" href=\"https:\/\/fenixtravel.co\/en\/product\/la-guajira\/\" \/>\n<meta property=\"og:locale\" content=\"en_US\" \/>\n<meta property=\"og:type\" content=\"article\" \/>\n<meta property=\"og:title\" content=\"La guajira - fenixtravel.co\" \/>\n<meta property=\"og:description\" content=\"DESDE 1.010.000 POR PERSONA EN ACOMODACI\u00d3N TRIPLE La Guajira queda ubicada en el mar Caribe y abarca la mayor parte de la pen\u00ednsula de La Guajira. Se distingue por sus paisajes des\u00e9rticos, las dunas de arena gigantes y las haciendas y las villas pesqueras remotas del pueblo ind\u00edgena wayuu. La ciudad capital, Riohacha, tiene una [&hellip;]\" \/>\n<meta property=\"og:url\" content=\"https:\/\/fenixtravel.co\/en\/product\/la-guajira\/\" \/>\n<meta property=\"og:site_name\" content=\"fenixtravel.co\" \/>\n<meta property=\"article:publisher\" content=\"https:\/\/www.facebook.com\/FenixTravelCol\/?locale=es_LA\" \/>\n<meta property=\"article:modified_time\" content=\"2026-02-19T02:25:55+00:00\" \/>\n<meta property=\"og:image\" content=\"http:\/\/fenixtravel.co\/wp-content\/uploads\/2023\/10\/guajira7.png\" \/>\n\t<meta property=\"og:image:width\" content=\"1912\" \/>\n\t<meta property=\"og:image:height\" content=\"1122\" \/>\n\t<meta property=\"og:image:type\" content=\"image\/png\" \/>\n<meta name=\"twitter:card\" content=\"summary_large_image\" \/>\n<meta name=\"twitter:label1\" content=\"Est. reading time\" \/>\n\t<meta name=\"twitter:data1\" content=\"1 minute\" \/>\n<script type=\"application\/ld+json\" class=\"yoast-schema-graph\">{\"@context\":\"https:\/\/schema.org\",\"@graph\":[{\"@type\":\"WebPage\",\"@id\":\"https:\/\/fenixtravel.co\/producto\/la-guajira\/\",\"url\":\"https:\/\/fenixtravel.co\/producto\/la-guajira\/\",\"name\":\"La guajira - fenixtravel.co\",\"isPartOf\":{\"@id\":\"https:\/\/fenixtravel.co\/#website\"},\"primaryImageOfPage\":{\"@id\":\"https:\/\/fenixtravel.co\/producto\/la-guajira\/#primaryimage\"},\"image\":{\"@id\":\"https:\/\/fenixtravel.co\/producto\/la-guajira\/#primaryimage\"},\"thumbnailUrl\":\"https:\/\/fenixtravel.co\/wp-content\/uploads\/2023\/10\/guajira7.png\",\"datePublished\":\"2023-10-04T11:45:10+00:00\",\"dateModified\":\"2026-02-19T02:25:55+00:00\",\"breadcrumb\":{\"@id\":\"https:\/\/fenixtravel.co\/producto\/la-guajira\/#breadcrumb\"},\"inLanguage\":\"en-US\",\"potentialAction\":[{\"@type\":\"ReadAction\",\"target\":[\"https:\/\/fenixtravel.co\/producto\/la-guajira\/\"]}]},{\"@type\":\"ImageObject\",\"inLanguage\":\"en-US\",\"@id\":\"https:\/\/fenixtravel.co\/producto\/la-guajira\/#primaryimage\",\"url\":\"https:\/\/fenixtravel.co\/wp-content\/uploads\/2023\/10\/guajira7.png\",\"contentUrl\":\"https:\/\/fenixtravel.co\/wp-content\/uploads\/2023\/10\/guajira7.png\",\"width\":1912,\"height\":1122},{\"@type\":\"BreadcrumbList\",\"@id\":\"https:\/\/fenixtravel.co\/producto\/la-guajira\/#breadcrumb\",\"itemListElement\":[{\"@type\":\"ListItem\",\"position\":1,\"name\":\"Portada\",\"item\":\"https:\/\/fenixtravel.co\/\"},{\"@type\":\"ListItem\",\"position\":2,\"name\":\"Shop\",\"item\":\"https:\/\/fenixtravel.co\/shop\/\"},{\"@type\":\"ListItem\",\"position\":3,\"name\":\"La guajira\"}]},{\"@type\":\"WebSite\",\"@id\":\"https:\/\/fenixtravel.co\/#website\",\"url\":\"https:\/\/fenixtravel.co\/\",\"name\":\"fenixtravel.co\",\"description\":\"\",\"publisher\":{\"@id\":\"https:\/\/fenixtravel.co\/#organization\"},\"potentialAction\":[{\"@type\":\"SearchAction\",\"target\":{\"@type\":\"EntryPoint\",\"urlTemplate\":\"https:\/\/fenixtravel.co\/?s={search_term_string}\"},\"query-input\":{\"@type\":\"PropertyValueSpecification\",\"valueRequired\":true,\"valueName\":\"search_term_string\"}}],\"inLanguage\":\"en-US\"},{\"@type\":\"Organization\",\"@id\":\"https:\/\/fenixtravel.co\/#organization\",\"name\":\"fenixtravel.co\",\"url\":\"https:\/\/fenixtravel.co\/\",\"logo\":{\"@type\":\"ImageObject\",\"inLanguage\":\"en-US\",\"@id\":\"https:\/\/fenixtravel.co\/#\/schema\/logo\/image\/\",\"url\":\"https:\/\/fenixtravel.co\/wp-content\/uploads\/2025\/04\/1.png\",\"contentUrl\":\"https:\/\/fenixtravel.co\/wp-content\/uploads\/2025\/04\/1.png\",\"width\":1287,\"height\":427,\"caption\":\"fenixtravel.co\"},\"image\":{\"@id\":\"https:\/\/fenixtravel.co\/#\/schema\/logo\/image\/\"},\"sameAs\":[\"https:\/\/www.facebook.com\/FenixTravelCol\/?locale=es_LA\",\"https:\/\/www.instagram.com\/fenixtraveltours\/?hl=es-la\"]}]}<\/script>\n<!-- \/ Yoast SEO plugin. -->","yoast_head_json":{"title":"La guajira - fenixtravel.co","robots":{"index":"index","follow":"follow","max-snippet":"max-snippet:-1","max-image-preview":"max-image-preview:large","max-video-preview":"max-video-preview:-1"},"canonical":"https:\/\/fenixtravel.co\/en\/product\/la-guajira\/","og_locale":"en_US","og_type":"article","og_title":"La guajira - fenixtravel.co","og_description":"DESDE 1.010.000 POR PERSONA EN ACOMODACI\u00d3N TRIPLE La Guajira queda ubicada en el mar Caribe y abarca la mayor parte de la pen\u00ednsula de La Guajira. Se distingue por sus paisajes des\u00e9rticos, las dunas de arena gigantes y las haciendas y las villas pesqueras remotas del pueblo ind\u00edgena wayuu. La ciudad capital, Riohacha, tiene una [&hellip;]","og_url":"https:\/\/fenixtravel.co\/en\/product\/la-guajira\/","og_site_name":"fenixtravel.co","article_publisher":"https:\/\/www.facebook.com\/FenixTravelCol\/?locale=es_LA","article_modified_time":"2026-02-19T02:25:55+00:00","og_image":[{"width":1912,"height":1122,"url":"http:\/\/fenixtravel.co\/wp-content\/uploads\/2023\/10\/guajira7.png","type":"image\/png"}],"twitter_card":"summary_large_image","twitter_misc":{"Est. reading time":"1 minute"},"schema":{"@context":"https:\/\/schema.org","@graph":[{"@type":"WebPage","@id":"https:\/\/fenixtravel.co\/producto\/la-guajira\/","url":"https:\/\/fenixtravel.co\/producto\/la-guajira\/","name":"La guajira - fenixtravel.co","isPartOf":{"@id":"https:\/\/fenixtravel.co\/#website"},"primaryImageOfPage":{"@id":"https:\/\/fenixtravel.co\/producto\/la-guajira\/#primaryimage"},"image":{"@id":"https:\/\/fenixtravel.co\/producto\/la-guajira\/#primaryimage"},"thumbnailUrl":"https:\/\/fenixtravel.co\/wp-content\/uploads\/2023\/10\/guajira7.png","datePublished":"2023-10-04T11:45:10+00:00","dateModified":"2026-02-19T02:25:55+00:00","breadcrumb":{"@id":"https:\/\/fenixtravel.co\/producto\/la-guajira\/#breadcrumb"},"inLanguage":"en-US","potentialAction":[{"@type":"ReadAction","target":["https:\/\/fenixtravel.co\/producto\/la-guajira\/"]}]},{"@type":"ImageObject","inLanguage":"en-US","@id":"https:\/\/fenixtravel.co\/producto\/la-guajira\/#primaryimage","url":"https:\/\/fenixtravel.co\/wp-content\/uploads\/2023\/10\/guajira7.png","contentUrl":"https:\/\/fenixtravel.co\/wp-content\/uploads\/2023\/10\/guajira7.png","width":1912,"height":1122},{"@type":"BreadcrumbList","@id":"https:\/\/fenixtravel.co\/producto\/la-guajira\/#breadcrumb","itemListElement":[{"@type":"ListItem","position":1,"name":"Portada","item":"https:\/\/fenixtravel.co\/"},{"@type":"ListItem","position":2,"name":"Shop","item":"https:\/\/fenixtravel.co\/shop\/"},{"@type":"ListItem","position":3,"name":"La guajira"}]},{"@type":"WebSite","@id":"https:\/\/fenixtravel.co\/#website","url":"https:\/\/fenixtravel.co\/","name":"fenixtravel.co","description":"","publisher":{"@id":"https:\/\/fenixtravel.co\/#organization"},"potentialAction":[{"@type":"SearchAction","target":{"@type":"EntryPoint","urlTemplate":"https:\/\/fenixtravel.co\/?s={search_term_string}"},"query-input":{"@type":"PropertyValueSpecification","valueRequired":true,"valueName":"search_term_string"}}],"inLanguage":"en-US"},{"@type":"Organization","@id":"https:\/\/fenixtravel.co\/#organization","name":"fenixtravel.co","url":"https:\/\/fenixtravel.co\/","logo":{"@type":"ImageObject","inLanguage":"en-US","@id":"https:\/\/fenixtravel.co\/#\/schema\/logo\/image\/","url":"https:\/\/fenixtravel.co\/wp-content\/uploads\/2025\/04\/1.png","contentUrl":"https:\/\/fenixtravel.co\/wp-content\/uploads\/2025\/04\/1.png","width":1287,"height":427,"caption":"fenixtravel.co"},"image":{"@id":"https:\/\/fenixtravel.co\/#\/schema\/logo\/image\/"},"sameAs":["https:\/\/www.facebook.com\/FenixTravelCol\/?locale=es_LA","https:\/\/www.instagram.com\/fenixtraveltours\/?hl=es-la"]}]}},"_links":{"self":[{"href":"https:\/\/fenixtravel.co\/en\/wp-json\/wp\/v2\/product\/8538","targetHints":{"allow":["GET"]}}],"collection":[{"href":"https:\/\/fenixtravel.co\/en\/wp-json\/wp\/v2\/product"}],"about":[{"href":"https:\/\/fenixtravel.co\/en\/wp-json\/wp\/v2\/types\/product"}],"replies":[{"embeddable":true,"href":"https:\/\/fenixtravel.co\/en\/wp-json\/wp\/v2\/comments?post=8538"}],"version-history":[{"count":2,"href":"https:\/\/fenixtravel.co\/en\/wp-json\/wp\/v2\/product\/8538\/revisions"}],"predecessor-version":[{"id":12655,"href":"https:\/\/fenixtravel.co\/en\/wp-json\/wp\/v2\/product\/8538\/revisions\/12655"}],"wp:featuredmedia":[{"embeddable":true,"href":"https:\/\/fenixtravel.co\/en\/wp-json\/wp\/v2\/media\/11836"}],"wp:attachment":[{"href":"https:\/\/fenixtravel.co\/en\/wp-json\/wp\/v2\/media?parent=8538"}],"wp:term":[{"taxonomy":"product_cat","embeddable":true,"href":"https:\/\/fenixtravel.co\/en\/wp-json\/wp\/v2\/product_cat?post=8538"},{"taxonomy":"product_tag","embeddable":true,"href":"https:\/\/fenixtravel.co\/en\/wp-json\/wp\/v2\/product_tag?post=8538"}],"curies":[{"name":"wp","href":"https:\/\/api.w.org\/{rel}","templated":true}]}}