{"id":8505,"date":"2023-10-04T02:42:57","date_gmt":"2023-10-04T02:42:57","guid":{"rendered":"https:\/\/fenixtravel.co\/?post_type=product&#038;p=8505"},"modified":"2026-02-19T02:19:54","modified_gmt":"2026-02-19T02:19:54","slug":"villa-de-leyva","status":"publish","type":"product","link":"https:\/\/fenixtravel.co\/en\/product\/villa-de-leyva\/","title":{"rendered":"Villa De Leyva &#8211; Boyac\u00e1"},"content":{"rendered":"<p>Esta excursi\u00f3n te llevar\u00e1 a uno de los pueblos patrimonio de Colombia ubicado en el departamento de Boyac\u00e1, podr\u00e1s conocer un poco de la historia y los hechos que marcaron la independencia de Colombia, visitando el Puente de Boyac\u00e1 y otros atractivos ubicados en los municipios de Sutamarchan, Chiquinquir\u00e1 y R\u00e1quira.<\/p>","protected":false},"excerpt":{"rendered":"<p>Esta excursi\u00f3n te llevar\u00e1 a uno de los pueblos patrimonio de Colombia ubicado en el departamento de Boyac\u00e1, podr\u00e1s conocer un poco de la historia y los hechos que marcaron la independencia de Colombia, visitando el Puente de Boyac\u00e1 y otros atractivos ubicados en los municipios de Sutamarchan, Chiquinquir\u00e1 y R\u00e1quira.<\/p>","protected":false},"featured_media":10955,"comment_status":"open","ping_status":"closed","template":"","meta":{"_acf_changed":false,"om_disable_all_campaigns":false,"_monsterinsights_skip_tracking":false,"_monsterinsights_sitenote_active":false,"_monsterinsights_sitenote_note":"","_monsterinsights_sitenote_category":0},"product_cat":[64,73],"product_tag":[],"class_list":["post-8505","product","type-product","status-publish","has-post-thumbnail","hentry","product_cat-colombiafenix-excursiones-por-colombia","product_cat-todos"],"acf":[],"aioseo_notices":[],"yoast_head":"<!-- This site is optimized with the Yoast SEO plugin v26.7 - https:\/\/yoast.com\/wordpress\/plugins\/seo\/ -->\n<title>Villa De Leyva - Boyac\u00e1 - fenixtravel.co<\/title>\n<meta name=\"robots\" content=\"index, follow, max-snippet:-1, max-image-preview:large, max-video-preview:-1\" \/>\n<link rel=\"canonical\" href=\"https:\/\/fenixtravel.co\/en\/product\/villa-de-leyva\/\" \/>\n<meta property=\"og:locale\" content=\"en_US\" \/>\n<meta property=\"og:type\" content=\"article\" \/>\n<meta property=\"og:title\" content=\"Villa De Leyva - Boyac\u00e1 - fenixtravel.co\" \/>\n<meta property=\"og:description\" content=\"Esta excursi\u00f3n te llevar\u00e1 a uno de los pueblos patrimonio de Colombia ubicado en el departamento de Boyac\u00e1, podr\u00e1s conocer un poco de la historia y los hechos que marcaron la independencia de Colombia, visitando el Puente de Boyac\u00e1 y otros atractivos ubicados en los municipios de Sutamarchan, Chiquinquir\u00e1 y R\u00e1quira.\" \/>\n<meta property=\"og:url\" content=\"https:\/\/fenixtravel.co\/en\/product\/villa-de-leyva\/\" \/>\n<meta property=\"og:site_name\" content=\"fenixtravel.co\" \/>\n<meta property=\"article:publisher\" content=\"https:\/\/www.facebook.com\/FenixTravelCol\/?locale=es_LA\" \/>\n<meta property=\"article:modified_time\" content=\"2026-02-19T02:19:54+00:00\" \/>\n<meta property=\"og:image\" content=\"http:\/\/fenixtravel.co\/wp-content\/uploads\/2025\/05\/raquira-1024x588.png\" \/>\n\t<meta property=\"og:image:width\" content=\"1024\" \/>\n\t<meta property=\"og:image:height\" content=\"588\" \/>\n\t<meta property=\"og:image:type\" content=\"image\/png\" \/>\n<meta name=\"twitter:card\" content=\"summary_large_image\" \/>\n<meta name=\"twitter:label1\" content=\"Est. reading time\" \/>\n\t<meta name=\"twitter:data1\" content=\"1 minute\" \/>\n<script type=\"application\/ld+json\" class=\"yoast-schema-graph\">{\"@context\":\"https:\/\/schema.org\",\"@graph\":[{\"@type\":\"WebPage\",\"@id\":\"https:\/\/fenixtravel.co\/producto\/villa-de-leyva\/\",\"url\":\"https:\/\/fenixtravel.co\/producto\/villa-de-leyva\/\",\"name\":\"Villa De Leyva - Boyac\u00e1 - fenixtravel.co\",\"isPartOf\":{\"@id\":\"https:\/\/fenixtravel.co\/#website\"},\"primaryImageOfPage\":{\"@id\":\"https:\/\/fenixtravel.co\/producto\/villa-de-leyva\/#primaryimage\"},\"image\":{\"@id\":\"https:\/\/fenixtravel.co\/producto\/villa-de-leyva\/#primaryimage\"},\"thumbnailUrl\":\"https:\/\/fenixtravel.co\/wp-content\/uploads\/2025\/05\/raquira.png\",\"datePublished\":\"2023-10-04T02:42:57+00:00\",\"dateModified\":\"2026-02-19T02:19:54+00:00\",\"breadcrumb\":{\"@id\":\"https:\/\/fenixtravel.co\/producto\/villa-de-leyva\/#breadcrumb\"},\"inLanguage\":\"en-US\",\"potentialAction\":[{\"@type\":\"ReadAction\",\"target\":[\"https:\/\/fenixtravel.co\/producto\/villa-de-leyva\/\"]}]},{\"@type\":\"ImageObject\",\"inLanguage\":\"en-US\",\"@id\":\"https:\/\/fenixtravel.co\/producto\/villa-de-leyva\/#primaryimage\",\"url\":\"https:\/\/fenixtravel.co\/wp-content\/uploads\/2025\/05\/raquira.png\",\"contentUrl\":\"https:\/\/fenixtravel.co\/wp-content\/uploads\/2025\/05\/raquira.png\",\"width\":1944,\"height\":1116},{\"@type\":\"BreadcrumbList\",\"@id\":\"https:\/\/fenixtravel.co\/producto\/villa-de-leyva\/#breadcrumb\",\"itemListElement\":[{\"@type\":\"ListItem\",\"position\":1,\"name\":\"Portada\",\"item\":\"https:\/\/fenixtravel.co\/\"},{\"@type\":\"ListItem\",\"position\":2,\"name\":\"Shop\",\"item\":\"https:\/\/fenixtravel.co\/shop\/\"},{\"@type\":\"ListItem\",\"position\":3,\"name\":\"Villa De Leyva &#8211; Boyac\u00e1\"}]},{\"@type\":\"WebSite\",\"@id\":\"https:\/\/fenixtravel.co\/#website\",\"url\":\"https:\/\/fenixtravel.co\/\",\"name\":\"fenixtravel.co\",\"description\":\"\",\"publisher\":{\"@id\":\"https:\/\/fenixtravel.co\/#organization\"},\"potentialAction\":[{\"@type\":\"SearchAction\",\"target\":{\"@type\":\"EntryPoint\",\"urlTemplate\":\"https:\/\/fenixtravel.co\/?s={search_term_string}\"},\"query-input\":{\"@type\":\"PropertyValueSpecification\",\"valueRequired\":true,\"valueName\":\"search_term_string\"}}],\"inLanguage\":\"en-US\"},{\"@type\":\"Organization\",\"@id\":\"https:\/\/fenixtravel.co\/#organization\",\"name\":\"fenixtravel.co\",\"url\":\"https:\/\/fenixtravel.co\/\",\"logo\":{\"@type\":\"ImageObject\",\"inLanguage\":\"en-US\",\"@id\":\"https:\/\/fenixtravel.co\/#\/schema\/logo\/image\/\",\"url\":\"https:\/\/fenixtravel.co\/wp-content\/uploads\/2025\/04\/1.png\",\"contentUrl\":\"https:\/\/fenixtravel.co\/wp-content\/uploads\/2025\/04\/1.png\",\"width\":1287,\"height\":427,\"caption\":\"fenixtravel.co\"},\"image\":{\"@id\":\"https:\/\/fenixtravel.co\/#\/schema\/logo\/image\/\"},\"sameAs\":[\"https:\/\/www.facebook.com\/FenixTravelCol\/?locale=es_LA\",\"https:\/\/www.instagram.com\/fenixtraveltours\/?hl=es-la\"]}]}<\/script>\n<!-- \/ Yoast SEO plugin. -->","yoast_head_json":{"title":"Villa De Leyva - Boyac\u00e1 - fenixtravel.co","robots":{"index":"index","follow":"follow","max-snippet":"max-snippet:-1","max-image-preview":"max-image-preview:large","max-video-preview":"max-video-preview:-1"},"canonical":"https:\/\/fenixtravel.co\/en\/product\/villa-de-leyva\/","og_locale":"en_US","og_type":"article","og_title":"Villa De Leyva - Boyac\u00e1 - fenixtravel.co","og_description":"Esta excursi\u00f3n te llevar\u00e1 a uno de los pueblos patrimonio de Colombia ubicado en el departamento de Boyac\u00e1, podr\u00e1s conocer un poco de la historia y los hechos que marcaron la independencia de Colombia, visitando el Puente de Boyac\u00e1 y otros atractivos ubicados en los municipios de Sutamarchan, Chiquinquir\u00e1 y R\u00e1quira.","og_url":"https:\/\/fenixtravel.co\/en\/product\/villa-de-leyva\/","og_site_name":"fenixtravel.co","article_publisher":"https:\/\/www.facebook.com\/FenixTravelCol\/?locale=es_LA","article_modified_time":"2026-02-19T02:19:54+00:00","og_image":[{"width":1024,"height":588,"url":"http:\/\/fenixtravel.co\/wp-content\/uploads\/2025\/05\/raquira-1024x588.png","type":"image\/png"}],"twitter_card":"summary_large_image","twitter_misc":{"Est. reading time":"1 minute"},"schema":{"@context":"https:\/\/schema.org","@graph":[{"@type":"WebPage","@id":"https:\/\/fenixtravel.co\/producto\/villa-de-leyva\/","url":"https:\/\/fenixtravel.co\/producto\/villa-de-leyva\/","name":"Villa De Leyva - Boyac\u00e1 - fenixtravel.co","isPartOf":{"@id":"https:\/\/fenixtravel.co\/#website"},"primaryImageOfPage":{"@id":"https:\/\/fenixtravel.co\/producto\/villa-de-leyva\/#primaryimage"},"image":{"@id":"https:\/\/fenixtravel.co\/producto\/villa-de-leyva\/#primaryimage"},"thumbnailUrl":"https:\/\/fenixtravel.co\/wp-content\/uploads\/2025\/05\/raquira.png","datePublished":"2023-10-04T02:42:57+00:00","dateModified":"2026-02-19T02:19:54+00:00","breadcrumb":{"@id":"https:\/\/fenixtravel.co\/producto\/villa-de-leyva\/#breadcrumb"},"inLanguage":"en-US","potentialAction":[{"@type":"ReadAction","target":["https:\/\/fenixtravel.co\/producto\/villa-de-leyva\/"]}]},{"@type":"ImageObject","inLanguage":"en-US","@id":"https:\/\/fenixtravel.co\/producto\/villa-de-leyva\/#primaryimage","url":"https:\/\/fenixtravel.co\/wp-content\/uploads\/2025\/05\/raquira.png","contentUrl":"https:\/\/fenixtravel.co\/wp-content\/uploads\/2025\/05\/raquira.png","width":1944,"height":1116},{"@type":"BreadcrumbList","@id":"https:\/\/fenixtravel.co\/producto\/villa-de-leyva\/#breadcrumb","itemListElement":[{"@type":"ListItem","position":1,"name":"Portada","item":"https:\/\/fenixtravel.co\/"},{"@type":"ListItem","position":2,"name":"Shop","item":"https:\/\/fenixtravel.co\/shop\/"},{"@type":"ListItem","position":3,"name":"Villa De Leyva &#8211; Boyac\u00e1"}]},{"@type":"WebSite","@id":"https:\/\/fenixtravel.co\/#website","url":"https:\/\/fenixtravel.co\/","name":"fenixtravel.co","description":"","publisher":{"@id":"https:\/\/fenixtravel.co\/#organization"},"potentialAction":[{"@type":"SearchAction","target":{"@type":"EntryPoint","urlTemplate":"https:\/\/fenixtravel.co\/?s={search_term_string}"},"query-input":{"@type":"PropertyValueSpecification","valueRequired":true,"valueName":"search_term_string"}}],"inLanguage":"en-US"},{"@type":"Organization","@id":"https:\/\/fenixtravel.co\/#organization","name":"fenixtravel.co","url":"https:\/\/fenixtravel.co\/","logo":{"@type":"ImageObject","inLanguage":"en-US","@id":"https:\/\/fenixtravel.co\/#\/schema\/logo\/image\/","url":"https:\/\/fenixtravel.co\/wp-content\/uploads\/2025\/04\/1.png","contentUrl":"https:\/\/fenixtravel.co\/wp-content\/uploads\/2025\/04\/1.png","width":1287,"height":427,"caption":"fenixtravel.co"},"image":{"@id":"https:\/\/fenixtravel.co\/#\/schema\/logo\/image\/"},"sameAs":["https:\/\/www.facebook.com\/FenixTravelCol\/?locale=es_LA","https:\/\/www.instagram.com\/fenixtraveltours\/?hl=es-la"]}]}},"_links":{"self":[{"href":"https:\/\/fenixtravel.co\/en\/wp-json\/wp\/v2\/product\/8505","targetHints":{"allow":["GET"]}}],"collection":[{"href":"https:\/\/fenixtravel.co\/en\/wp-json\/wp\/v2\/product"}],"about":[{"href":"https:\/\/fenixtravel.co\/en\/wp-json\/wp\/v2\/types\/product"}],"replies":[{"embeddable":true,"href":"https:\/\/fenixtravel.co\/en\/wp-json\/wp\/v2\/comments?post=8505"}],"version-history":[{"count":1,"href":"https:\/\/fenixtravel.co\/en\/wp-json\/wp\/v2\/product\/8505\/revisions"}],"predecessor-version":[{"id":12652,"href":"https:\/\/fenixtravel.co\/en\/wp-json\/wp\/v2\/product\/8505\/revisions\/12652"}],"wp:featuredmedia":[{"embeddable":true,"href":"https:\/\/fenixtravel.co\/en\/wp-json\/wp\/v2\/media\/10955"}],"wp:attachment":[{"href":"https:\/\/fenixtravel.co\/en\/wp-json\/wp\/v2\/media?parent=8505"}],"wp:term":[{"taxonomy":"product_cat","embeddable":true,"href":"https:\/\/fenixtravel.co\/en\/wp-json\/wp\/v2\/product_cat?post=8505"},{"taxonomy":"product_tag","embeddable":true,"href":"https:\/\/fenixtravel.co\/en\/wp-json\/wp\/v2\/product_tag?post=8505"}],"curies":[{"name":"wp","href":"https:\/\/api.w.org\/{rel}","templated":true}]}}