{"id":8503,"date":"2023-10-04T02:35:01","date_gmt":"2023-10-04T02:35:01","guid":{"rendered":"https:\/\/fenixtravel.co\/?post_type=product&#038;p=8503"},"modified":"2026-02-19T02:09:13","modified_gmt":"2026-02-19T02:09:13","slug":"tour-hacienda-napoles-y-santorini","status":"publish","type":"product","link":"https:\/\/fenixtravel.co\/en\/product\/tour-hacienda-napoles-y-santorini\/","title":{"rendered":"Hacienda Napoles and Santorini Tour"},"content":{"rendered":"<p>Est\u00e1s listo para vivir la verdadera aventura salvaje, conocer\u00e1s uno de los parques tem\u00e1ticos m\u00e1s incre\u00edbles que tiene Colombia ubicado en el corregimiento de Doradal- Antioquia, prep\u00e1rate para conocer a Vanessa y sus amigos. Disfrutar de las atracciones acu\u00e1ticas y mec\u00e1nicas, sin lugar a duda un plan para disfrutar en familia.<\/p>","protected":false},"excerpt":{"rendered":"<p>Est\u00e1s listo para vivir la verdadera aventura salvaje, conocer\u00e1s uno de los parques tem\u00e1ticos m\u00e1s incre\u00edbles que tiene Colombia ubicado en el corregimiento de Doradal- Antioquia, prep\u00e1rate para conocer a Vanessa y sus amigos. Disfrutar de las atracciones acu\u00e1ticas y mec\u00e1nicas, sin lugar a duda un plan para disfrutar en familia.<\/p>","protected":false},"featured_media":9878,"comment_status":"open","ping_status":"closed","template":"","meta":{"_acf_changed":false,"om_disable_all_campaigns":false,"_monsterinsights_skip_tracking":false,"_monsterinsights_sitenote_active":false,"_monsterinsights_sitenote_note":"","_monsterinsights_sitenote_category":0},"product_cat":[64,73],"product_tag":[],"class_list":["post-8503","product","type-product","status-publish","has-post-thumbnail","hentry","product_cat-colombiafenix-excursiones-por-colombia","product_cat-todos"],"acf":[],"aioseo_notices":[],"yoast_head":"<!-- This site is optimized with the Yoast SEO plugin v26.7 - https:\/\/yoast.com\/wordpress\/plugins\/seo\/ -->\n<title>Tour Hacienda Napoles y Santorini - fenixtravel.co<\/title>\n<meta name=\"robots\" content=\"index, follow, max-snippet:-1, max-image-preview:large, max-video-preview:-1\" \/>\n<link rel=\"canonical\" href=\"https:\/\/fenixtravel.co\/en\/product\/tour-hacienda-napoles-y-santorini\/\" \/>\n<meta property=\"og:locale\" content=\"en_US\" \/>\n<meta property=\"og:type\" content=\"article\" \/>\n<meta property=\"og:title\" content=\"Tour Hacienda Napoles y Santorini - fenixtravel.co\" \/>\n<meta property=\"og:description\" content=\"Est\u00e1s listo para vivir la verdadera aventura salvaje, conocer\u00e1s uno de los parques tem\u00e1ticos m\u00e1s incre\u00edbles que tiene Colombia ubicado en el corregimiento de Doradal- Antioquia, prep\u00e1rate para conocer a Vanessa y sus amigos. Disfrutar de las atracciones acu\u00e1ticas y mec\u00e1nicas, sin lugar a duda un plan para disfrutar en familia.\" \/>\n<meta property=\"og:url\" content=\"https:\/\/fenixtravel.co\/en\/product\/tour-hacienda-napoles-y-santorini\/\" \/>\n<meta property=\"og:site_name\" content=\"fenixtravel.co\" \/>\n<meta property=\"article:publisher\" content=\"https:\/\/www.facebook.com\/FenixTravelCol\/?locale=es_LA\" \/>\n<meta property=\"article:modified_time\" content=\"2026-02-19T02:09:13+00:00\" \/>\n<meta property=\"og:image\" content=\"http:\/\/fenixtravel.co\/wp-content\/uploads\/2023\/10\/hacienda1-1024x592.png\" \/>\n\t<meta property=\"og:image:width\" content=\"1024\" \/>\n\t<meta property=\"og:image:height\" content=\"592\" \/>\n\t<meta property=\"og:image:type\" content=\"image\/png\" \/>\n<meta name=\"twitter:card\" content=\"summary_large_image\" \/>\n<meta name=\"twitter:label1\" content=\"Est. reading time\" \/>\n\t<meta name=\"twitter:data1\" content=\"1 minute\" \/>\n<script type=\"application\/ld+json\" class=\"yoast-schema-graph\">{\"@context\":\"https:\/\/schema.org\",\"@graph\":[{\"@type\":\"WebPage\",\"@id\":\"https:\/\/fenixtravel.co\/producto\/tour-hacienda-napoles-y-santorini\/\",\"url\":\"https:\/\/fenixtravel.co\/producto\/tour-hacienda-napoles-y-santorini\/\",\"name\":\"Tour Hacienda Napoles y Santorini - fenixtravel.co\",\"isPartOf\":{\"@id\":\"https:\/\/fenixtravel.co\/#website\"},\"primaryImageOfPage\":{\"@id\":\"https:\/\/fenixtravel.co\/producto\/tour-hacienda-napoles-y-santorini\/#primaryimage\"},\"image\":{\"@id\":\"https:\/\/fenixtravel.co\/producto\/tour-hacienda-napoles-y-santorini\/#primaryimage\"},\"thumbnailUrl\":\"https:\/\/fenixtravel.co\/wp-content\/uploads\/2023\/10\/hacienda1.png\",\"datePublished\":\"2023-10-04T02:35:01+00:00\",\"dateModified\":\"2026-02-19T02:09:13+00:00\",\"breadcrumb\":{\"@id\":\"https:\/\/fenixtravel.co\/producto\/tour-hacienda-napoles-y-santorini\/#breadcrumb\"},\"inLanguage\":\"en-US\",\"potentialAction\":[{\"@type\":\"ReadAction\",\"target\":[\"https:\/\/fenixtravel.co\/producto\/tour-hacienda-napoles-y-santorini\/\"]}]},{\"@type\":\"ImageObject\",\"inLanguage\":\"en-US\",\"@id\":\"https:\/\/fenixtravel.co\/producto\/tour-hacienda-napoles-y-santorini\/#primaryimage\",\"url\":\"https:\/\/fenixtravel.co\/wp-content\/uploads\/2023\/10\/hacienda1.png\",\"contentUrl\":\"https:\/\/fenixtravel.co\/wp-content\/uploads\/2023\/10\/hacienda1.png\",\"width\":1916,\"height\":1108},{\"@type\":\"BreadcrumbList\",\"@id\":\"https:\/\/fenixtravel.co\/producto\/tour-hacienda-napoles-y-santorini\/#breadcrumb\",\"itemListElement\":[{\"@type\":\"ListItem\",\"position\":1,\"name\":\"Portada\",\"item\":\"https:\/\/fenixtravel.co\/\"},{\"@type\":\"ListItem\",\"position\":2,\"name\":\"Shop\",\"item\":\"https:\/\/fenixtravel.co\/shop\/\"},{\"@type\":\"ListItem\",\"position\":3,\"name\":\"Tour Hacienda Napoles y Santorini\"}]},{\"@type\":\"WebSite\",\"@id\":\"https:\/\/fenixtravel.co\/#website\",\"url\":\"https:\/\/fenixtravel.co\/\",\"name\":\"fenixtravel.co\",\"description\":\"\",\"publisher\":{\"@id\":\"https:\/\/fenixtravel.co\/#organization\"},\"potentialAction\":[{\"@type\":\"SearchAction\",\"target\":{\"@type\":\"EntryPoint\",\"urlTemplate\":\"https:\/\/fenixtravel.co\/?s={search_term_string}\"},\"query-input\":{\"@type\":\"PropertyValueSpecification\",\"valueRequired\":true,\"valueName\":\"search_term_string\"}}],\"inLanguage\":\"en-US\"},{\"@type\":\"Organization\",\"@id\":\"https:\/\/fenixtravel.co\/#organization\",\"name\":\"fenixtravel.co\",\"url\":\"https:\/\/fenixtravel.co\/\",\"logo\":{\"@type\":\"ImageObject\",\"inLanguage\":\"en-US\",\"@id\":\"https:\/\/fenixtravel.co\/#\/schema\/logo\/image\/\",\"url\":\"https:\/\/fenixtravel.co\/wp-content\/uploads\/2025\/04\/1.png\",\"contentUrl\":\"https:\/\/fenixtravel.co\/wp-content\/uploads\/2025\/04\/1.png\",\"width\":1287,\"height\":427,\"caption\":\"fenixtravel.co\"},\"image\":{\"@id\":\"https:\/\/fenixtravel.co\/#\/schema\/logo\/image\/\"},\"sameAs\":[\"https:\/\/www.facebook.com\/FenixTravelCol\/?locale=es_LA\",\"https:\/\/www.instagram.com\/fenixtraveltours\/?hl=es-la\"]}]}<\/script>\n<!-- \/ Yoast SEO plugin. -->","yoast_head_json":{"title":"Tour Hacienda Napoles y Santorini - fenixtravel.co","robots":{"index":"index","follow":"follow","max-snippet":"max-snippet:-1","max-image-preview":"max-image-preview:large","max-video-preview":"max-video-preview:-1"},"canonical":"https:\/\/fenixtravel.co\/en\/product\/tour-hacienda-napoles-y-santorini\/","og_locale":"en_US","og_type":"article","og_title":"Tour Hacienda Napoles y Santorini - fenixtravel.co","og_description":"Est\u00e1s listo para vivir la verdadera aventura salvaje, conocer\u00e1s uno de los parques tem\u00e1ticos m\u00e1s incre\u00edbles que tiene Colombia ubicado en el corregimiento de Doradal- Antioquia, prep\u00e1rate para conocer a Vanessa y sus amigos. Disfrutar de las atracciones acu\u00e1ticas y mec\u00e1nicas, sin lugar a duda un plan para disfrutar en familia.","og_url":"https:\/\/fenixtravel.co\/en\/product\/tour-hacienda-napoles-y-santorini\/","og_site_name":"fenixtravel.co","article_publisher":"https:\/\/www.facebook.com\/FenixTravelCol\/?locale=es_LA","article_modified_time":"2026-02-19T02:09:13+00:00","og_image":[{"width":1024,"height":592,"url":"http:\/\/fenixtravel.co\/wp-content\/uploads\/2023\/10\/hacienda1-1024x592.png","type":"image\/png"}],"twitter_card":"summary_large_image","twitter_misc":{"Est. reading time":"1 minute"},"schema":{"@context":"https:\/\/schema.org","@graph":[{"@type":"WebPage","@id":"https:\/\/fenixtravel.co\/producto\/tour-hacienda-napoles-y-santorini\/","url":"https:\/\/fenixtravel.co\/producto\/tour-hacienda-napoles-y-santorini\/","name":"Tour Hacienda Napoles y Santorini - fenixtravel.co","isPartOf":{"@id":"https:\/\/fenixtravel.co\/#website"},"primaryImageOfPage":{"@id":"https:\/\/fenixtravel.co\/producto\/tour-hacienda-napoles-y-santorini\/#primaryimage"},"image":{"@id":"https:\/\/fenixtravel.co\/producto\/tour-hacienda-napoles-y-santorini\/#primaryimage"},"thumbnailUrl":"https:\/\/fenixtravel.co\/wp-content\/uploads\/2023\/10\/hacienda1.png","datePublished":"2023-10-04T02:35:01+00:00","dateModified":"2026-02-19T02:09:13+00:00","breadcrumb":{"@id":"https:\/\/fenixtravel.co\/producto\/tour-hacienda-napoles-y-santorini\/#breadcrumb"},"inLanguage":"en-US","potentialAction":[{"@type":"ReadAction","target":["https:\/\/fenixtravel.co\/producto\/tour-hacienda-napoles-y-santorini\/"]}]},{"@type":"ImageObject","inLanguage":"en-US","@id":"https:\/\/fenixtravel.co\/producto\/tour-hacienda-napoles-y-santorini\/#primaryimage","url":"https:\/\/fenixtravel.co\/wp-content\/uploads\/2023\/10\/hacienda1.png","contentUrl":"https:\/\/fenixtravel.co\/wp-content\/uploads\/2023\/10\/hacienda1.png","width":1916,"height":1108},{"@type":"BreadcrumbList","@id":"https:\/\/fenixtravel.co\/producto\/tour-hacienda-napoles-y-santorini\/#breadcrumb","itemListElement":[{"@type":"ListItem","position":1,"name":"Portada","item":"https:\/\/fenixtravel.co\/"},{"@type":"ListItem","position":2,"name":"Shop","item":"https:\/\/fenixtravel.co\/shop\/"},{"@type":"ListItem","position":3,"name":"Tour Hacienda Napoles y Santorini"}]},{"@type":"WebSite","@id":"https:\/\/fenixtravel.co\/#website","url":"https:\/\/fenixtravel.co\/","name":"fenixtravel.co","description":"","publisher":{"@id":"https:\/\/fenixtravel.co\/#organization"},"potentialAction":[{"@type":"SearchAction","target":{"@type":"EntryPoint","urlTemplate":"https:\/\/fenixtravel.co\/?s={search_term_string}"},"query-input":{"@type":"PropertyValueSpecification","valueRequired":true,"valueName":"search_term_string"}}],"inLanguage":"en-US"},{"@type":"Organization","@id":"https:\/\/fenixtravel.co\/#organization","name":"fenixtravel.co","url":"https:\/\/fenixtravel.co\/","logo":{"@type":"ImageObject","inLanguage":"en-US","@id":"https:\/\/fenixtravel.co\/#\/schema\/logo\/image\/","url":"https:\/\/fenixtravel.co\/wp-content\/uploads\/2025\/04\/1.png","contentUrl":"https:\/\/fenixtravel.co\/wp-content\/uploads\/2025\/04\/1.png","width":1287,"height":427,"caption":"fenixtravel.co"},"image":{"@id":"https:\/\/fenixtravel.co\/#\/schema\/logo\/image\/"},"sameAs":["https:\/\/www.facebook.com\/FenixTravelCol\/?locale=es_LA","https:\/\/www.instagram.com\/fenixtraveltours\/?hl=es-la"]}]}},"_links":{"self":[{"href":"https:\/\/fenixtravel.co\/en\/wp-json\/wp\/v2\/product\/8503","targetHints":{"allow":["GET"]}}],"collection":[{"href":"https:\/\/fenixtravel.co\/en\/wp-json\/wp\/v2\/product"}],"about":[{"href":"https:\/\/fenixtravel.co\/en\/wp-json\/wp\/v2\/types\/product"}],"replies":[{"embeddable":true,"href":"https:\/\/fenixtravel.co\/en\/wp-json\/wp\/v2\/comments?post=8503"}],"version-history":[{"count":1,"href":"https:\/\/fenixtravel.co\/en\/wp-json\/wp\/v2\/product\/8503\/revisions"}],"predecessor-version":[{"id":11804,"href":"https:\/\/fenixtravel.co\/en\/wp-json\/wp\/v2\/product\/8503\/revisions\/11804"}],"wp:featuredmedia":[{"embeddable":true,"href":"https:\/\/fenixtravel.co\/en\/wp-json\/wp\/v2\/media\/9878"}],"wp:attachment":[{"href":"https:\/\/fenixtravel.co\/en\/wp-json\/wp\/v2\/media?parent=8503"}],"wp:term":[{"taxonomy":"product_cat","embeddable":true,"href":"https:\/\/fenixtravel.co\/en\/wp-json\/wp\/v2\/product_cat?post=8503"},{"taxonomy":"product_tag","embeddable":true,"href":"https:\/\/fenixtravel.co\/en\/wp-json\/wp\/v2\/product_tag?post=8503"}],"curies":[{"name":"wp","href":"https:\/\/api.w.org\/{rel}","templated":true}]}}