{"id":8501,"date":"2023-10-04T02:20:55","date_gmt":"2023-10-04T02:20:55","guid":{"rendered":"https:\/\/fenixtravel.co\/?post_type=product&#038;p=8501"},"modified":"2026-02-19T02:15:15","modified_gmt":"2026-02-19T02:15:15","slug":"mano-de-gigante-y-termales-la-rivera","status":"publish","type":"product","link":"https:\/\/fenixtravel.co\/en\/product\/mano-de-gigante-y-termales-la-rivera\/","title":{"rendered":"Giant's Hand and La Rivera Hot Springs"},"content":{"rendered":"<p>La excursi\u00f3n al mirador la mano de gigante nos llevar\u00e1 por un sorprendente recorrido pro el sur del departamento del Huila, hasta el municipio de gigante donde apreciaremos el paisaje del valle del r\u00edo Magdalena, posteriormente tendr\u00e1s la oportunidad de disfrutar de un delicioso ba\u00f1o de agua termal.<\/p>","protected":false},"excerpt":{"rendered":"<p>La excursi\u00f3n al mirador la mano de gigante nos llevar\u00e1 por un sorprendente recorrido pro el sur del departamento del Huila, hasta el municipio de gigante donde apreciaremos el paisaje del valle del r\u00edo Magdalena, posteriormente tendr\u00e1s la oportunidad de disfrutar de un delicioso ba\u00f1o de agua termal.<\/p>","protected":false},"featured_media":9237,"comment_status":"open","ping_status":"closed","template":"","meta":{"_acf_changed":false,"om_disable_all_campaigns":false,"_monsterinsights_skip_tracking":false,"_monsterinsights_sitenote_active":false,"_monsterinsights_sitenote_note":"","_monsterinsights_sitenote_category":0},"product_cat":[64,73],"product_tag":[],"class_list":["post-8501","product","type-product","status-publish","has-post-thumbnail","hentry","product_cat-colombiafenix-excursiones-por-colombia","product_cat-todos"],"acf":[],"aioseo_notices":[],"yoast_head":"<!-- This site is optimized with the Yoast SEO plugin v26.7 - https:\/\/yoast.com\/wordpress\/plugins\/seo\/ -->\n<title>Mano De Gigante y Termales La Rivera - fenixtravel.co<\/title>\n<meta name=\"robots\" content=\"index, follow, max-snippet:-1, max-image-preview:large, max-video-preview:-1\" \/>\n<link rel=\"canonical\" href=\"https:\/\/fenixtravel.co\/en\/product\/mano-de-gigante-y-termales-la-rivera\/\" \/>\n<meta property=\"og:locale\" content=\"en_US\" \/>\n<meta property=\"og:type\" content=\"article\" \/>\n<meta property=\"og:title\" content=\"Mano De Gigante y Termales La Rivera - fenixtravel.co\" \/>\n<meta property=\"og:description\" content=\"La excursi\u00f3n al mirador la mano de gigante nos llevar\u00e1 por un sorprendente recorrido pro el sur del departamento del Huila, hasta el municipio de gigante donde apreciaremos el paisaje del valle del r\u00edo Magdalena, posteriormente tendr\u00e1s la oportunidad de disfrutar de un delicioso ba\u00f1o de agua termal.\" \/>\n<meta property=\"og:url\" content=\"https:\/\/fenixtravel.co\/en\/product\/mano-de-gigante-y-termales-la-rivera\/\" \/>\n<meta property=\"og:site_name\" content=\"fenixtravel.co\" \/>\n<meta property=\"article:publisher\" content=\"https:\/\/www.facebook.com\/FenixTravelCol\/?locale=es_LA\" \/>\n<meta property=\"article:modified_time\" content=\"2026-02-19T02:15:15+00:00\" \/>\n<meta property=\"og:image\" content=\"http:\/\/fenixtravel.co\/wp-content\/uploads\/2023\/10\/4-5-1024x737.jpg\" \/>\n\t<meta property=\"og:image:width\" content=\"1024\" \/>\n\t<meta property=\"og:image:height\" content=\"737\" \/>\n\t<meta property=\"og:image:type\" content=\"image\/jpeg\" \/>\n<meta name=\"twitter:card\" content=\"summary_large_image\" \/>\n<meta name=\"twitter:label1\" content=\"Est. reading time\" \/>\n\t<meta name=\"twitter:data1\" content=\"1 minute\" \/>\n<script type=\"application\/ld+json\" class=\"yoast-schema-graph\">{\"@context\":\"https:\/\/schema.org\",\"@graph\":[{\"@type\":\"WebPage\",\"@id\":\"https:\/\/fenixtravel.co\/producto\/mano-de-gigante-y-termales-la-rivera\/\",\"url\":\"https:\/\/fenixtravel.co\/producto\/mano-de-gigante-y-termales-la-rivera\/\",\"name\":\"Mano De Gigante y Termales La Rivera - fenixtravel.co\",\"isPartOf\":{\"@id\":\"https:\/\/fenixtravel.co\/#website\"},\"primaryImageOfPage\":{\"@id\":\"https:\/\/fenixtravel.co\/producto\/mano-de-gigante-y-termales-la-rivera\/#primaryimage\"},\"image\":{\"@id\":\"https:\/\/fenixtravel.co\/producto\/mano-de-gigante-y-termales-la-rivera\/#primaryimage\"},\"thumbnailUrl\":\"https:\/\/fenixtravel.co\/wp-content\/uploads\/2023\/10\/4-5.jpg\",\"datePublished\":\"2023-10-04T02:20:55+00:00\",\"dateModified\":\"2026-02-19T02:15:15+00:00\",\"breadcrumb\":{\"@id\":\"https:\/\/fenixtravel.co\/producto\/mano-de-gigante-y-termales-la-rivera\/#breadcrumb\"},\"inLanguage\":\"en-US\",\"potentialAction\":[{\"@type\":\"ReadAction\",\"target\":[\"https:\/\/fenixtravel.co\/producto\/mano-de-gigante-y-termales-la-rivera\/\"]}]},{\"@type\":\"ImageObject\",\"inLanguage\":\"en-US\",\"@id\":\"https:\/\/fenixtravel.co\/producto\/mano-de-gigante-y-termales-la-rivera\/#primaryimage\",\"url\":\"https:\/\/fenixtravel.co\/wp-content\/uploads\/2023\/10\/4-5.jpg\",\"contentUrl\":\"https:\/\/fenixtravel.co\/wp-content\/uploads\/2023\/10\/4-5.jpg\",\"width\":1920,\"height\":1382},{\"@type\":\"BreadcrumbList\",\"@id\":\"https:\/\/fenixtravel.co\/producto\/mano-de-gigante-y-termales-la-rivera\/#breadcrumb\",\"itemListElement\":[{\"@type\":\"ListItem\",\"position\":1,\"name\":\"Portada\",\"item\":\"https:\/\/fenixtravel.co\/\"},{\"@type\":\"ListItem\",\"position\":2,\"name\":\"Shop\",\"item\":\"https:\/\/fenixtravel.co\/shop\/\"},{\"@type\":\"ListItem\",\"position\":3,\"name\":\"Mano De Gigante y Termales La Rivera\"}]},{\"@type\":\"WebSite\",\"@id\":\"https:\/\/fenixtravel.co\/#website\",\"url\":\"https:\/\/fenixtravel.co\/\",\"name\":\"fenixtravel.co\",\"description\":\"\",\"publisher\":{\"@id\":\"https:\/\/fenixtravel.co\/#organization\"},\"potentialAction\":[{\"@type\":\"SearchAction\",\"target\":{\"@type\":\"EntryPoint\",\"urlTemplate\":\"https:\/\/fenixtravel.co\/?s={search_term_string}\"},\"query-input\":{\"@type\":\"PropertyValueSpecification\",\"valueRequired\":true,\"valueName\":\"search_term_string\"}}],\"inLanguage\":\"en-US\"},{\"@type\":\"Organization\",\"@id\":\"https:\/\/fenixtravel.co\/#organization\",\"name\":\"fenixtravel.co\",\"url\":\"https:\/\/fenixtravel.co\/\",\"logo\":{\"@type\":\"ImageObject\",\"inLanguage\":\"en-US\",\"@id\":\"https:\/\/fenixtravel.co\/#\/schema\/logo\/image\/\",\"url\":\"https:\/\/fenixtravel.co\/wp-content\/uploads\/2025\/04\/1.png\",\"contentUrl\":\"https:\/\/fenixtravel.co\/wp-content\/uploads\/2025\/04\/1.png\",\"width\":1287,\"height\":427,\"caption\":\"fenixtravel.co\"},\"image\":{\"@id\":\"https:\/\/fenixtravel.co\/#\/schema\/logo\/image\/\"},\"sameAs\":[\"https:\/\/www.facebook.com\/FenixTravelCol\/?locale=es_LA\",\"https:\/\/www.instagram.com\/fenixtraveltours\/?hl=es-la\"]}]}<\/script>\n<!-- \/ Yoast SEO plugin. -->","yoast_head_json":{"title":"Mano De Gigante y Termales La Rivera - fenixtravel.co","robots":{"index":"index","follow":"follow","max-snippet":"max-snippet:-1","max-image-preview":"max-image-preview:large","max-video-preview":"max-video-preview:-1"},"canonical":"https:\/\/fenixtravel.co\/en\/product\/mano-de-gigante-y-termales-la-rivera\/","og_locale":"en_US","og_type":"article","og_title":"Mano De Gigante y Termales La Rivera - fenixtravel.co","og_description":"La excursi\u00f3n al mirador la mano de gigante nos llevar\u00e1 por un sorprendente recorrido pro el sur del departamento del Huila, hasta el municipio de gigante donde apreciaremos el paisaje del valle del r\u00edo Magdalena, posteriormente tendr\u00e1s la oportunidad de disfrutar de un delicioso ba\u00f1o de agua termal.","og_url":"https:\/\/fenixtravel.co\/en\/product\/mano-de-gigante-y-termales-la-rivera\/","og_site_name":"fenixtravel.co","article_publisher":"https:\/\/www.facebook.com\/FenixTravelCol\/?locale=es_LA","article_modified_time":"2026-02-19T02:15:15+00:00","og_image":[{"width":1024,"height":737,"url":"http:\/\/fenixtravel.co\/wp-content\/uploads\/2023\/10\/4-5-1024x737.jpg","type":"image\/jpeg"}],"twitter_card":"summary_large_image","twitter_misc":{"Est. reading time":"1 minute"},"schema":{"@context":"https:\/\/schema.org","@graph":[{"@type":"WebPage","@id":"https:\/\/fenixtravel.co\/producto\/mano-de-gigante-y-termales-la-rivera\/","url":"https:\/\/fenixtravel.co\/producto\/mano-de-gigante-y-termales-la-rivera\/","name":"Mano De Gigante y Termales La Rivera - fenixtravel.co","isPartOf":{"@id":"https:\/\/fenixtravel.co\/#website"},"primaryImageOfPage":{"@id":"https:\/\/fenixtravel.co\/producto\/mano-de-gigante-y-termales-la-rivera\/#primaryimage"},"image":{"@id":"https:\/\/fenixtravel.co\/producto\/mano-de-gigante-y-termales-la-rivera\/#primaryimage"},"thumbnailUrl":"https:\/\/fenixtravel.co\/wp-content\/uploads\/2023\/10\/4-5.jpg","datePublished":"2023-10-04T02:20:55+00:00","dateModified":"2026-02-19T02:15:15+00:00","breadcrumb":{"@id":"https:\/\/fenixtravel.co\/producto\/mano-de-gigante-y-termales-la-rivera\/#breadcrumb"},"inLanguage":"en-US","potentialAction":[{"@type":"ReadAction","target":["https:\/\/fenixtravel.co\/producto\/mano-de-gigante-y-termales-la-rivera\/"]}]},{"@type":"ImageObject","inLanguage":"en-US","@id":"https:\/\/fenixtravel.co\/producto\/mano-de-gigante-y-termales-la-rivera\/#primaryimage","url":"https:\/\/fenixtravel.co\/wp-content\/uploads\/2023\/10\/4-5.jpg","contentUrl":"https:\/\/fenixtravel.co\/wp-content\/uploads\/2023\/10\/4-5.jpg","width":1920,"height":1382},{"@type":"BreadcrumbList","@id":"https:\/\/fenixtravel.co\/producto\/mano-de-gigante-y-termales-la-rivera\/#breadcrumb","itemListElement":[{"@type":"ListItem","position":1,"name":"Portada","item":"https:\/\/fenixtravel.co\/"},{"@type":"ListItem","position":2,"name":"Shop","item":"https:\/\/fenixtravel.co\/shop\/"},{"@type":"ListItem","position":3,"name":"Mano De Gigante y Termales La Rivera"}]},{"@type":"WebSite","@id":"https:\/\/fenixtravel.co\/#website","url":"https:\/\/fenixtravel.co\/","name":"fenixtravel.co","description":"","publisher":{"@id":"https:\/\/fenixtravel.co\/#organization"},"potentialAction":[{"@type":"SearchAction","target":{"@type":"EntryPoint","urlTemplate":"https:\/\/fenixtravel.co\/?s={search_term_string}"},"query-input":{"@type":"PropertyValueSpecification","valueRequired":true,"valueName":"search_term_string"}}],"inLanguage":"en-US"},{"@type":"Organization","@id":"https:\/\/fenixtravel.co\/#organization","name":"fenixtravel.co","url":"https:\/\/fenixtravel.co\/","logo":{"@type":"ImageObject","inLanguage":"en-US","@id":"https:\/\/fenixtravel.co\/#\/schema\/logo\/image\/","url":"https:\/\/fenixtravel.co\/wp-content\/uploads\/2025\/04\/1.png","contentUrl":"https:\/\/fenixtravel.co\/wp-content\/uploads\/2025\/04\/1.png","width":1287,"height":427,"caption":"fenixtravel.co"},"image":{"@id":"https:\/\/fenixtravel.co\/#\/schema\/logo\/image\/"},"sameAs":["https:\/\/www.facebook.com\/FenixTravelCol\/?locale=es_LA","https:\/\/www.instagram.com\/fenixtraveltours\/?hl=es-la"]}]}},"_links":{"self":[{"href":"https:\/\/fenixtravel.co\/en\/wp-json\/wp\/v2\/product\/8501","targetHints":{"allow":["GET"]}}],"collection":[{"href":"https:\/\/fenixtravel.co\/en\/wp-json\/wp\/v2\/product"}],"about":[{"href":"https:\/\/fenixtravel.co\/en\/wp-json\/wp\/v2\/types\/product"}],"replies":[{"embeddable":true,"href":"https:\/\/fenixtravel.co\/en\/wp-json\/wp\/v2\/comments?post=8501"}],"version-history":[{"count":1,"href":"https:\/\/fenixtravel.co\/en\/wp-json\/wp\/v2\/product\/8501\/revisions"}],"predecessor-version":[{"id":11902,"href":"https:\/\/fenixtravel.co\/en\/wp-json\/wp\/v2\/product\/8501\/revisions\/11902"}],"wp:featuredmedia":[{"embeddable":true,"href":"https:\/\/fenixtravel.co\/en\/wp-json\/wp\/v2\/media\/9237"}],"wp:attachment":[{"href":"https:\/\/fenixtravel.co\/en\/wp-json\/wp\/v2\/media?parent=8501"}],"wp:term":[{"taxonomy":"product_cat","embeddable":true,"href":"https:\/\/fenixtravel.co\/en\/wp-json\/wp\/v2\/product_cat?post=8501"},{"taxonomy":"product_tag","embeddable":true,"href":"https:\/\/fenixtravel.co\/en\/wp-json\/wp\/v2\/product_tag?post=8501"}],"curies":[{"name":"wp","href":"https:\/\/api.w.org\/{rel}","templated":true}]}}