{"id":8386,"date":"2023-10-01T02:55:37","date_gmt":"2023-10-01T02:55:37","guid":{"rendered":"https:\/\/fenixtravel.co\/?post_type=product&#038;p=8386"},"modified":"2026-02-19T02:01:42","modified_gmt":"2026-02-19T02:01:42","slug":"encanto-paisa-medellin-y-guatape","status":"publish","type":"product","link":"https:\/\/fenixtravel.co\/en\/product\/encanto-paisa-medellin-y-guatape\/","title":{"rendered":"Guatap\u00e9 and Medell\u00edn."},"content":{"rendered":"<p>Descubre el encanto natural paisa, visitando los municipios del Pe\u00f1ol y Guatap\u00e9 ubicados en el oriente antioque\u00f1o. Podr\u00e1s realizar un recorrido en barco por la represa de Guatap\u00e9, apreciar sus z\u00f3calos y arquitectura tradicional, deleitarse con el ambiente amigable que ofrece Medell\u00edn, su gastronom\u00eda y atractivos tur\u00edsticos m\u00e1s representativos de una de las ciudades m\u00e1s innovadoras del mundo.<\/p>\n<p>&nbsp;<\/p>\n<p>&nbsp;<\/p>\n<div id=\"simple-translate\" class=\"simple-translate-system-theme\">\n<div>\n<div class=\"simple-translate-button isShow\" style=\"background-image: url('chrome-extension:\/\/cllnohpbfenopiakdcjmjcbaeapmkcdl\/icons\/512.png'); height: 22px; width: 22px; top: 109px; left: 35px;\"><\/div>\n<div class=\"simple-translate-panel\" style=\"width: 300px; height: 200px; top: 0px; left: 0px; font-size: 13px;\">\n<div class=\"simple-translate-result-wrapper\" style=\"overflow: hidden;\">\n<div class=\"simple-translate-move\" draggable=\"true\"><\/div>\n<div class=\"simple-translate-result-contents\">\n<p class=\"simple-translate-candidate\" dir=\"auto\">\n<\/div>\n<\/div>\n<\/div>\n<\/div>\n<\/div>","protected":false},"excerpt":{"rendered":"<p>Descubre el encanto natural paisa, visitando los municipios del Pe\u00f1ol y Guatap\u00e9 ubicados en el oriente antioque\u00f1o. Podr\u00e1s realizar un recorrido en barco por la represa de Guatap\u00e9, apreciar sus z\u00f3calos y arquitectura tradicional, deleitarse con el ambiente amigable que ofrece Medell\u00edn, su gastronom\u00eda y atractivos tur\u00edsticos m\u00e1s representativos de una de las ciudades m\u00e1s [&hellip;]<\/p>","protected":false},"featured_media":9184,"comment_status":"open","ping_status":"closed","template":"","meta":{"_acf_changed":false,"om_disable_all_campaigns":false,"_monsterinsights_skip_tracking":false,"_monsterinsights_sitenote_active":false,"_monsterinsights_sitenote_note":"","_monsterinsights_sitenote_category":0},"product_cat":[64,73],"product_tag":[],"class_list":["post-8386","product","type-product","status-publish","has-post-thumbnail","hentry","product_cat-colombiafenix-excursiones-por-colombia","product_cat-todos"],"acf":[],"aioseo_notices":[],"yoast_head":"<!-- This site is optimized with the Yoast SEO plugin v26.7 - https:\/\/yoast.com\/wordpress\/plugins\/seo\/ -->\n<title>Guatap\u00e9 y Medell\u00edn. - fenixtravel.co<\/title>\n<meta name=\"robots\" content=\"index, follow, max-snippet:-1, max-image-preview:large, max-video-preview:-1\" \/>\n<link rel=\"canonical\" href=\"https:\/\/fenixtravel.co\/en\/product\/encanto-paisa-medellin-y-guatape\/\" \/>\n<meta property=\"og:locale\" content=\"en_US\" \/>\n<meta property=\"og:type\" content=\"article\" \/>\n<meta property=\"og:title\" content=\"Guatap\u00e9 y Medell\u00edn. - fenixtravel.co\" \/>\n<meta property=\"og:description\" content=\"Descubre el encanto natural paisa, visitando los municipios del Pe\u00f1ol y Guatap\u00e9 ubicados en el oriente antioque\u00f1o. Podr\u00e1s realizar un recorrido en barco por la represa de Guatap\u00e9, apreciar sus z\u00f3calos y arquitectura tradicional, deleitarse con el ambiente amigable que ofrece Medell\u00edn, su gastronom\u00eda y atractivos tur\u00edsticos m\u00e1s representativos de una de las ciudades m\u00e1s [&hellip;]\" \/>\n<meta property=\"og:url\" content=\"https:\/\/fenixtravel.co\/en\/product\/encanto-paisa-medellin-y-guatape\/\" \/>\n<meta property=\"og:site_name\" content=\"fenixtravel.co\" \/>\n<meta property=\"article:publisher\" content=\"https:\/\/www.facebook.com\/FenixTravelCol\/?locale=es_LA\" \/>\n<meta property=\"article:modified_time\" content=\"2026-02-19T02:01:42+00:00\" \/>\n<meta property=\"og:image\" content=\"http:\/\/fenixtravel.co\/wp-content\/uploads\/2023\/10\/4-1.jpg\" \/>\n\t<meta property=\"og:image:width\" content=\"1919\" \/>\n\t<meta property=\"og:image:height\" content=\"1280\" \/>\n\t<meta property=\"og:image:type\" content=\"image\/jpeg\" \/>\n<meta name=\"twitter:card\" content=\"summary_large_image\" \/>\n<meta name=\"twitter:label1\" content=\"Est. reading time\" \/>\n\t<meta name=\"twitter:data1\" content=\"1 minute\" \/>\n<script type=\"application\/ld+json\" class=\"yoast-schema-graph\">{\"@context\":\"https:\/\/schema.org\",\"@graph\":[{\"@type\":\"WebPage\",\"@id\":\"https:\/\/fenixtravel.co\/producto\/encanto-paisa-medellin-y-guatape\/\",\"url\":\"https:\/\/fenixtravel.co\/producto\/encanto-paisa-medellin-y-guatape\/\",\"name\":\"Guatap\u00e9 y Medell\u00edn. - fenixtravel.co\",\"isPartOf\":{\"@id\":\"https:\/\/fenixtravel.co\/#website\"},\"primaryImageOfPage\":{\"@id\":\"https:\/\/fenixtravel.co\/producto\/encanto-paisa-medellin-y-guatape\/#primaryimage\"},\"image\":{\"@id\":\"https:\/\/fenixtravel.co\/producto\/encanto-paisa-medellin-y-guatape\/#primaryimage\"},\"thumbnailUrl\":\"https:\/\/fenixtravel.co\/wp-content\/uploads\/2023\/10\/4-1.jpg\",\"datePublished\":\"2023-10-01T02:55:37+00:00\",\"dateModified\":\"2026-02-19T02:01:42+00:00\",\"breadcrumb\":{\"@id\":\"https:\/\/fenixtravel.co\/producto\/encanto-paisa-medellin-y-guatape\/#breadcrumb\"},\"inLanguage\":\"en-US\",\"potentialAction\":[{\"@type\":\"ReadAction\",\"target\":[\"https:\/\/fenixtravel.co\/producto\/encanto-paisa-medellin-y-guatape\/\"]}]},{\"@type\":\"ImageObject\",\"inLanguage\":\"en-US\",\"@id\":\"https:\/\/fenixtravel.co\/producto\/encanto-paisa-medellin-y-guatape\/#primaryimage\",\"url\":\"https:\/\/fenixtravel.co\/wp-content\/uploads\/2023\/10\/4-1.jpg\",\"contentUrl\":\"https:\/\/fenixtravel.co\/wp-content\/uploads\/2023\/10\/4-1.jpg\",\"width\":1919,\"height\":1280},{\"@type\":\"BreadcrumbList\",\"@id\":\"https:\/\/fenixtravel.co\/producto\/encanto-paisa-medellin-y-guatape\/#breadcrumb\",\"itemListElement\":[{\"@type\":\"ListItem\",\"position\":1,\"name\":\"Portada\",\"item\":\"https:\/\/fenixtravel.co\/\"},{\"@type\":\"ListItem\",\"position\":2,\"name\":\"Shop\",\"item\":\"https:\/\/fenixtravel.co\/shop\/\"},{\"@type\":\"ListItem\",\"position\":3,\"name\":\"Guatap\u00e9 y Medell\u00edn.\"}]},{\"@type\":\"WebSite\",\"@id\":\"https:\/\/fenixtravel.co\/#website\",\"url\":\"https:\/\/fenixtravel.co\/\",\"name\":\"fenixtravel.co\",\"description\":\"\",\"publisher\":{\"@id\":\"https:\/\/fenixtravel.co\/#organization\"},\"potentialAction\":[{\"@type\":\"SearchAction\",\"target\":{\"@type\":\"EntryPoint\",\"urlTemplate\":\"https:\/\/fenixtravel.co\/?s={search_term_string}\"},\"query-input\":{\"@type\":\"PropertyValueSpecification\",\"valueRequired\":true,\"valueName\":\"search_term_string\"}}],\"inLanguage\":\"en-US\"},{\"@type\":\"Organization\",\"@id\":\"https:\/\/fenixtravel.co\/#organization\",\"name\":\"fenixtravel.co\",\"url\":\"https:\/\/fenixtravel.co\/\",\"logo\":{\"@type\":\"ImageObject\",\"inLanguage\":\"en-US\",\"@id\":\"https:\/\/fenixtravel.co\/#\/schema\/logo\/image\/\",\"url\":\"https:\/\/fenixtravel.co\/wp-content\/uploads\/2025\/04\/1.png\",\"contentUrl\":\"https:\/\/fenixtravel.co\/wp-content\/uploads\/2025\/04\/1.png\",\"width\":1287,\"height\":427,\"caption\":\"fenixtravel.co\"},\"image\":{\"@id\":\"https:\/\/fenixtravel.co\/#\/schema\/logo\/image\/\"},\"sameAs\":[\"https:\/\/www.facebook.com\/FenixTravelCol\/?locale=es_LA\",\"https:\/\/www.instagram.com\/fenixtraveltours\/?hl=es-la\"]}]}<\/script>\n<!-- \/ Yoast SEO plugin. -->","yoast_head_json":{"title":"Guatap\u00e9 y Medell\u00edn. - fenixtravel.co","robots":{"index":"index","follow":"follow","max-snippet":"max-snippet:-1","max-image-preview":"max-image-preview:large","max-video-preview":"max-video-preview:-1"},"canonical":"https:\/\/fenixtravel.co\/en\/product\/encanto-paisa-medellin-y-guatape\/","og_locale":"en_US","og_type":"article","og_title":"Guatap\u00e9 y Medell\u00edn. - fenixtravel.co","og_description":"Descubre el encanto natural paisa, visitando los municipios del Pe\u00f1ol y Guatap\u00e9 ubicados en el oriente antioque\u00f1o. Podr\u00e1s realizar un recorrido en barco por la represa de Guatap\u00e9, apreciar sus z\u00f3calos y arquitectura tradicional, deleitarse con el ambiente amigable que ofrece Medell\u00edn, su gastronom\u00eda y atractivos tur\u00edsticos m\u00e1s representativos de una de las ciudades m\u00e1s [&hellip;]","og_url":"https:\/\/fenixtravel.co\/en\/product\/encanto-paisa-medellin-y-guatape\/","og_site_name":"fenixtravel.co","article_publisher":"https:\/\/www.facebook.com\/FenixTravelCol\/?locale=es_LA","article_modified_time":"2026-02-19T02:01:42+00:00","og_image":[{"width":1919,"height":1280,"url":"http:\/\/fenixtravel.co\/wp-content\/uploads\/2023\/10\/4-1.jpg","type":"image\/jpeg"}],"twitter_card":"summary_large_image","twitter_misc":{"Est. reading time":"1 minute"},"schema":{"@context":"https:\/\/schema.org","@graph":[{"@type":"WebPage","@id":"https:\/\/fenixtravel.co\/producto\/encanto-paisa-medellin-y-guatape\/","url":"https:\/\/fenixtravel.co\/producto\/encanto-paisa-medellin-y-guatape\/","name":"Guatap\u00e9 y Medell\u00edn. - fenixtravel.co","isPartOf":{"@id":"https:\/\/fenixtravel.co\/#website"},"primaryImageOfPage":{"@id":"https:\/\/fenixtravel.co\/producto\/encanto-paisa-medellin-y-guatape\/#primaryimage"},"image":{"@id":"https:\/\/fenixtravel.co\/producto\/encanto-paisa-medellin-y-guatape\/#primaryimage"},"thumbnailUrl":"https:\/\/fenixtravel.co\/wp-content\/uploads\/2023\/10\/4-1.jpg","datePublished":"2023-10-01T02:55:37+00:00","dateModified":"2026-02-19T02:01:42+00:00","breadcrumb":{"@id":"https:\/\/fenixtravel.co\/producto\/encanto-paisa-medellin-y-guatape\/#breadcrumb"},"inLanguage":"en-US","potentialAction":[{"@type":"ReadAction","target":["https:\/\/fenixtravel.co\/producto\/encanto-paisa-medellin-y-guatape\/"]}]},{"@type":"ImageObject","inLanguage":"en-US","@id":"https:\/\/fenixtravel.co\/producto\/encanto-paisa-medellin-y-guatape\/#primaryimage","url":"https:\/\/fenixtravel.co\/wp-content\/uploads\/2023\/10\/4-1.jpg","contentUrl":"https:\/\/fenixtravel.co\/wp-content\/uploads\/2023\/10\/4-1.jpg","width":1919,"height":1280},{"@type":"BreadcrumbList","@id":"https:\/\/fenixtravel.co\/producto\/encanto-paisa-medellin-y-guatape\/#breadcrumb","itemListElement":[{"@type":"ListItem","position":1,"name":"Portada","item":"https:\/\/fenixtravel.co\/"},{"@type":"ListItem","position":2,"name":"Shop","item":"https:\/\/fenixtravel.co\/shop\/"},{"@type":"ListItem","position":3,"name":"Guatap\u00e9 y Medell\u00edn."}]},{"@type":"WebSite","@id":"https:\/\/fenixtravel.co\/#website","url":"https:\/\/fenixtravel.co\/","name":"fenixtravel.co","description":"","publisher":{"@id":"https:\/\/fenixtravel.co\/#organization"},"potentialAction":[{"@type":"SearchAction","target":{"@type":"EntryPoint","urlTemplate":"https:\/\/fenixtravel.co\/?s={search_term_string}"},"query-input":{"@type":"PropertyValueSpecification","valueRequired":true,"valueName":"search_term_string"}}],"inLanguage":"en-US"},{"@type":"Organization","@id":"https:\/\/fenixtravel.co\/#organization","name":"fenixtravel.co","url":"https:\/\/fenixtravel.co\/","logo":{"@type":"ImageObject","inLanguage":"en-US","@id":"https:\/\/fenixtravel.co\/#\/schema\/logo\/image\/","url":"https:\/\/fenixtravel.co\/wp-content\/uploads\/2025\/04\/1.png","contentUrl":"https:\/\/fenixtravel.co\/wp-content\/uploads\/2025\/04\/1.png","width":1287,"height":427,"caption":"fenixtravel.co"},"image":{"@id":"https:\/\/fenixtravel.co\/#\/schema\/logo\/image\/"},"sameAs":["https:\/\/www.facebook.com\/FenixTravelCol\/?locale=es_LA","https:\/\/www.instagram.com\/fenixtraveltours\/?hl=es-la"]}]}},"_links":{"self":[{"href":"https:\/\/fenixtravel.co\/en\/wp-json\/wp\/v2\/product\/8386","targetHints":{"allow":["GET"]}}],"collection":[{"href":"https:\/\/fenixtravel.co\/en\/wp-json\/wp\/v2\/product"}],"about":[{"href":"https:\/\/fenixtravel.co\/en\/wp-json\/wp\/v2\/types\/product"}],"replies":[{"embeddable":true,"href":"https:\/\/fenixtravel.co\/en\/wp-json\/wp\/v2\/comments?post=8386"}],"version-history":[{"count":1,"href":"https:\/\/fenixtravel.co\/en\/wp-json\/wp\/v2\/product\/8386\/revisions"}],"predecessor-version":[{"id":11901,"href":"https:\/\/fenixtravel.co\/en\/wp-json\/wp\/v2\/product\/8386\/revisions\/11901"}],"wp:featuredmedia":[{"embeddable":true,"href":"https:\/\/fenixtravel.co\/en\/wp-json\/wp\/v2\/media\/9184"}],"wp:attachment":[{"href":"https:\/\/fenixtravel.co\/en\/wp-json\/wp\/v2\/media?parent=8386"}],"wp:term":[{"taxonomy":"product_cat","embeddable":true,"href":"https:\/\/fenixtravel.co\/en\/wp-json\/wp\/v2\/product_cat?post=8386"},{"taxonomy":"product_tag","embeddable":true,"href":"https:\/\/fenixtravel.co\/en\/wp-json\/wp\/v2\/product_tag?post=8386"}],"curies":[{"name":"wp","href":"https:\/\/api.w.org\/{rel}","templated":true}]}}