{"id":3437,"date":"2022-07-14T02:29:58","date_gmt":"2022-07-14T02:29:58","guid":{"rendered":"https:\/\/demo.ovatheme.com\/tripgo\/?post_type=product&#038;p=3437"},"modified":"2026-02-19T02:04:56","modified_gmt":"2026-02-19T02:04:56","slug":"parque-del-cafe","status":"publish","type":"product","link":"https:\/\/fenixtravel.co\/en\/product\/parque-del-cafe\/","title":{"rendered":"Coffee Park"},"content":{"rendered":"<p>\ud83c\udf1fObserva m\u00e1s sobre esta experiencia aqu\u00ed\ud83c\udf1f<br \/>\n<a href=\"https:\/\/web.facebook.com\/FenixTravelCol\/videos\/1200263640406195\">https:\/\/web.facebook.com\/FenixTravelCol\/videos\/1200263640406195<\/a><\/p>\n<p>Disfruta un d\u00eda lleno de aventura y diversi\u00f3n con sabor caf\u00e9, en esta excursi\u00f3n tendr\u00e1s la oportunidad de conocer uno de los parques tem\u00e1ticos m\u00e1s emblem\u00e1ticos que tiene Colombia. Ubicado en el coraz\u00f3n del departamento del Quind\u00edo e inmerso en la riqueza natural de nuestro Eje Cafetero colombiano. Podr\u00e1s realizar un recorrido por la cultura y las costumbres de la tradici\u00f3n cafetera, el parque es la mezcla perfecta entre: Diversi\u00f3n, Paisaje, Cultura, Adrenalina, Caf\u00e9, Arte, Arquitectura, Tradici\u00f3n, Gastronom\u00eda, Aventura, Sano Esparcimiento y \u00a1muchas experiencias m\u00e1s para vivir con familia y amigos!.<\/p>","protected":false},"excerpt":{"rendered":"<p>Disfruta un d\u00eda lleno de aventura y diversi\u00f3n con sabor caf\u00e9, en esta excursi\u00f3n tendr\u00e1s la oportunidad de conocer uno de los parques tem\u00e1ticos m\u00e1s emblem\u00e1ticos que tiene Colombia. Ubicado en el coraz\u00f3n del departamento del Quind\u00edo e inmerso en la riqueza natural de nuestro Eje Cafetero colombiano. Podr\u00e1s realizar un recorrido por la cultura y las costumbres de la tradici\u00f3n cafetera, el parque es la mezcla perfecta entre: Diversi\u00f3n, Paisaje, Cultura, Adrenalina, Caf\u00e9, Arte, Arquitectura, Tradici\u00f3n, Gastronom\u00eda, Aventura, Sano Esparcimiento y \u00a1muchas experiencias m\u00e1s para vivir con familia y amigos!<\/p>","protected":false},"featured_media":9795,"comment_status":"open","ping_status":"closed","template":"","meta":{"_acf_changed":false,"om_disable_all_campaigns":false,"_monsterinsights_skip_tracking":false,"_monsterinsights_sitenote_active":false,"_monsterinsights_sitenote_note":"","_monsterinsights_sitenote_category":0},"product_cat":[64,73],"product_tag":[],"class_list":["post-3437","product","type-product","status-publish","has-post-thumbnail","hentry","product_cat-colombiafenix-excursiones-por-colombia","product_cat-todos"],"acf":[],"aioseo_notices":[],"yoast_head":"<!-- This site is optimized with the Yoast SEO plugin v26.7 - https:\/\/yoast.com\/wordpress\/plugins\/seo\/ -->\n<title>Parque Del Caf\u00e9 - fenixtravel.co<\/title>\n<meta name=\"robots\" content=\"index, follow, max-snippet:-1, max-image-preview:large, max-video-preview:-1\" \/>\n<link rel=\"canonical\" href=\"https:\/\/fenixtravel.co\/en\/product\/parque-del-cafe\/\" \/>\n<meta property=\"og:locale\" content=\"en_US\" \/>\n<meta property=\"og:type\" content=\"article\" \/>\n<meta property=\"og:title\" content=\"Parque Del Caf\u00e9 - fenixtravel.co\" \/>\n<meta property=\"og:description\" content=\"Disfruta un d\u00eda lleno de aventura y diversi\u00f3n con sabor caf\u00e9, en esta excursi\u00f3n tendr\u00e1s la oportunidad de conocer uno de los parques tem\u00e1ticos m\u00e1s emblem\u00e1ticos que tiene Colombia. Ubicado en el coraz\u00f3n del departamento del Quind\u00edo e inmerso en la riqueza natural de nuestro Eje Cafetero colombiano. Podr\u00e1s realizar un recorrido por la cultura y las costumbres de la tradici\u00f3n cafetera, el parque es la mezcla perfecta entre: Diversi\u00f3n, Paisaje, Cultura, Adrenalina, Caf\u00e9, Arte, Arquitectura, Tradici\u00f3n, Gastronom\u00eda, Aventura, Sano Esparcimiento y \u00a1muchas experiencias m\u00e1s para vivir con familia y amigos!\" \/>\n<meta property=\"og:url\" content=\"https:\/\/fenixtravel.co\/en\/product\/parque-del-cafe\/\" \/>\n<meta property=\"og:site_name\" content=\"fenixtravel.co\" \/>\n<meta property=\"article:publisher\" content=\"https:\/\/www.facebook.com\/FenixTravelCol\/?locale=es_LA\" \/>\n<meta property=\"article:modified_time\" content=\"2026-02-19T02:04:56+00:00\" \/>\n<meta property=\"og:image\" content=\"http:\/\/fenixtravel.co\/wp-content\/uploads\/2022\/07\/cafe-5-1024x582.png\" \/>\n\t<meta property=\"og:image:width\" content=\"1024\" \/>\n\t<meta property=\"og:image:height\" content=\"582\" \/>\n\t<meta property=\"og:image:type\" content=\"image\/png\" \/>\n<meta name=\"twitter:card\" content=\"summary_large_image\" \/>\n<meta name=\"twitter:label1\" content=\"Est. reading time\" \/>\n\t<meta name=\"twitter:data1\" content=\"1 minute\" \/>\n<script type=\"application\/ld+json\" class=\"yoast-schema-graph\">{\"@context\":\"https:\/\/schema.org\",\"@graph\":[{\"@type\":\"WebPage\",\"@id\":\"https:\/\/fenixtravel.co\/producto\/parque-del-cafe\/\",\"url\":\"https:\/\/fenixtravel.co\/producto\/parque-del-cafe\/\",\"name\":\"Parque Del Caf\u00e9 - fenixtravel.co\",\"isPartOf\":{\"@id\":\"https:\/\/fenixtravel.co\/#website\"},\"primaryImageOfPage\":{\"@id\":\"https:\/\/fenixtravel.co\/producto\/parque-del-cafe\/#primaryimage\"},\"image\":{\"@id\":\"https:\/\/fenixtravel.co\/producto\/parque-del-cafe\/#primaryimage\"},\"thumbnailUrl\":\"https:\/\/fenixtravel.co\/wp-content\/uploads\/2022\/07\/cafe-5.png\",\"datePublished\":\"2022-07-14T02:29:58+00:00\",\"dateModified\":\"2026-02-19T02:04:56+00:00\",\"breadcrumb\":{\"@id\":\"https:\/\/fenixtravel.co\/producto\/parque-del-cafe\/#breadcrumb\"},\"inLanguage\":\"en-US\",\"potentialAction\":[{\"@type\":\"ReadAction\",\"target\":[\"https:\/\/fenixtravel.co\/producto\/parque-del-cafe\/\"]}]},{\"@type\":\"ImageObject\",\"inLanguage\":\"en-US\",\"@id\":\"https:\/\/fenixtravel.co\/producto\/parque-del-cafe\/#primaryimage\",\"url\":\"https:\/\/fenixtravel.co\/wp-content\/uploads\/2022\/07\/cafe-5.png\",\"contentUrl\":\"https:\/\/fenixtravel.co\/wp-content\/uploads\/2022\/07\/cafe-5.png\",\"width\":1920,\"height\":1092},{\"@type\":\"BreadcrumbList\",\"@id\":\"https:\/\/fenixtravel.co\/producto\/parque-del-cafe\/#breadcrumb\",\"itemListElement\":[{\"@type\":\"ListItem\",\"position\":1,\"name\":\"Portada\",\"item\":\"https:\/\/fenixtravel.co\/\"},{\"@type\":\"ListItem\",\"position\":2,\"name\":\"Shop\",\"item\":\"https:\/\/fenixtravel.co\/shop\/\"},{\"@type\":\"ListItem\",\"position\":3,\"name\":\"Parque Del Caf\u00e9\"}]},{\"@type\":\"WebSite\",\"@id\":\"https:\/\/fenixtravel.co\/#website\",\"url\":\"https:\/\/fenixtravel.co\/\",\"name\":\"fenixtravel.co\",\"description\":\"\",\"publisher\":{\"@id\":\"https:\/\/fenixtravel.co\/#organization\"},\"potentialAction\":[{\"@type\":\"SearchAction\",\"target\":{\"@type\":\"EntryPoint\",\"urlTemplate\":\"https:\/\/fenixtravel.co\/?s={search_term_string}\"},\"query-input\":{\"@type\":\"PropertyValueSpecification\",\"valueRequired\":true,\"valueName\":\"search_term_string\"}}],\"inLanguage\":\"en-US\"},{\"@type\":\"Organization\",\"@id\":\"https:\/\/fenixtravel.co\/#organization\",\"name\":\"fenixtravel.co\",\"url\":\"https:\/\/fenixtravel.co\/\",\"logo\":{\"@type\":\"ImageObject\",\"inLanguage\":\"en-US\",\"@id\":\"https:\/\/fenixtravel.co\/#\/schema\/logo\/image\/\",\"url\":\"https:\/\/fenixtravel.co\/wp-content\/uploads\/2025\/04\/1.png\",\"contentUrl\":\"https:\/\/fenixtravel.co\/wp-content\/uploads\/2025\/04\/1.png\",\"width\":1287,\"height\":427,\"caption\":\"fenixtravel.co\"},\"image\":{\"@id\":\"https:\/\/fenixtravel.co\/#\/schema\/logo\/image\/\"},\"sameAs\":[\"https:\/\/www.facebook.com\/FenixTravelCol\/?locale=es_LA\",\"https:\/\/www.instagram.com\/fenixtraveltours\/?hl=es-la\"]}]}<\/script>\n<!-- \/ Yoast SEO plugin. -->","yoast_head_json":{"title":"Parque Del Caf\u00e9 - fenixtravel.co","robots":{"index":"index","follow":"follow","max-snippet":"max-snippet:-1","max-image-preview":"max-image-preview:large","max-video-preview":"max-video-preview:-1"},"canonical":"https:\/\/fenixtravel.co\/en\/product\/parque-del-cafe\/","og_locale":"en_US","og_type":"article","og_title":"Parque Del Caf\u00e9 - fenixtravel.co","og_description":"Disfruta un d\u00eda lleno de aventura y diversi\u00f3n con sabor caf\u00e9, en esta excursi\u00f3n tendr\u00e1s la oportunidad de conocer uno de los parques tem\u00e1ticos m\u00e1s emblem\u00e1ticos que tiene Colombia. Ubicado en el coraz\u00f3n del departamento del Quind\u00edo e inmerso en la riqueza natural de nuestro Eje Cafetero colombiano. Podr\u00e1s realizar un recorrido por la cultura y las costumbres de la tradici\u00f3n cafetera, el parque es la mezcla perfecta entre: Diversi\u00f3n, Paisaje, Cultura, Adrenalina, Caf\u00e9, Arte, Arquitectura, Tradici\u00f3n, Gastronom\u00eda, Aventura, Sano Esparcimiento y \u00a1muchas experiencias m\u00e1s para vivir con familia y amigos!","og_url":"https:\/\/fenixtravel.co\/en\/product\/parque-del-cafe\/","og_site_name":"fenixtravel.co","article_publisher":"https:\/\/www.facebook.com\/FenixTravelCol\/?locale=es_LA","article_modified_time":"2026-02-19T02:04:56+00:00","og_image":[{"width":1024,"height":582,"url":"http:\/\/fenixtravel.co\/wp-content\/uploads\/2022\/07\/cafe-5-1024x582.png","type":"image\/png"}],"twitter_card":"summary_large_image","twitter_misc":{"Est. reading time":"1 minute"},"schema":{"@context":"https:\/\/schema.org","@graph":[{"@type":"WebPage","@id":"https:\/\/fenixtravel.co\/producto\/parque-del-cafe\/","url":"https:\/\/fenixtravel.co\/producto\/parque-del-cafe\/","name":"Parque Del Caf\u00e9 - fenixtravel.co","isPartOf":{"@id":"https:\/\/fenixtravel.co\/#website"},"primaryImageOfPage":{"@id":"https:\/\/fenixtravel.co\/producto\/parque-del-cafe\/#primaryimage"},"image":{"@id":"https:\/\/fenixtravel.co\/producto\/parque-del-cafe\/#primaryimage"},"thumbnailUrl":"https:\/\/fenixtravel.co\/wp-content\/uploads\/2022\/07\/cafe-5.png","datePublished":"2022-07-14T02:29:58+00:00","dateModified":"2026-02-19T02:04:56+00:00","breadcrumb":{"@id":"https:\/\/fenixtravel.co\/producto\/parque-del-cafe\/#breadcrumb"},"inLanguage":"en-US","potentialAction":[{"@type":"ReadAction","target":["https:\/\/fenixtravel.co\/producto\/parque-del-cafe\/"]}]},{"@type":"ImageObject","inLanguage":"en-US","@id":"https:\/\/fenixtravel.co\/producto\/parque-del-cafe\/#primaryimage","url":"https:\/\/fenixtravel.co\/wp-content\/uploads\/2022\/07\/cafe-5.png","contentUrl":"https:\/\/fenixtravel.co\/wp-content\/uploads\/2022\/07\/cafe-5.png","width":1920,"height":1092},{"@type":"BreadcrumbList","@id":"https:\/\/fenixtravel.co\/producto\/parque-del-cafe\/#breadcrumb","itemListElement":[{"@type":"ListItem","position":1,"name":"Portada","item":"https:\/\/fenixtravel.co\/"},{"@type":"ListItem","position":2,"name":"Shop","item":"https:\/\/fenixtravel.co\/shop\/"},{"@type":"ListItem","position":3,"name":"Parque Del Caf\u00e9"}]},{"@type":"WebSite","@id":"https:\/\/fenixtravel.co\/#website","url":"https:\/\/fenixtravel.co\/","name":"fenixtravel.co","description":"","publisher":{"@id":"https:\/\/fenixtravel.co\/#organization"},"potentialAction":[{"@type":"SearchAction","target":{"@type":"EntryPoint","urlTemplate":"https:\/\/fenixtravel.co\/?s={search_term_string}"},"query-input":{"@type":"PropertyValueSpecification","valueRequired":true,"valueName":"search_term_string"}}],"inLanguage":"en-US"},{"@type":"Organization","@id":"https:\/\/fenixtravel.co\/#organization","name":"fenixtravel.co","url":"https:\/\/fenixtravel.co\/","logo":{"@type":"ImageObject","inLanguage":"en-US","@id":"https:\/\/fenixtravel.co\/#\/schema\/logo\/image\/","url":"https:\/\/fenixtravel.co\/wp-content\/uploads\/2025\/04\/1.png","contentUrl":"https:\/\/fenixtravel.co\/wp-content\/uploads\/2025\/04\/1.png","width":1287,"height":427,"caption":"fenixtravel.co"},"image":{"@id":"https:\/\/fenixtravel.co\/#\/schema\/logo\/image\/"},"sameAs":["https:\/\/www.facebook.com\/FenixTravelCol\/?locale=es_LA","https:\/\/www.instagram.com\/fenixtraveltours\/?hl=es-la"]}]}},"_links":{"self":[{"href":"https:\/\/fenixtravel.co\/en\/wp-json\/wp\/v2\/product\/3437","targetHints":{"allow":["GET"]}}],"collection":[{"href":"https:\/\/fenixtravel.co\/en\/wp-json\/wp\/v2\/product"}],"about":[{"href":"https:\/\/fenixtravel.co\/en\/wp-json\/wp\/v2\/types\/product"}],"replies":[{"embeddable":true,"href":"https:\/\/fenixtravel.co\/en\/wp-json\/wp\/v2\/comments?post=3437"}],"version-history":[{"count":1,"href":"https:\/\/fenixtravel.co\/en\/wp-json\/wp\/v2\/product\/3437\/revisions"}],"predecessor-version":[{"id":11806,"href":"https:\/\/fenixtravel.co\/en\/wp-json\/wp\/v2\/product\/3437\/revisions\/11806"}],"wp:featuredmedia":[{"embeddable":true,"href":"https:\/\/fenixtravel.co\/en\/wp-json\/wp\/v2\/media\/9795"}],"wp:attachment":[{"href":"https:\/\/fenixtravel.co\/en\/wp-json\/wp\/v2\/media?parent=3437"}],"wp:term":[{"taxonomy":"product_cat","embeddable":true,"href":"https:\/\/fenixtravel.co\/en\/wp-json\/wp\/v2\/product_cat?post=3437"},{"taxonomy":"product_tag","embeddable":true,"href":"https:\/\/fenixtravel.co\/en\/wp-json\/wp\/v2\/product_tag?post=3437"}],"curies":[{"name":"wp","href":"https:\/\/api.w.org\/{rel}","templated":true}]}}