{"id":10982,"date":"2025-05-20T23:19:02","date_gmt":"2025-05-20T23:19:02","guid":{"rendered":"https:\/\/fenixtravel.co\/?post_type=product&#038;p=10982"},"modified":"2025-06-06T21:43:22","modified_gmt":"2025-06-06T21:43:22","slug":"ibague-al-natural-recorriendo-los-bosques-andinos","status":"publish","type":"product","link":"https:\/\/fenixtravel.co\/en\/product\/ibague-al-natural-recorriendo-los-bosques-andinos\/","title":{"rendered":"Ibagu\u00e9 al Natural &#8211; recorriendo los bosques andinos."},"content":{"rendered":"<p><span style=\"font-weight: 400;\">Recorre los bosques andinos del centro del pa\u00eds y vive una m\u00e1gica aventura en el ca\u00f1\u00f3n del Combeima, donde predomina el paisaje de monta\u00f1a sobre un valle encajonado que ha sido formado durante a\u00f1os por el r\u00edo Combeima. De esta zona de amortiguaci\u00f3n se abastece el 86% del agua que consume la poblaci\u00f3n de Ibagu\u00e9; esta zona posee alrededor de 50 cascadas y otras fuentes menores que tributan sus aguas al r\u00edo Combeima.\u00a0<\/span><\/p>","protected":false},"excerpt":{"rendered":"<p>Recorre los bosques andinos del centro del pa\u00eds y vive una m\u00e1gica aventura en el ca\u00f1\u00f3n del Combeima, donde predomina el paisaje de monta\u00f1a sobre un valle encajonado que ha sido formado durante a\u00f1os por el r\u00edo Combeima. De esta zona de amortiguaci\u00f3n se abastece el 86% del agua que consume la poblaci\u00f3n de Ibagu\u00e9; [&hellip;]<\/p>","protected":false},"featured_media":11043,"comment_status":"open","ping_status":"closed","template":"","meta":{"_acf_changed":false,"om_disable_all_campaigns":false,"_monsterinsights_skip_tracking":false,"_monsterinsights_sitenote_active":false,"_monsterinsights_sitenote_note":"","_monsterinsights_sitenote_category":0},"product_cat":[73,56],"product_tag":[],"class_list":["post-10982","product","type-product","status-publish","has-post-thumbnail","hentry","product_cat-todos","product_cat-tolima"],"acf":[],"aioseo_notices":[],"yoast_head":"<!-- This site is optimized with the Yoast SEO plugin v26.7 - https:\/\/yoast.com\/wordpress\/plugins\/seo\/ -->\n<title>Ibagu\u00e9 al Natural - recorriendo los bosques andinos. - fenixtravel.co<\/title>\n<meta name=\"robots\" content=\"index, follow, max-snippet:-1, max-image-preview:large, max-video-preview:-1\" \/>\n<link rel=\"canonical\" href=\"https:\/\/fenixtravel.co\/en\/product\/ibague-al-natural-recorriendo-los-bosques-andinos\/\" \/>\n<meta property=\"og:locale\" content=\"en_US\" \/>\n<meta property=\"og:type\" content=\"article\" \/>\n<meta property=\"og:title\" content=\"Ibagu\u00e9 al Natural - recorriendo los bosques andinos. - fenixtravel.co\" \/>\n<meta property=\"og:description\" content=\"Recorre los bosques andinos del centro del pa\u00eds y vive una m\u00e1gica aventura en el ca\u00f1\u00f3n del Combeima, donde predomina el paisaje de monta\u00f1a sobre un valle encajonado que ha sido formado durante a\u00f1os por el r\u00edo Combeima. De esta zona de amortiguaci\u00f3n se abastece el 86% del agua que consume la poblaci\u00f3n de Ibagu\u00e9; [&hellip;]\" \/>\n<meta property=\"og:url\" content=\"https:\/\/fenixtravel.co\/en\/product\/ibague-al-natural-recorriendo-los-bosques-andinos\/\" \/>\n<meta property=\"og:site_name\" content=\"fenixtravel.co\" \/>\n<meta property=\"article:publisher\" content=\"https:\/\/www.facebook.com\/FenixTravelCol\/?locale=es_LA\" \/>\n<meta property=\"article:modified_time\" content=\"2025-06-06T21:43:22+00:00\" \/>\n<meta property=\"og:image\" content=\"https:\/\/fenixtravel.co\/wp-content\/uploads\/2025\/05\/bosques-andinos5-1024x587.png\" \/>\n\t<meta property=\"og:image:width\" content=\"1024\" \/>\n\t<meta property=\"og:image:height\" content=\"587\" \/>\n\t<meta property=\"og:image:type\" content=\"image\/png\" \/>\n<meta name=\"twitter:card\" content=\"summary_large_image\" \/>\n<script type=\"application\/ld+json\" class=\"yoast-schema-graph\">{\"@context\":\"https:\/\/schema.org\",\"@graph\":[{\"@type\":\"WebPage\",\"@id\":\"https:\/\/fenixtravel.co\/producto\/ibague-al-natural-recorriendo-los-bosques-andinos\/\",\"url\":\"https:\/\/fenixtravel.co\/producto\/ibague-al-natural-recorriendo-los-bosques-andinos\/\",\"name\":\"Ibagu\u00e9 al Natural - recorriendo los bosques andinos. - fenixtravel.co\",\"isPartOf\":{\"@id\":\"https:\/\/fenixtravel.co\/#website\"},\"primaryImageOfPage\":{\"@id\":\"https:\/\/fenixtravel.co\/producto\/ibague-al-natural-recorriendo-los-bosques-andinos\/#primaryimage\"},\"image\":{\"@id\":\"https:\/\/fenixtravel.co\/producto\/ibague-al-natural-recorriendo-los-bosques-andinos\/#primaryimage\"},\"thumbnailUrl\":\"https:\/\/fenixtravel.co\/wp-content\/uploads\/2025\/05\/bosques-andinos5.png\",\"datePublished\":\"2025-05-20T23:19:02+00:00\",\"dateModified\":\"2025-06-06T21:43:22+00:00\",\"breadcrumb\":{\"@id\":\"https:\/\/fenixtravel.co\/producto\/ibague-al-natural-recorriendo-los-bosques-andinos\/#breadcrumb\"},\"inLanguage\":\"en-US\",\"potentialAction\":[{\"@type\":\"ReadAction\",\"target\":[\"https:\/\/fenixtravel.co\/producto\/ibague-al-natural-recorriendo-los-bosques-andinos\/\"]}]},{\"@type\":\"ImageObject\",\"inLanguage\":\"en-US\",\"@id\":\"https:\/\/fenixtravel.co\/producto\/ibague-al-natural-recorriendo-los-bosques-andinos\/#primaryimage\",\"url\":\"https:\/\/fenixtravel.co\/wp-content\/uploads\/2025\/05\/bosques-andinos5.png\",\"contentUrl\":\"https:\/\/fenixtravel.co\/wp-content\/uploads\/2025\/05\/bosques-andinos5.png\",\"width\":1960,\"height\":1124},{\"@type\":\"BreadcrumbList\",\"@id\":\"https:\/\/fenixtravel.co\/producto\/ibague-al-natural-recorriendo-los-bosques-andinos\/#breadcrumb\",\"itemListElement\":[{\"@type\":\"ListItem\",\"position\":1,\"name\":\"Portada\",\"item\":\"https:\/\/fenixtravel.co\/\"},{\"@type\":\"ListItem\",\"position\":2,\"name\":\"Shop\",\"item\":\"https:\/\/fenixtravel.co\/shop\/\"},{\"@type\":\"ListItem\",\"position\":3,\"name\":\"Ibagu\u00e9 al Natural &#8211; recorriendo los bosques andinos.\"}]},{\"@type\":\"WebSite\",\"@id\":\"https:\/\/fenixtravel.co\/#website\",\"url\":\"https:\/\/fenixtravel.co\/\",\"name\":\"fenixtravel.co\",\"description\":\"\",\"publisher\":{\"@id\":\"https:\/\/fenixtravel.co\/#organization\"},\"potentialAction\":[{\"@type\":\"SearchAction\",\"target\":{\"@type\":\"EntryPoint\",\"urlTemplate\":\"https:\/\/fenixtravel.co\/?s={search_term_string}\"},\"query-input\":{\"@type\":\"PropertyValueSpecification\",\"valueRequired\":true,\"valueName\":\"search_term_string\"}}],\"inLanguage\":\"en-US\"},{\"@type\":\"Organization\",\"@id\":\"https:\/\/fenixtravel.co\/#organization\",\"name\":\"fenixtravel.co\",\"url\":\"https:\/\/fenixtravel.co\/\",\"logo\":{\"@type\":\"ImageObject\",\"inLanguage\":\"en-US\",\"@id\":\"https:\/\/fenixtravel.co\/#\/schema\/logo\/image\/\",\"url\":\"https:\/\/fenixtravel.co\/wp-content\/uploads\/2025\/04\/1.png\",\"contentUrl\":\"https:\/\/fenixtravel.co\/wp-content\/uploads\/2025\/04\/1.png\",\"width\":1287,\"height\":427,\"caption\":\"fenixtravel.co\"},\"image\":{\"@id\":\"https:\/\/fenixtravel.co\/#\/schema\/logo\/image\/\"},\"sameAs\":[\"https:\/\/www.facebook.com\/FenixTravelCol\/?locale=es_LA\",\"https:\/\/www.instagram.com\/fenixtraveltours\/?hl=es-la\"]}]}<\/script>\n<!-- \/ Yoast SEO plugin. -->","yoast_head_json":{"title":"Ibagu\u00e9 al Natural - recorriendo los bosques andinos. - fenixtravel.co","robots":{"index":"index","follow":"follow","max-snippet":"max-snippet:-1","max-image-preview":"max-image-preview:large","max-video-preview":"max-video-preview:-1"},"canonical":"https:\/\/fenixtravel.co\/en\/product\/ibague-al-natural-recorriendo-los-bosques-andinos\/","og_locale":"en_US","og_type":"article","og_title":"Ibagu\u00e9 al Natural - recorriendo los bosques andinos. - fenixtravel.co","og_description":"Recorre los bosques andinos del centro del pa\u00eds y vive una m\u00e1gica aventura en el ca\u00f1\u00f3n del Combeima, donde predomina el paisaje de monta\u00f1a sobre un valle encajonado que ha sido formado durante a\u00f1os por el r\u00edo Combeima. De esta zona de amortiguaci\u00f3n se abastece el 86% del agua que consume la poblaci\u00f3n de Ibagu\u00e9; [&hellip;]","og_url":"https:\/\/fenixtravel.co\/en\/product\/ibague-al-natural-recorriendo-los-bosques-andinos\/","og_site_name":"fenixtravel.co","article_publisher":"https:\/\/www.facebook.com\/FenixTravelCol\/?locale=es_LA","article_modified_time":"2025-06-06T21:43:22+00:00","og_image":[{"width":1024,"height":587,"url":"https:\/\/fenixtravel.co\/wp-content\/uploads\/2025\/05\/bosques-andinos5-1024x587.png","type":"image\/png"}],"twitter_card":"summary_large_image","schema":{"@context":"https:\/\/schema.org","@graph":[{"@type":"WebPage","@id":"https:\/\/fenixtravel.co\/producto\/ibague-al-natural-recorriendo-los-bosques-andinos\/","url":"https:\/\/fenixtravel.co\/producto\/ibague-al-natural-recorriendo-los-bosques-andinos\/","name":"Ibagu\u00e9 al Natural - recorriendo los bosques andinos. - fenixtravel.co","isPartOf":{"@id":"https:\/\/fenixtravel.co\/#website"},"primaryImageOfPage":{"@id":"https:\/\/fenixtravel.co\/producto\/ibague-al-natural-recorriendo-los-bosques-andinos\/#primaryimage"},"image":{"@id":"https:\/\/fenixtravel.co\/producto\/ibague-al-natural-recorriendo-los-bosques-andinos\/#primaryimage"},"thumbnailUrl":"https:\/\/fenixtravel.co\/wp-content\/uploads\/2025\/05\/bosques-andinos5.png","datePublished":"2025-05-20T23:19:02+00:00","dateModified":"2025-06-06T21:43:22+00:00","breadcrumb":{"@id":"https:\/\/fenixtravel.co\/producto\/ibague-al-natural-recorriendo-los-bosques-andinos\/#breadcrumb"},"inLanguage":"en-US","potentialAction":[{"@type":"ReadAction","target":["https:\/\/fenixtravel.co\/producto\/ibague-al-natural-recorriendo-los-bosques-andinos\/"]}]},{"@type":"ImageObject","inLanguage":"en-US","@id":"https:\/\/fenixtravel.co\/producto\/ibague-al-natural-recorriendo-los-bosques-andinos\/#primaryimage","url":"https:\/\/fenixtravel.co\/wp-content\/uploads\/2025\/05\/bosques-andinos5.png","contentUrl":"https:\/\/fenixtravel.co\/wp-content\/uploads\/2025\/05\/bosques-andinos5.png","width":1960,"height":1124},{"@type":"BreadcrumbList","@id":"https:\/\/fenixtravel.co\/producto\/ibague-al-natural-recorriendo-los-bosques-andinos\/#breadcrumb","itemListElement":[{"@type":"ListItem","position":1,"name":"Portada","item":"https:\/\/fenixtravel.co\/"},{"@type":"ListItem","position":2,"name":"Shop","item":"https:\/\/fenixtravel.co\/shop\/"},{"@type":"ListItem","position":3,"name":"Ibagu\u00e9 al Natural &#8211; recorriendo los bosques andinos."}]},{"@type":"WebSite","@id":"https:\/\/fenixtravel.co\/#website","url":"https:\/\/fenixtravel.co\/","name":"fenixtravel.co","description":"","publisher":{"@id":"https:\/\/fenixtravel.co\/#organization"},"potentialAction":[{"@type":"SearchAction","target":{"@type":"EntryPoint","urlTemplate":"https:\/\/fenixtravel.co\/?s={search_term_string}"},"query-input":{"@type":"PropertyValueSpecification","valueRequired":true,"valueName":"search_term_string"}}],"inLanguage":"en-US"},{"@type":"Organization","@id":"https:\/\/fenixtravel.co\/#organization","name":"fenixtravel.co","url":"https:\/\/fenixtravel.co\/","logo":{"@type":"ImageObject","inLanguage":"en-US","@id":"https:\/\/fenixtravel.co\/#\/schema\/logo\/image\/","url":"https:\/\/fenixtravel.co\/wp-content\/uploads\/2025\/04\/1.png","contentUrl":"https:\/\/fenixtravel.co\/wp-content\/uploads\/2025\/04\/1.png","width":1287,"height":427,"caption":"fenixtravel.co"},"image":{"@id":"https:\/\/fenixtravel.co\/#\/schema\/logo\/image\/"},"sameAs":["https:\/\/www.facebook.com\/FenixTravelCol\/?locale=es_LA","https:\/\/www.instagram.com\/fenixtraveltours\/?hl=es-la"]}]}},"_links":{"self":[{"href":"https:\/\/fenixtravel.co\/en\/wp-json\/wp\/v2\/product\/10982","targetHints":{"allow":["GET"]}}],"collection":[{"href":"https:\/\/fenixtravel.co\/en\/wp-json\/wp\/v2\/product"}],"about":[{"href":"https:\/\/fenixtravel.co\/en\/wp-json\/wp\/v2\/types\/product"}],"replies":[{"embeddable":true,"href":"https:\/\/fenixtravel.co\/en\/wp-json\/wp\/v2\/comments?post=10982"}],"version-history":[{"count":1,"href":"https:\/\/fenixtravel.co\/en\/wp-json\/wp\/v2\/product\/10982\/revisions"}],"predecessor-version":[{"id":11847,"href":"https:\/\/fenixtravel.co\/en\/wp-json\/wp\/v2\/product\/10982\/revisions\/11847"}],"wp:featuredmedia":[{"embeddable":true,"href":"https:\/\/fenixtravel.co\/en\/wp-json\/wp\/v2\/media\/11043"}],"wp:attachment":[{"href":"https:\/\/fenixtravel.co\/en\/wp-json\/wp\/v2\/media?parent=10982"}],"wp:term":[{"taxonomy":"product_cat","embeddable":true,"href":"https:\/\/fenixtravel.co\/en\/wp-json\/wp\/v2\/product_cat?post=10982"},{"taxonomy":"product_tag","embeddable":true,"href":"https:\/\/fenixtravel.co\/en\/wp-json\/wp\/v2\/product_tag?post=10982"}],"curies":[{"name":"wp","href":"https:\/\/api.w.org\/{rel}","templated":true}]}}