{"id":10981,"date":"2025-05-20T23:18:13","date_gmt":"2025-05-20T23:18:13","guid":{"rendered":"https:\/\/fenixtravel.co\/?post_type=product&#038;p=10981"},"modified":"2026-01-08T17:06:00","modified_gmt":"2026-01-08T17:06:00","slug":"sendero-juntas-toche","status":"publish","type":"product","link":"https:\/\/fenixtravel.co\/en\/product\/sendero-juntas-toche\/","title":{"rendered":"Juntas \u2013 Toche Trail."},"content":{"rendered":"<p><span style=\"font-weight: 400;\">Emb\u00e1rcate en un recorrido m\u00e1gico a trav\u00e9s del majestuoso ca\u00f1\u00f3n del Combeima; la aventura comienza a 1.800 m.s.n.m. en el corregimiento de Juntas, ascendiendo hasta el alto del Oso. Desde all\u00ed, descender\u00e1s y conectar\u00e1s con el Valle de Normand\u00eda, continuando el camino que te llevar\u00e1 al corregimiento de Toche, zona rural de Ibagu\u00e9, donde tomaremos el alojamiento y disfrutaremos de deliciosas aguas termales. Tambi\u00e9n podr\u00e1s conocer el Cerro Volc\u00e1n Mach\u00edn, adornado por la imponente Palma de Cera, \u00e1rbol nacional de Colombia.\u00a0<\/span><\/p>","protected":false},"excerpt":{"rendered":"<p>Emb\u00e1rcate en un recorrido m\u00e1gico a trav\u00e9s del majestuoso ca\u00f1\u00f3n del Combeima; la aventura comienza a 1.800 m.s.n.m. en el corregimiento de Juntas, ascendiendo hasta el alto del Oso. Desde all\u00ed, descender\u00e1s y conectar\u00e1s con el Valle de Normand\u00eda, continuando el camino que te llevar\u00e1 al corregimiento de Toche, zona rural de Ibagu\u00e9, donde tomaremos [&hellip;]<\/p>","protected":false},"featured_media":11035,"comment_status":"open","ping_status":"closed","template":"","meta":{"_acf_changed":false,"om_disable_all_campaigns":false,"_monsterinsights_skip_tracking":false,"_monsterinsights_sitenote_active":false,"_monsterinsights_sitenote_note":"","_monsterinsights_sitenote_category":0},"product_cat":[73,56],"product_tag":[],"class_list":["post-10981","product","type-product","status-publish","has-post-thumbnail","hentry","product_cat-todos","product_cat-tolima"],"acf":[],"aioseo_notices":[],"yoast_head":"<!-- This site is optimized with the Yoast SEO plugin v26.7 - https:\/\/yoast.com\/wordpress\/plugins\/seo\/ -->\n<title>Sendero Juntas - Toche. - fenixtravel.co<\/title>\n<meta name=\"robots\" content=\"index, follow, max-snippet:-1, max-image-preview:large, max-video-preview:-1\" \/>\n<link rel=\"canonical\" href=\"https:\/\/fenixtravel.co\/en\/product\/sendero-juntas-toche\/\" \/>\n<meta property=\"og:locale\" content=\"en_US\" \/>\n<meta property=\"og:type\" content=\"article\" \/>\n<meta property=\"og:title\" content=\"Sendero Juntas - Toche. - fenixtravel.co\" \/>\n<meta property=\"og:description\" content=\"Emb\u00e1rcate en un recorrido m\u00e1gico a trav\u00e9s del majestuoso ca\u00f1\u00f3n del Combeima; la aventura comienza a 1.800 m.s.n.m. en el corregimiento de Juntas, ascendiendo hasta el alto del Oso. Desde all\u00ed, descender\u00e1s y conectar\u00e1s con el Valle de Normand\u00eda, continuando el camino que te llevar\u00e1 al corregimiento de Toche, zona rural de Ibagu\u00e9, donde tomaremos [&hellip;]\" \/>\n<meta property=\"og:url\" content=\"https:\/\/fenixtravel.co\/en\/product\/sendero-juntas-toche\/\" \/>\n<meta property=\"og:site_name\" content=\"fenixtravel.co\" \/>\n<meta property=\"article:publisher\" content=\"https:\/\/www.facebook.com\/FenixTravelCol\/?locale=es_LA\" \/>\n<meta property=\"article:modified_time\" content=\"2026-01-08T17:06:00+00:00\" \/>\n<meta property=\"og:image\" content=\"https:\/\/fenixtravel.co\/wp-content\/uploads\/2025\/05\/sendero-juntas-toche.png\" \/>\n\t<meta property=\"og:image:width\" content=\"1950\" \/>\n\t<meta property=\"og:image:height\" content=\"1102\" \/>\n\t<meta property=\"og:image:type\" content=\"image\/png\" \/>\n<meta name=\"twitter:card\" content=\"summary_large_image\" \/>\n<script type=\"application\/ld+json\" class=\"yoast-schema-graph\">{\"@context\":\"https:\/\/schema.org\",\"@graph\":[{\"@type\":\"WebPage\",\"@id\":\"https:\/\/fenixtravel.co\/producto\/sendero-juntas-toche\/\",\"url\":\"https:\/\/fenixtravel.co\/producto\/sendero-juntas-toche\/\",\"name\":\"Sendero Juntas - Toche. - fenixtravel.co\",\"isPartOf\":{\"@id\":\"https:\/\/fenixtravel.co\/#website\"},\"primaryImageOfPage\":{\"@id\":\"https:\/\/fenixtravel.co\/producto\/sendero-juntas-toche\/#primaryimage\"},\"image\":{\"@id\":\"https:\/\/fenixtravel.co\/producto\/sendero-juntas-toche\/#primaryimage\"},\"thumbnailUrl\":\"https:\/\/fenixtravel.co\/wp-content\/uploads\/2025\/05\/sendero-juntas-toche.png\",\"datePublished\":\"2025-05-20T23:18:13+00:00\",\"dateModified\":\"2026-01-08T17:06:00+00:00\",\"breadcrumb\":{\"@id\":\"https:\/\/fenixtravel.co\/producto\/sendero-juntas-toche\/#breadcrumb\"},\"inLanguage\":\"en-US\",\"potentialAction\":[{\"@type\":\"ReadAction\",\"target\":[\"https:\/\/fenixtravel.co\/producto\/sendero-juntas-toche\/\"]}]},{\"@type\":\"ImageObject\",\"inLanguage\":\"en-US\",\"@id\":\"https:\/\/fenixtravel.co\/producto\/sendero-juntas-toche\/#primaryimage\",\"url\":\"https:\/\/fenixtravel.co\/wp-content\/uploads\/2025\/05\/sendero-juntas-toche.png\",\"contentUrl\":\"https:\/\/fenixtravel.co\/wp-content\/uploads\/2025\/05\/sendero-juntas-toche.png\",\"width\":1950,\"height\":1102},{\"@type\":\"BreadcrumbList\",\"@id\":\"https:\/\/fenixtravel.co\/producto\/sendero-juntas-toche\/#breadcrumb\",\"itemListElement\":[{\"@type\":\"ListItem\",\"position\":1,\"name\":\"Portada\",\"item\":\"https:\/\/fenixtravel.co\/\"},{\"@type\":\"ListItem\",\"position\":2,\"name\":\"Shop\",\"item\":\"https:\/\/fenixtravel.co\/shop\/\"},{\"@type\":\"ListItem\",\"position\":3,\"name\":\"Sendero Juntas &#8211; Toche.\"}]},{\"@type\":\"WebSite\",\"@id\":\"https:\/\/fenixtravel.co\/#website\",\"url\":\"https:\/\/fenixtravel.co\/\",\"name\":\"fenixtravel.co\",\"description\":\"\",\"publisher\":{\"@id\":\"https:\/\/fenixtravel.co\/#organization\"},\"potentialAction\":[{\"@type\":\"SearchAction\",\"target\":{\"@type\":\"EntryPoint\",\"urlTemplate\":\"https:\/\/fenixtravel.co\/?s={search_term_string}\"},\"query-input\":{\"@type\":\"PropertyValueSpecification\",\"valueRequired\":true,\"valueName\":\"search_term_string\"}}],\"inLanguage\":\"en-US\"},{\"@type\":\"Organization\",\"@id\":\"https:\/\/fenixtravel.co\/#organization\",\"name\":\"fenixtravel.co\",\"url\":\"https:\/\/fenixtravel.co\/\",\"logo\":{\"@type\":\"ImageObject\",\"inLanguage\":\"en-US\",\"@id\":\"https:\/\/fenixtravel.co\/#\/schema\/logo\/image\/\",\"url\":\"https:\/\/fenixtravel.co\/wp-content\/uploads\/2025\/04\/1.png\",\"contentUrl\":\"https:\/\/fenixtravel.co\/wp-content\/uploads\/2025\/04\/1.png\",\"width\":1287,\"height\":427,\"caption\":\"fenixtravel.co\"},\"image\":{\"@id\":\"https:\/\/fenixtravel.co\/#\/schema\/logo\/image\/\"},\"sameAs\":[\"https:\/\/www.facebook.com\/FenixTravelCol\/?locale=es_LA\",\"https:\/\/www.instagram.com\/fenixtraveltours\/?hl=es-la\"]}]}<\/script>\n<!-- \/ Yoast SEO plugin. -->","yoast_head_json":{"title":"Sendero Juntas - Toche. - fenixtravel.co","robots":{"index":"index","follow":"follow","max-snippet":"max-snippet:-1","max-image-preview":"max-image-preview:large","max-video-preview":"max-video-preview:-1"},"canonical":"https:\/\/fenixtravel.co\/en\/product\/sendero-juntas-toche\/","og_locale":"en_US","og_type":"article","og_title":"Sendero Juntas - Toche. - fenixtravel.co","og_description":"Emb\u00e1rcate en un recorrido m\u00e1gico a trav\u00e9s del majestuoso ca\u00f1\u00f3n del Combeima; la aventura comienza a 1.800 m.s.n.m. en el corregimiento de Juntas, ascendiendo hasta el alto del Oso. Desde all\u00ed, descender\u00e1s y conectar\u00e1s con el Valle de Normand\u00eda, continuando el camino que te llevar\u00e1 al corregimiento de Toche, zona rural de Ibagu\u00e9, donde tomaremos [&hellip;]","og_url":"https:\/\/fenixtravel.co\/en\/product\/sendero-juntas-toche\/","og_site_name":"fenixtravel.co","article_publisher":"https:\/\/www.facebook.com\/FenixTravelCol\/?locale=es_LA","article_modified_time":"2026-01-08T17:06:00+00:00","og_image":[{"width":1950,"height":1102,"url":"https:\/\/fenixtravel.co\/wp-content\/uploads\/2025\/05\/sendero-juntas-toche.png","type":"image\/png"}],"twitter_card":"summary_large_image","schema":{"@context":"https:\/\/schema.org","@graph":[{"@type":"WebPage","@id":"https:\/\/fenixtravel.co\/producto\/sendero-juntas-toche\/","url":"https:\/\/fenixtravel.co\/producto\/sendero-juntas-toche\/","name":"Sendero Juntas - Toche. - fenixtravel.co","isPartOf":{"@id":"https:\/\/fenixtravel.co\/#website"},"primaryImageOfPage":{"@id":"https:\/\/fenixtravel.co\/producto\/sendero-juntas-toche\/#primaryimage"},"image":{"@id":"https:\/\/fenixtravel.co\/producto\/sendero-juntas-toche\/#primaryimage"},"thumbnailUrl":"https:\/\/fenixtravel.co\/wp-content\/uploads\/2025\/05\/sendero-juntas-toche.png","datePublished":"2025-05-20T23:18:13+00:00","dateModified":"2026-01-08T17:06:00+00:00","breadcrumb":{"@id":"https:\/\/fenixtravel.co\/producto\/sendero-juntas-toche\/#breadcrumb"},"inLanguage":"en-US","potentialAction":[{"@type":"ReadAction","target":["https:\/\/fenixtravel.co\/producto\/sendero-juntas-toche\/"]}]},{"@type":"ImageObject","inLanguage":"en-US","@id":"https:\/\/fenixtravel.co\/producto\/sendero-juntas-toche\/#primaryimage","url":"https:\/\/fenixtravel.co\/wp-content\/uploads\/2025\/05\/sendero-juntas-toche.png","contentUrl":"https:\/\/fenixtravel.co\/wp-content\/uploads\/2025\/05\/sendero-juntas-toche.png","width":1950,"height":1102},{"@type":"BreadcrumbList","@id":"https:\/\/fenixtravel.co\/producto\/sendero-juntas-toche\/#breadcrumb","itemListElement":[{"@type":"ListItem","position":1,"name":"Portada","item":"https:\/\/fenixtravel.co\/"},{"@type":"ListItem","position":2,"name":"Shop","item":"https:\/\/fenixtravel.co\/shop\/"},{"@type":"ListItem","position":3,"name":"Sendero Juntas &#8211; Toche."}]},{"@type":"WebSite","@id":"https:\/\/fenixtravel.co\/#website","url":"https:\/\/fenixtravel.co\/","name":"fenixtravel.co","description":"","publisher":{"@id":"https:\/\/fenixtravel.co\/#organization"},"potentialAction":[{"@type":"SearchAction","target":{"@type":"EntryPoint","urlTemplate":"https:\/\/fenixtravel.co\/?s={search_term_string}"},"query-input":{"@type":"PropertyValueSpecification","valueRequired":true,"valueName":"search_term_string"}}],"inLanguage":"en-US"},{"@type":"Organization","@id":"https:\/\/fenixtravel.co\/#organization","name":"fenixtravel.co","url":"https:\/\/fenixtravel.co\/","logo":{"@type":"ImageObject","inLanguage":"en-US","@id":"https:\/\/fenixtravel.co\/#\/schema\/logo\/image\/","url":"https:\/\/fenixtravel.co\/wp-content\/uploads\/2025\/04\/1.png","contentUrl":"https:\/\/fenixtravel.co\/wp-content\/uploads\/2025\/04\/1.png","width":1287,"height":427,"caption":"fenixtravel.co"},"image":{"@id":"https:\/\/fenixtravel.co\/#\/schema\/logo\/image\/"},"sameAs":["https:\/\/www.facebook.com\/FenixTravelCol\/?locale=es_LA","https:\/\/www.instagram.com\/fenixtraveltours\/?hl=es-la"]}]}},"_links":{"self":[{"href":"https:\/\/fenixtravel.co\/en\/wp-json\/wp\/v2\/product\/10981","targetHints":{"allow":["GET"]}}],"collection":[{"href":"https:\/\/fenixtravel.co\/en\/wp-json\/wp\/v2\/product"}],"about":[{"href":"https:\/\/fenixtravel.co\/en\/wp-json\/wp\/v2\/types\/product"}],"replies":[{"embeddable":true,"href":"https:\/\/fenixtravel.co\/en\/wp-json\/wp\/v2\/comments?post=10981"}],"version-history":[{"count":0,"href":"https:\/\/fenixtravel.co\/en\/wp-json\/wp\/v2\/product\/10981\/revisions"}],"wp:featuredmedia":[{"embeddable":true,"href":"https:\/\/fenixtravel.co\/en\/wp-json\/wp\/v2\/media\/11035"}],"wp:attachment":[{"href":"https:\/\/fenixtravel.co\/en\/wp-json\/wp\/v2\/media?parent=10981"}],"wp:term":[{"taxonomy":"product_cat","embeddable":true,"href":"https:\/\/fenixtravel.co\/en\/wp-json\/wp\/v2\/product_cat?post=10981"},{"taxonomy":"product_tag","embeddable":true,"href":"https:\/\/fenixtravel.co\/en\/wp-json\/wp\/v2\/product_tag?post=10981"}],"curies":[{"name":"wp","href":"https:\/\/api.w.org\/{rel}","templated":true}]}}