{"id":10978,"date":"2025-05-20T23:15:56","date_gmt":"2025-05-20T23:15:56","guid":{"rendered":"https:\/\/fenixtravel.co\/?post_type=product&#038;p=10978"},"modified":"2025-05-21T01:10:43","modified_gmt":"2025-05-21T01:10:43","slug":"travesia-por-el-rio-magdalena","status":"publish","type":"product","link":"https:\/\/fenixtravel.co\/en\/product\/travesia-por-el-rio-magdalena\/","title":{"rendered":"Traves\u00eda por el r\u00edo &#8211; Magdalena."},"content":{"rendered":"<p><span style=\"font-weight: 400;\">Navega a trav\u00e9s del majestuoso r\u00edo Magdalena, considerado como la principal arteria fluvial, comercial, natural y tur\u00edstica de Colombia. Sus aguas han sido fuente de inspiraci\u00f3n para juglares vallenatos, pintores y los escritores m\u00e1s reconocidos del pa\u00eds, entre los que se destaca Gabriel Garc\u00eda M\u00e1rquez y su obra El amor en los tiempos del c\u00f3lera. Disfruta de los pueblos coloniales del norte del Tolima a orillas del r\u00edo y emb\u00e1rcate en esta m\u00e1gica aventura.<\/span><\/p>","protected":false},"excerpt":{"rendered":"<p>Navega a trav\u00e9s del majestuoso r\u00edo Magdalena, considerado como la principal arteria fluvial, comercial, natural y tur\u00edstica de Colombia. Sus aguas han sido fuente de inspiraci\u00f3n para juglares vallenatos, pintores y los escritores m\u00e1s reconocidos del pa\u00eds, entre los que se destaca Gabriel Garc\u00eda M\u00e1rquez y su obra El amor en los tiempos del c\u00f3lera. [&hellip;]<\/p>","protected":false},"featured_media":11030,"comment_status":"open","ping_status":"closed","template":"","meta":{"_acf_changed":false,"om_disable_all_campaigns":false,"_monsterinsights_skip_tracking":false,"_monsterinsights_sitenote_active":false,"_monsterinsights_sitenote_note":"","_monsterinsights_sitenote_category":0},"product_cat":[73,56],"product_tag":[],"class_list":["post-10978","product","type-product","status-publish","has-post-thumbnail","hentry","product_cat-todos","product_cat-tolima"],"acf":[],"aioseo_notices":[],"yoast_head":"<!-- This site is optimized with the Yoast SEO plugin v26.7 - https:\/\/yoast.com\/wordpress\/plugins\/seo\/ -->\n<title>Traves\u00eda por el r\u00edo - Magdalena. - fenixtravel.co<\/title>\n<meta name=\"robots\" content=\"index, follow, max-snippet:-1, max-image-preview:large, max-video-preview:-1\" \/>\n<link rel=\"canonical\" href=\"https:\/\/fenixtravel.co\/en\/product\/travesia-por-el-rio-magdalena\/\" \/>\n<meta property=\"og:locale\" content=\"en_US\" \/>\n<meta property=\"og:type\" content=\"article\" \/>\n<meta property=\"og:title\" content=\"Traves\u00eda por el r\u00edo - Magdalena. - fenixtravel.co\" \/>\n<meta property=\"og:description\" content=\"Navega a trav\u00e9s del majestuoso r\u00edo Magdalena, considerado como la principal arteria fluvial, comercial, natural y tur\u00edstica de Colombia. Sus aguas han sido fuente de inspiraci\u00f3n para juglares vallenatos, pintores y los escritores m\u00e1s reconocidos del pa\u00eds, entre los que se destaca Gabriel Garc\u00eda M\u00e1rquez y su obra El amor en los tiempos del c\u00f3lera. [&hellip;]\" \/>\n<meta property=\"og:url\" content=\"https:\/\/fenixtravel.co\/en\/product\/travesia-por-el-rio-magdalena\/\" \/>\n<meta property=\"og:site_name\" content=\"fenixtravel.co\" \/>\n<meta property=\"article:publisher\" content=\"https:\/\/www.facebook.com\/FenixTravelCol\/?locale=es_LA\" \/>\n<meta property=\"article:modified_time\" content=\"2025-05-21T01:10:43+00:00\" \/>\n<meta property=\"og:image\" content=\"https:\/\/fenixtravel.co\/wp-content\/uploads\/2025\/05\/travesia-magdalena1-1024x578.png\" \/>\n\t<meta property=\"og:image:width\" content=\"1024\" \/>\n\t<meta property=\"og:image:height\" content=\"578\" \/>\n\t<meta property=\"og:image:type\" content=\"image\/png\" \/>\n<meta name=\"twitter:card\" content=\"summary_large_image\" \/>\n<script type=\"application\/ld+json\" class=\"yoast-schema-graph\">{\"@context\":\"https:\/\/schema.org\",\"@graph\":[{\"@type\":\"WebPage\",\"@id\":\"https:\/\/fenixtravel.co\/producto\/travesia-por-el-rio-magdalena\/\",\"url\":\"https:\/\/fenixtravel.co\/producto\/travesia-por-el-rio-magdalena\/\",\"name\":\"Traves\u00eda por el r\u00edo - Magdalena. - fenixtravel.co\",\"isPartOf\":{\"@id\":\"https:\/\/fenixtravel.co\/#website\"},\"primaryImageOfPage\":{\"@id\":\"https:\/\/fenixtravel.co\/producto\/travesia-por-el-rio-magdalena\/#primaryimage\"},\"image\":{\"@id\":\"https:\/\/fenixtravel.co\/producto\/travesia-por-el-rio-magdalena\/#primaryimage\"},\"thumbnailUrl\":\"https:\/\/fenixtravel.co\/wp-content\/uploads\/2025\/05\/travesia-magdalena1.png\",\"datePublished\":\"2025-05-20T23:15:56+00:00\",\"dateModified\":\"2025-05-21T01:10:43+00:00\",\"breadcrumb\":{\"@id\":\"https:\/\/fenixtravel.co\/producto\/travesia-por-el-rio-magdalena\/#breadcrumb\"},\"inLanguage\":\"en-US\",\"potentialAction\":[{\"@type\":\"ReadAction\",\"target\":[\"https:\/\/fenixtravel.co\/producto\/travesia-por-el-rio-magdalena\/\"]}]},{\"@type\":\"ImageObject\",\"inLanguage\":\"en-US\",\"@id\":\"https:\/\/fenixtravel.co\/producto\/travesia-por-el-rio-magdalena\/#primaryimage\",\"url\":\"https:\/\/fenixtravel.co\/wp-content\/uploads\/2025\/05\/travesia-magdalena1.png\",\"contentUrl\":\"https:\/\/fenixtravel.co\/wp-content\/uploads\/2025\/05\/travesia-magdalena1.png\",\"width\":1944,\"height\":1098},{\"@type\":\"BreadcrumbList\",\"@id\":\"https:\/\/fenixtravel.co\/producto\/travesia-por-el-rio-magdalena\/#breadcrumb\",\"itemListElement\":[{\"@type\":\"ListItem\",\"position\":1,\"name\":\"Portada\",\"item\":\"https:\/\/fenixtravel.co\/\"},{\"@type\":\"ListItem\",\"position\":2,\"name\":\"Shop\",\"item\":\"https:\/\/fenixtravel.co\/shop\/\"},{\"@type\":\"ListItem\",\"position\":3,\"name\":\"Traves\u00eda por el r\u00edo &#8211; Magdalena.\"}]},{\"@type\":\"WebSite\",\"@id\":\"https:\/\/fenixtravel.co\/#website\",\"url\":\"https:\/\/fenixtravel.co\/\",\"name\":\"fenixtravel.co\",\"description\":\"\",\"publisher\":{\"@id\":\"https:\/\/fenixtravel.co\/#organization\"},\"potentialAction\":[{\"@type\":\"SearchAction\",\"target\":{\"@type\":\"EntryPoint\",\"urlTemplate\":\"https:\/\/fenixtravel.co\/?s={search_term_string}\"},\"query-input\":{\"@type\":\"PropertyValueSpecification\",\"valueRequired\":true,\"valueName\":\"search_term_string\"}}],\"inLanguage\":\"en-US\"},{\"@type\":\"Organization\",\"@id\":\"https:\/\/fenixtravel.co\/#organization\",\"name\":\"fenixtravel.co\",\"url\":\"https:\/\/fenixtravel.co\/\",\"logo\":{\"@type\":\"ImageObject\",\"inLanguage\":\"en-US\",\"@id\":\"https:\/\/fenixtravel.co\/#\/schema\/logo\/image\/\",\"url\":\"https:\/\/fenixtravel.co\/wp-content\/uploads\/2025\/04\/1.png\",\"contentUrl\":\"https:\/\/fenixtravel.co\/wp-content\/uploads\/2025\/04\/1.png\",\"width\":1287,\"height\":427,\"caption\":\"fenixtravel.co\"},\"image\":{\"@id\":\"https:\/\/fenixtravel.co\/#\/schema\/logo\/image\/\"},\"sameAs\":[\"https:\/\/www.facebook.com\/FenixTravelCol\/?locale=es_LA\",\"https:\/\/www.instagram.com\/fenixtraveltours\/?hl=es-la\"]}]}<\/script>\n<!-- \/ Yoast SEO plugin. -->","yoast_head_json":{"title":"Traves\u00eda por el r\u00edo - Magdalena. - fenixtravel.co","robots":{"index":"index","follow":"follow","max-snippet":"max-snippet:-1","max-image-preview":"max-image-preview:large","max-video-preview":"max-video-preview:-1"},"canonical":"https:\/\/fenixtravel.co\/en\/product\/travesia-por-el-rio-magdalena\/","og_locale":"en_US","og_type":"article","og_title":"Traves\u00eda por el r\u00edo - Magdalena. - fenixtravel.co","og_description":"Navega a trav\u00e9s del majestuoso r\u00edo Magdalena, considerado como la principal arteria fluvial, comercial, natural y tur\u00edstica de Colombia. Sus aguas han sido fuente de inspiraci\u00f3n para juglares vallenatos, pintores y los escritores m\u00e1s reconocidos del pa\u00eds, entre los que se destaca Gabriel Garc\u00eda M\u00e1rquez y su obra El amor en los tiempos del c\u00f3lera. [&hellip;]","og_url":"https:\/\/fenixtravel.co\/en\/product\/travesia-por-el-rio-magdalena\/","og_site_name":"fenixtravel.co","article_publisher":"https:\/\/www.facebook.com\/FenixTravelCol\/?locale=es_LA","article_modified_time":"2025-05-21T01:10:43+00:00","og_image":[{"width":1024,"height":578,"url":"https:\/\/fenixtravel.co\/wp-content\/uploads\/2025\/05\/travesia-magdalena1-1024x578.png","type":"image\/png"}],"twitter_card":"summary_large_image","schema":{"@context":"https:\/\/schema.org","@graph":[{"@type":"WebPage","@id":"https:\/\/fenixtravel.co\/producto\/travesia-por-el-rio-magdalena\/","url":"https:\/\/fenixtravel.co\/producto\/travesia-por-el-rio-magdalena\/","name":"Traves\u00eda por el r\u00edo - Magdalena. - fenixtravel.co","isPartOf":{"@id":"https:\/\/fenixtravel.co\/#website"},"primaryImageOfPage":{"@id":"https:\/\/fenixtravel.co\/producto\/travesia-por-el-rio-magdalena\/#primaryimage"},"image":{"@id":"https:\/\/fenixtravel.co\/producto\/travesia-por-el-rio-magdalena\/#primaryimage"},"thumbnailUrl":"https:\/\/fenixtravel.co\/wp-content\/uploads\/2025\/05\/travesia-magdalena1.png","datePublished":"2025-05-20T23:15:56+00:00","dateModified":"2025-05-21T01:10:43+00:00","breadcrumb":{"@id":"https:\/\/fenixtravel.co\/producto\/travesia-por-el-rio-magdalena\/#breadcrumb"},"inLanguage":"en-US","potentialAction":[{"@type":"ReadAction","target":["https:\/\/fenixtravel.co\/producto\/travesia-por-el-rio-magdalena\/"]}]},{"@type":"ImageObject","inLanguage":"en-US","@id":"https:\/\/fenixtravel.co\/producto\/travesia-por-el-rio-magdalena\/#primaryimage","url":"https:\/\/fenixtravel.co\/wp-content\/uploads\/2025\/05\/travesia-magdalena1.png","contentUrl":"https:\/\/fenixtravel.co\/wp-content\/uploads\/2025\/05\/travesia-magdalena1.png","width":1944,"height":1098},{"@type":"BreadcrumbList","@id":"https:\/\/fenixtravel.co\/producto\/travesia-por-el-rio-magdalena\/#breadcrumb","itemListElement":[{"@type":"ListItem","position":1,"name":"Portada","item":"https:\/\/fenixtravel.co\/"},{"@type":"ListItem","position":2,"name":"Shop","item":"https:\/\/fenixtravel.co\/shop\/"},{"@type":"ListItem","position":3,"name":"Traves\u00eda por el r\u00edo &#8211; Magdalena."}]},{"@type":"WebSite","@id":"https:\/\/fenixtravel.co\/#website","url":"https:\/\/fenixtravel.co\/","name":"fenixtravel.co","description":"","publisher":{"@id":"https:\/\/fenixtravel.co\/#organization"},"potentialAction":[{"@type":"SearchAction","target":{"@type":"EntryPoint","urlTemplate":"https:\/\/fenixtravel.co\/?s={search_term_string}"},"query-input":{"@type":"PropertyValueSpecification","valueRequired":true,"valueName":"search_term_string"}}],"inLanguage":"en-US"},{"@type":"Organization","@id":"https:\/\/fenixtravel.co\/#organization","name":"fenixtravel.co","url":"https:\/\/fenixtravel.co\/","logo":{"@type":"ImageObject","inLanguage":"en-US","@id":"https:\/\/fenixtravel.co\/#\/schema\/logo\/image\/","url":"https:\/\/fenixtravel.co\/wp-content\/uploads\/2025\/04\/1.png","contentUrl":"https:\/\/fenixtravel.co\/wp-content\/uploads\/2025\/04\/1.png","width":1287,"height":427,"caption":"fenixtravel.co"},"image":{"@id":"https:\/\/fenixtravel.co\/#\/schema\/logo\/image\/"},"sameAs":["https:\/\/www.facebook.com\/FenixTravelCol\/?locale=es_LA","https:\/\/www.instagram.com\/fenixtraveltours\/?hl=es-la"]}]}},"_links":{"self":[{"href":"https:\/\/fenixtravel.co\/en\/wp-json\/wp\/v2\/product\/10978","targetHints":{"allow":["GET"]}}],"collection":[{"href":"https:\/\/fenixtravel.co\/en\/wp-json\/wp\/v2\/product"}],"about":[{"href":"https:\/\/fenixtravel.co\/en\/wp-json\/wp\/v2\/types\/product"}],"replies":[{"embeddable":true,"href":"https:\/\/fenixtravel.co\/en\/wp-json\/wp\/v2\/comments?post=10978"}],"version-history":[{"count":0,"href":"https:\/\/fenixtravel.co\/en\/wp-json\/wp\/v2\/product\/10978\/revisions"}],"wp:featuredmedia":[{"embeddable":true,"href":"https:\/\/fenixtravel.co\/en\/wp-json\/wp\/v2\/media\/11030"}],"wp:attachment":[{"href":"https:\/\/fenixtravel.co\/en\/wp-json\/wp\/v2\/media?parent=10978"}],"wp:term":[{"taxonomy":"product_cat","embeddable":true,"href":"https:\/\/fenixtravel.co\/en\/wp-json\/wp\/v2\/product_cat?post=10978"},{"taxonomy":"product_tag","embeddable":true,"href":"https:\/\/fenixtravel.co\/en\/wp-json\/wp\/v2\/product_tag?post=10978"}],"curies":[{"name":"wp","href":"https:\/\/api.w.org\/{rel}","templated":true}]}}