{"id":10977,"date":"2025-05-20T23:15:14","date_gmt":"2025-05-20T23:15:14","guid":{"rendered":"https:\/\/fenixtravel.co\/?post_type=product&#038;p=10977"},"modified":"2025-05-21T01:04:38","modified_gmt":"2025-05-21T01:04:38","slug":"ibague-ciudad-creativa","status":"publish","type":"product","link":"https:\/\/fenixtravel.co\/en\/product\/ibague-ciudad-creativa\/","title":{"rendered":"Ibagu\u00e9 Creative City."},"content":{"rendered":"<p><span style=\"font-weight: 400;\">Recorre la Capital Musical de Colombia y ad\u00e9ntrate en su cultura e historia. En esta ruta podr\u00e1s conocer distintos museos como el Museo Pan\u00f3ptico, el Museo Mundo Sonoro, plazas, teatros, iglesias y casas antiguas, que muestran el trayecto de la musical a trav\u00e9s de su arquitectura que conserva el legado de la \u00e9poca colonial y republicana. Podr\u00e1s visitar el conservatorio de m\u00fasica del Tolima con su imponente sala Alberto Castilla, cuna de grandes compositores y emblema representativo de la tradici\u00f3n musical que ha tenido la ciudad, llev\u00e1ndola a ser reconocida dentro de la Red de Ciudades Creativas de la Unesco en la categor\u00eda de la M\u00fasica.<\/span><\/p>","protected":false},"excerpt":{"rendered":"<p>Recorre la Capital Musical de Colombia y ad\u00e9ntrate en su cultura e historia. En esta ruta podr\u00e1s conocer distintos museos como el Museo Pan\u00f3ptico, el Museo Mundo Sonoro, plazas, teatros, iglesias y casas antiguas, que muestran el trayecto de la musical a trav\u00e9s de su arquitectura que conserva el legado de la \u00e9poca colonial y [&hellip;]<\/p>","protected":false},"featured_media":11028,"comment_status":"open","ping_status":"closed","template":"","meta":{"_acf_changed":false,"om_disable_all_campaigns":false,"_monsterinsights_skip_tracking":false,"_monsterinsights_sitenote_active":false,"_monsterinsights_sitenote_note":"","_monsterinsights_sitenote_category":0},"product_cat":[73,56],"product_tag":[],"class_list":["post-10977","product","type-product","status-publish","has-post-thumbnail","hentry","product_cat-todos","product_cat-tolima"],"acf":[],"aioseo_notices":[],"yoast_head":"<!-- This site is optimized with the Yoast SEO plugin v26.7 - https:\/\/yoast.com\/wordpress\/plugins\/seo\/ -->\n<title>Ibagu\u00e9 ciudad creativa. - fenixtravel.co<\/title>\n<meta name=\"robots\" content=\"index, follow, max-snippet:-1, max-image-preview:large, max-video-preview:-1\" \/>\n<link rel=\"canonical\" href=\"https:\/\/fenixtravel.co\/en\/product\/ibague-ciudad-creativa\/\" \/>\n<meta property=\"og:locale\" content=\"en_US\" \/>\n<meta property=\"og:type\" content=\"article\" \/>\n<meta property=\"og:title\" content=\"Ibagu\u00e9 ciudad creativa. - fenixtravel.co\" \/>\n<meta property=\"og:description\" content=\"Recorre la Capital Musical de Colombia y ad\u00e9ntrate en su cultura e historia. En esta ruta podr\u00e1s conocer distintos museos como el Museo Pan\u00f3ptico, el Museo Mundo Sonoro, plazas, teatros, iglesias y casas antiguas, que muestran el trayecto de la musical a trav\u00e9s de su arquitectura que conserva el legado de la \u00e9poca colonial y [&hellip;]\" \/>\n<meta property=\"og:url\" content=\"https:\/\/fenixtravel.co\/en\/product\/ibague-ciudad-creativa\/\" \/>\n<meta property=\"og:site_name\" content=\"fenixtravel.co\" \/>\n<meta property=\"article:publisher\" content=\"https:\/\/www.facebook.com\/FenixTravelCol\/?locale=es_LA\" \/>\n<meta property=\"article:modified_time\" content=\"2025-05-21T01:04:38+00:00\" \/>\n<meta property=\"og:image\" content=\"https:\/\/fenixtravel.co\/wp-content\/uploads\/2025\/05\/creativa-ibague8-1024x581.png\" \/>\n\t<meta property=\"og:image:width\" content=\"1024\" \/>\n\t<meta property=\"og:image:height\" content=\"581\" \/>\n\t<meta property=\"og:image:type\" content=\"image\/png\" \/>\n<meta name=\"twitter:card\" content=\"summary_large_image\" \/>\n<meta name=\"twitter:label1\" content=\"Est. reading time\" \/>\n\t<meta name=\"twitter:data1\" content=\"1 minute\" \/>\n<script type=\"application\/ld+json\" class=\"yoast-schema-graph\">{\"@context\":\"https:\/\/schema.org\",\"@graph\":[{\"@type\":\"WebPage\",\"@id\":\"https:\/\/fenixtravel.co\/producto\/ibague-ciudad-creativa\/\",\"url\":\"https:\/\/fenixtravel.co\/producto\/ibague-ciudad-creativa\/\",\"name\":\"Ibagu\u00e9 ciudad creativa. - fenixtravel.co\",\"isPartOf\":{\"@id\":\"https:\/\/fenixtravel.co\/#website\"},\"primaryImageOfPage\":{\"@id\":\"https:\/\/fenixtravel.co\/producto\/ibague-ciudad-creativa\/#primaryimage\"},\"image\":{\"@id\":\"https:\/\/fenixtravel.co\/producto\/ibague-ciudad-creativa\/#primaryimage\"},\"thumbnailUrl\":\"https:\/\/fenixtravel.co\/wp-content\/uploads\/2025\/05\/creativa-ibague8.png\",\"datePublished\":\"2025-05-20T23:15:14+00:00\",\"dateModified\":\"2025-05-21T01:04:38+00:00\",\"breadcrumb\":{\"@id\":\"https:\/\/fenixtravel.co\/producto\/ibague-ciudad-creativa\/#breadcrumb\"},\"inLanguage\":\"en-US\",\"potentialAction\":[{\"@type\":\"ReadAction\",\"target\":[\"https:\/\/fenixtravel.co\/producto\/ibague-ciudad-creativa\/\"]}]},{\"@type\":\"ImageObject\",\"inLanguage\":\"en-US\",\"@id\":\"https:\/\/fenixtravel.co\/producto\/ibague-ciudad-creativa\/#primaryimage\",\"url\":\"https:\/\/fenixtravel.co\/wp-content\/uploads\/2025\/05\/creativa-ibague8.png\",\"contentUrl\":\"https:\/\/fenixtravel.co\/wp-content\/uploads\/2025\/05\/creativa-ibague8.png\",\"width\":1938,\"height\":1100},{\"@type\":\"BreadcrumbList\",\"@id\":\"https:\/\/fenixtravel.co\/producto\/ibague-ciudad-creativa\/#breadcrumb\",\"itemListElement\":[{\"@type\":\"ListItem\",\"position\":1,\"name\":\"Portada\",\"item\":\"https:\/\/fenixtravel.co\/\"},{\"@type\":\"ListItem\",\"position\":2,\"name\":\"Shop\",\"item\":\"https:\/\/fenixtravel.co\/shop\/\"},{\"@type\":\"ListItem\",\"position\":3,\"name\":\"Ibagu\u00e9 ciudad creativa.\"}]},{\"@type\":\"WebSite\",\"@id\":\"https:\/\/fenixtravel.co\/#website\",\"url\":\"https:\/\/fenixtravel.co\/\",\"name\":\"fenixtravel.co\",\"description\":\"\",\"publisher\":{\"@id\":\"https:\/\/fenixtravel.co\/#organization\"},\"potentialAction\":[{\"@type\":\"SearchAction\",\"target\":{\"@type\":\"EntryPoint\",\"urlTemplate\":\"https:\/\/fenixtravel.co\/?s={search_term_string}\"},\"query-input\":{\"@type\":\"PropertyValueSpecification\",\"valueRequired\":true,\"valueName\":\"search_term_string\"}}],\"inLanguage\":\"en-US\"},{\"@type\":\"Organization\",\"@id\":\"https:\/\/fenixtravel.co\/#organization\",\"name\":\"fenixtravel.co\",\"url\":\"https:\/\/fenixtravel.co\/\",\"logo\":{\"@type\":\"ImageObject\",\"inLanguage\":\"en-US\",\"@id\":\"https:\/\/fenixtravel.co\/#\/schema\/logo\/image\/\",\"url\":\"https:\/\/fenixtravel.co\/wp-content\/uploads\/2025\/04\/1.png\",\"contentUrl\":\"https:\/\/fenixtravel.co\/wp-content\/uploads\/2025\/04\/1.png\",\"width\":1287,\"height\":427,\"caption\":\"fenixtravel.co\"},\"image\":{\"@id\":\"https:\/\/fenixtravel.co\/#\/schema\/logo\/image\/\"},\"sameAs\":[\"https:\/\/www.facebook.com\/FenixTravelCol\/?locale=es_LA\",\"https:\/\/www.instagram.com\/fenixtraveltours\/?hl=es-la\"]}]}<\/script>\n<!-- \/ Yoast SEO plugin. -->","yoast_head_json":{"title":"Ibagu\u00e9 ciudad creativa. - fenixtravel.co","robots":{"index":"index","follow":"follow","max-snippet":"max-snippet:-1","max-image-preview":"max-image-preview:large","max-video-preview":"max-video-preview:-1"},"canonical":"https:\/\/fenixtravel.co\/en\/product\/ibague-ciudad-creativa\/","og_locale":"en_US","og_type":"article","og_title":"Ibagu\u00e9 ciudad creativa. - fenixtravel.co","og_description":"Recorre la Capital Musical de Colombia y ad\u00e9ntrate en su cultura e historia. En esta ruta podr\u00e1s conocer distintos museos como el Museo Pan\u00f3ptico, el Museo Mundo Sonoro, plazas, teatros, iglesias y casas antiguas, que muestran el trayecto de la musical a trav\u00e9s de su arquitectura que conserva el legado de la \u00e9poca colonial y [&hellip;]","og_url":"https:\/\/fenixtravel.co\/en\/product\/ibague-ciudad-creativa\/","og_site_name":"fenixtravel.co","article_publisher":"https:\/\/www.facebook.com\/FenixTravelCol\/?locale=es_LA","article_modified_time":"2025-05-21T01:04:38+00:00","og_image":[{"width":1024,"height":581,"url":"https:\/\/fenixtravel.co\/wp-content\/uploads\/2025\/05\/creativa-ibague8-1024x581.png","type":"image\/png"}],"twitter_card":"summary_large_image","twitter_misc":{"Est. reading time":"1 minute"},"schema":{"@context":"https:\/\/schema.org","@graph":[{"@type":"WebPage","@id":"https:\/\/fenixtravel.co\/producto\/ibague-ciudad-creativa\/","url":"https:\/\/fenixtravel.co\/producto\/ibague-ciudad-creativa\/","name":"Ibagu\u00e9 ciudad creativa. - fenixtravel.co","isPartOf":{"@id":"https:\/\/fenixtravel.co\/#website"},"primaryImageOfPage":{"@id":"https:\/\/fenixtravel.co\/producto\/ibague-ciudad-creativa\/#primaryimage"},"image":{"@id":"https:\/\/fenixtravel.co\/producto\/ibague-ciudad-creativa\/#primaryimage"},"thumbnailUrl":"https:\/\/fenixtravel.co\/wp-content\/uploads\/2025\/05\/creativa-ibague8.png","datePublished":"2025-05-20T23:15:14+00:00","dateModified":"2025-05-21T01:04:38+00:00","breadcrumb":{"@id":"https:\/\/fenixtravel.co\/producto\/ibague-ciudad-creativa\/#breadcrumb"},"inLanguage":"en-US","potentialAction":[{"@type":"ReadAction","target":["https:\/\/fenixtravel.co\/producto\/ibague-ciudad-creativa\/"]}]},{"@type":"ImageObject","inLanguage":"en-US","@id":"https:\/\/fenixtravel.co\/producto\/ibague-ciudad-creativa\/#primaryimage","url":"https:\/\/fenixtravel.co\/wp-content\/uploads\/2025\/05\/creativa-ibague8.png","contentUrl":"https:\/\/fenixtravel.co\/wp-content\/uploads\/2025\/05\/creativa-ibague8.png","width":1938,"height":1100},{"@type":"BreadcrumbList","@id":"https:\/\/fenixtravel.co\/producto\/ibague-ciudad-creativa\/#breadcrumb","itemListElement":[{"@type":"ListItem","position":1,"name":"Portada","item":"https:\/\/fenixtravel.co\/"},{"@type":"ListItem","position":2,"name":"Shop","item":"https:\/\/fenixtravel.co\/shop\/"},{"@type":"ListItem","position":3,"name":"Ibagu\u00e9 ciudad creativa."}]},{"@type":"WebSite","@id":"https:\/\/fenixtravel.co\/#website","url":"https:\/\/fenixtravel.co\/","name":"fenixtravel.co","description":"","publisher":{"@id":"https:\/\/fenixtravel.co\/#organization"},"potentialAction":[{"@type":"SearchAction","target":{"@type":"EntryPoint","urlTemplate":"https:\/\/fenixtravel.co\/?s={search_term_string}"},"query-input":{"@type":"PropertyValueSpecification","valueRequired":true,"valueName":"search_term_string"}}],"inLanguage":"en-US"},{"@type":"Organization","@id":"https:\/\/fenixtravel.co\/#organization","name":"fenixtravel.co","url":"https:\/\/fenixtravel.co\/","logo":{"@type":"ImageObject","inLanguage":"en-US","@id":"https:\/\/fenixtravel.co\/#\/schema\/logo\/image\/","url":"https:\/\/fenixtravel.co\/wp-content\/uploads\/2025\/04\/1.png","contentUrl":"https:\/\/fenixtravel.co\/wp-content\/uploads\/2025\/04\/1.png","width":1287,"height":427,"caption":"fenixtravel.co"},"image":{"@id":"https:\/\/fenixtravel.co\/#\/schema\/logo\/image\/"},"sameAs":["https:\/\/www.facebook.com\/FenixTravelCol\/?locale=es_LA","https:\/\/www.instagram.com\/fenixtraveltours\/?hl=es-la"]}]}},"_links":{"self":[{"href":"https:\/\/fenixtravel.co\/en\/wp-json\/wp\/v2\/product\/10977","targetHints":{"allow":["GET"]}}],"collection":[{"href":"https:\/\/fenixtravel.co\/en\/wp-json\/wp\/v2\/product"}],"about":[{"href":"https:\/\/fenixtravel.co\/en\/wp-json\/wp\/v2\/types\/product"}],"replies":[{"embeddable":true,"href":"https:\/\/fenixtravel.co\/en\/wp-json\/wp\/v2\/comments?post=10977"}],"version-history":[{"count":0,"href":"https:\/\/fenixtravel.co\/en\/wp-json\/wp\/v2\/product\/10977\/revisions"}],"wp:featuredmedia":[{"embeddable":true,"href":"https:\/\/fenixtravel.co\/en\/wp-json\/wp\/v2\/media\/11028"}],"wp:attachment":[{"href":"https:\/\/fenixtravel.co\/en\/wp-json\/wp\/v2\/media?parent=10977"}],"wp:term":[{"taxonomy":"product_cat","embeddable":true,"href":"https:\/\/fenixtravel.co\/en\/wp-json\/wp\/v2\/product_cat?post=10977"},{"taxonomy":"product_tag","embeddable":true,"href":"https:\/\/fenixtravel.co\/en\/wp-json\/wp\/v2\/product_tag?post=10977"}],"curies":[{"name":"wp","href":"https:\/\/api.w.org\/{rel}","templated":true}]}}