{"id":10976,"date":"2025-05-20T23:14:34","date_gmt":"2025-05-20T23:14:34","guid":{"rendered":"https:\/\/fenixtravel.co\/?post_type=product&#038;p=10976"},"modified":"2025-05-21T01:01:59","modified_gmt":"2025-05-21T01:01:59","slug":"city-tour-cultural-ibague","status":"publish","type":"product","link":"https:\/\/fenixtravel.co\/en\/product\/city-tour-cultural-ibague\/","title":{"rendered":"Cultural City Tour IBAGU\u00c9."},"content":{"rendered":"<p><span style=\"font-weight: 400;\">Descubre el coraz\u00f3n de Ibagu\u00e9 en un viaje lleno de historia y cultura, en un recorrido de 470 a\u00f1os, desde su fundaci\u00f3n en 1550 por el capit\u00e1n espa\u00f1ol Andr\u00e9s L\u00f3pez de Galarza. Durante este trayecto conocer\u00e1s la belleza arquitect\u00f3nica y el patrimonio de la ciudad visitando algunos atractivos como: la Catedral Metropolitana de Ibagu\u00e9, la Plaza de Bol\u00edvar, el Edificio Nacional, el Conservatorio de M\u00fasica con su imponente Sala Alberto Castilla, el Teatro Tolima, la Plazoleta de la M\u00fasica, el Museo Pan\u00f3ptico de Ibagu\u00e9. Al finalizar, tendr\u00e1n la oportunidad de fascinar sus paladares con una cata de caf\u00e9 especial.\u00a0<\/span><\/p>","protected":false},"excerpt":{"rendered":"<p>Descubre el coraz\u00f3n de Ibagu\u00e9 en un viaje lleno de historia y cultura, en un recorrido de 470 a\u00f1os, desde su fundaci\u00f3n en 1550 por el capit\u00e1n espa\u00f1ol Andr\u00e9s L\u00f3pez de Galarza. Durante este trayecto conocer\u00e1s la belleza arquitect\u00f3nica y el patrimonio de la ciudad visitando algunos atractivos como: la Catedral Metropolitana de Ibagu\u00e9, la [&hellip;]<\/p>","protected":false},"featured_media":11021,"comment_status":"open","ping_status":"closed","template":"","meta":{"_acf_changed":false,"om_disable_all_campaigns":false,"_monsterinsights_skip_tracking":false,"_monsterinsights_sitenote_active":false,"_monsterinsights_sitenote_note":"","_monsterinsights_sitenote_category":0},"product_cat":[73,56],"product_tag":[],"class_list":["post-10976","product","type-product","status-publish","has-post-thumbnail","hentry","product_cat-todos","product_cat-tolima"],"acf":[],"aioseo_notices":[],"yoast_head":"<!-- This site is optimized with the Yoast SEO plugin v26.7 - https:\/\/yoast.com\/wordpress\/plugins\/seo\/ -->\n<title>City tour cultural IBAGU\u00c9. - fenixtravel.co<\/title>\n<meta name=\"robots\" content=\"index, follow, max-snippet:-1, max-image-preview:large, max-video-preview:-1\" \/>\n<link rel=\"canonical\" href=\"https:\/\/fenixtravel.co\/en\/product\/city-tour-cultural-ibague\/\" \/>\n<meta property=\"og:locale\" content=\"en_US\" \/>\n<meta property=\"og:type\" content=\"article\" \/>\n<meta property=\"og:title\" content=\"City tour cultural IBAGU\u00c9. - fenixtravel.co\" \/>\n<meta property=\"og:description\" content=\"Descubre el coraz\u00f3n de Ibagu\u00e9 en un viaje lleno de historia y cultura, en un recorrido de 470 a\u00f1os, desde su fundaci\u00f3n en 1550 por el capit\u00e1n espa\u00f1ol Andr\u00e9s L\u00f3pez de Galarza. Durante este trayecto conocer\u00e1s la belleza arquitect\u00f3nica y el patrimonio de la ciudad visitando algunos atractivos como: la Catedral Metropolitana de Ibagu\u00e9, la [&hellip;]\" \/>\n<meta property=\"og:url\" content=\"https:\/\/fenixtravel.co\/en\/product\/city-tour-cultural-ibague\/\" \/>\n<meta property=\"og:site_name\" content=\"fenixtravel.co\" \/>\n<meta property=\"article:publisher\" content=\"https:\/\/www.facebook.com\/FenixTravelCol\/?locale=es_LA\" \/>\n<meta property=\"article:modified_time\" content=\"2025-05-21T01:01:59+00:00\" \/>\n<meta property=\"og:image\" content=\"https:\/\/fenixtravel.co\/wp-content\/uploads\/2025\/05\/cultural-ibague1-1024x582.png\" \/>\n\t<meta property=\"og:image:width\" content=\"1024\" \/>\n\t<meta property=\"og:image:height\" content=\"582\" \/>\n\t<meta property=\"og:image:type\" content=\"image\/png\" \/>\n<meta name=\"twitter:card\" content=\"summary_large_image\" \/>\n<meta name=\"twitter:label1\" content=\"Est. reading time\" \/>\n\t<meta name=\"twitter:data1\" content=\"1 minute\" \/>\n<script type=\"application\/ld+json\" class=\"yoast-schema-graph\">{\"@context\":\"https:\/\/schema.org\",\"@graph\":[{\"@type\":\"WebPage\",\"@id\":\"https:\/\/fenixtravel.co\/producto\/city-tour-cultural-ibague\/\",\"url\":\"https:\/\/fenixtravel.co\/producto\/city-tour-cultural-ibague\/\",\"name\":\"City tour cultural IBAGU\u00c9. - fenixtravel.co\",\"isPartOf\":{\"@id\":\"https:\/\/fenixtravel.co\/#website\"},\"primaryImageOfPage\":{\"@id\":\"https:\/\/fenixtravel.co\/producto\/city-tour-cultural-ibague\/#primaryimage\"},\"image\":{\"@id\":\"https:\/\/fenixtravel.co\/producto\/city-tour-cultural-ibague\/#primaryimage\"},\"thumbnailUrl\":\"https:\/\/fenixtravel.co\/wp-content\/uploads\/2025\/05\/cultural-ibague1.png\",\"datePublished\":\"2025-05-20T23:14:34+00:00\",\"dateModified\":\"2025-05-21T01:01:59+00:00\",\"breadcrumb\":{\"@id\":\"https:\/\/fenixtravel.co\/producto\/city-tour-cultural-ibague\/#breadcrumb\"},\"inLanguage\":\"en-US\",\"potentialAction\":[{\"@type\":\"ReadAction\",\"target\":[\"https:\/\/fenixtravel.co\/producto\/city-tour-cultural-ibague\/\"]}]},{\"@type\":\"ImageObject\",\"inLanguage\":\"en-US\",\"@id\":\"https:\/\/fenixtravel.co\/producto\/city-tour-cultural-ibague\/#primaryimage\",\"url\":\"https:\/\/fenixtravel.co\/wp-content\/uploads\/2025\/05\/cultural-ibague1.png\",\"contentUrl\":\"https:\/\/fenixtravel.co\/wp-content\/uploads\/2025\/05\/cultural-ibague1.png\",\"width\":1936,\"height\":1100},{\"@type\":\"BreadcrumbList\",\"@id\":\"https:\/\/fenixtravel.co\/producto\/city-tour-cultural-ibague\/#breadcrumb\",\"itemListElement\":[{\"@type\":\"ListItem\",\"position\":1,\"name\":\"Portada\",\"item\":\"https:\/\/fenixtravel.co\/\"},{\"@type\":\"ListItem\",\"position\":2,\"name\":\"Shop\",\"item\":\"https:\/\/fenixtravel.co\/shop\/\"},{\"@type\":\"ListItem\",\"position\":3,\"name\":\"City tour cultural IBAGU\u00c9.\"}]},{\"@type\":\"WebSite\",\"@id\":\"https:\/\/fenixtravel.co\/#website\",\"url\":\"https:\/\/fenixtravel.co\/\",\"name\":\"fenixtravel.co\",\"description\":\"\",\"publisher\":{\"@id\":\"https:\/\/fenixtravel.co\/#organization\"},\"potentialAction\":[{\"@type\":\"SearchAction\",\"target\":{\"@type\":\"EntryPoint\",\"urlTemplate\":\"https:\/\/fenixtravel.co\/?s={search_term_string}\"},\"query-input\":{\"@type\":\"PropertyValueSpecification\",\"valueRequired\":true,\"valueName\":\"search_term_string\"}}],\"inLanguage\":\"en-US\"},{\"@type\":\"Organization\",\"@id\":\"https:\/\/fenixtravel.co\/#organization\",\"name\":\"fenixtravel.co\",\"url\":\"https:\/\/fenixtravel.co\/\",\"logo\":{\"@type\":\"ImageObject\",\"inLanguage\":\"en-US\",\"@id\":\"https:\/\/fenixtravel.co\/#\/schema\/logo\/image\/\",\"url\":\"https:\/\/fenixtravel.co\/wp-content\/uploads\/2025\/04\/1.png\",\"contentUrl\":\"https:\/\/fenixtravel.co\/wp-content\/uploads\/2025\/04\/1.png\",\"width\":1287,\"height\":427,\"caption\":\"fenixtravel.co\"},\"image\":{\"@id\":\"https:\/\/fenixtravel.co\/#\/schema\/logo\/image\/\"},\"sameAs\":[\"https:\/\/www.facebook.com\/FenixTravelCol\/?locale=es_LA\",\"https:\/\/www.instagram.com\/fenixtraveltours\/?hl=es-la\"]}]}<\/script>\n<!-- \/ Yoast SEO plugin. -->","yoast_head_json":{"title":"City tour cultural IBAGU\u00c9. - fenixtravel.co","robots":{"index":"index","follow":"follow","max-snippet":"max-snippet:-1","max-image-preview":"max-image-preview:large","max-video-preview":"max-video-preview:-1"},"canonical":"https:\/\/fenixtravel.co\/en\/product\/city-tour-cultural-ibague\/","og_locale":"en_US","og_type":"article","og_title":"City tour cultural IBAGU\u00c9. - fenixtravel.co","og_description":"Descubre el coraz\u00f3n de Ibagu\u00e9 en un viaje lleno de historia y cultura, en un recorrido de 470 a\u00f1os, desde su fundaci\u00f3n en 1550 por el capit\u00e1n espa\u00f1ol Andr\u00e9s L\u00f3pez de Galarza. Durante este trayecto conocer\u00e1s la belleza arquitect\u00f3nica y el patrimonio de la ciudad visitando algunos atractivos como: la Catedral Metropolitana de Ibagu\u00e9, la [&hellip;]","og_url":"https:\/\/fenixtravel.co\/en\/product\/city-tour-cultural-ibague\/","og_site_name":"fenixtravel.co","article_publisher":"https:\/\/www.facebook.com\/FenixTravelCol\/?locale=es_LA","article_modified_time":"2025-05-21T01:01:59+00:00","og_image":[{"width":1024,"height":582,"url":"https:\/\/fenixtravel.co\/wp-content\/uploads\/2025\/05\/cultural-ibague1-1024x582.png","type":"image\/png"}],"twitter_card":"summary_large_image","twitter_misc":{"Est. reading time":"1 minute"},"schema":{"@context":"https:\/\/schema.org","@graph":[{"@type":"WebPage","@id":"https:\/\/fenixtravel.co\/producto\/city-tour-cultural-ibague\/","url":"https:\/\/fenixtravel.co\/producto\/city-tour-cultural-ibague\/","name":"City tour cultural IBAGU\u00c9. - fenixtravel.co","isPartOf":{"@id":"https:\/\/fenixtravel.co\/#website"},"primaryImageOfPage":{"@id":"https:\/\/fenixtravel.co\/producto\/city-tour-cultural-ibague\/#primaryimage"},"image":{"@id":"https:\/\/fenixtravel.co\/producto\/city-tour-cultural-ibague\/#primaryimage"},"thumbnailUrl":"https:\/\/fenixtravel.co\/wp-content\/uploads\/2025\/05\/cultural-ibague1.png","datePublished":"2025-05-20T23:14:34+00:00","dateModified":"2025-05-21T01:01:59+00:00","breadcrumb":{"@id":"https:\/\/fenixtravel.co\/producto\/city-tour-cultural-ibague\/#breadcrumb"},"inLanguage":"en-US","potentialAction":[{"@type":"ReadAction","target":["https:\/\/fenixtravel.co\/producto\/city-tour-cultural-ibague\/"]}]},{"@type":"ImageObject","inLanguage":"en-US","@id":"https:\/\/fenixtravel.co\/producto\/city-tour-cultural-ibague\/#primaryimage","url":"https:\/\/fenixtravel.co\/wp-content\/uploads\/2025\/05\/cultural-ibague1.png","contentUrl":"https:\/\/fenixtravel.co\/wp-content\/uploads\/2025\/05\/cultural-ibague1.png","width":1936,"height":1100},{"@type":"BreadcrumbList","@id":"https:\/\/fenixtravel.co\/producto\/city-tour-cultural-ibague\/#breadcrumb","itemListElement":[{"@type":"ListItem","position":1,"name":"Portada","item":"https:\/\/fenixtravel.co\/"},{"@type":"ListItem","position":2,"name":"Shop","item":"https:\/\/fenixtravel.co\/shop\/"},{"@type":"ListItem","position":3,"name":"City tour cultural IBAGU\u00c9."}]},{"@type":"WebSite","@id":"https:\/\/fenixtravel.co\/#website","url":"https:\/\/fenixtravel.co\/","name":"fenixtravel.co","description":"","publisher":{"@id":"https:\/\/fenixtravel.co\/#organization"},"potentialAction":[{"@type":"SearchAction","target":{"@type":"EntryPoint","urlTemplate":"https:\/\/fenixtravel.co\/?s={search_term_string}"},"query-input":{"@type":"PropertyValueSpecification","valueRequired":true,"valueName":"search_term_string"}}],"inLanguage":"en-US"},{"@type":"Organization","@id":"https:\/\/fenixtravel.co\/#organization","name":"fenixtravel.co","url":"https:\/\/fenixtravel.co\/","logo":{"@type":"ImageObject","inLanguage":"en-US","@id":"https:\/\/fenixtravel.co\/#\/schema\/logo\/image\/","url":"https:\/\/fenixtravel.co\/wp-content\/uploads\/2025\/04\/1.png","contentUrl":"https:\/\/fenixtravel.co\/wp-content\/uploads\/2025\/04\/1.png","width":1287,"height":427,"caption":"fenixtravel.co"},"image":{"@id":"https:\/\/fenixtravel.co\/#\/schema\/logo\/image\/"},"sameAs":["https:\/\/www.facebook.com\/FenixTravelCol\/?locale=es_LA","https:\/\/www.instagram.com\/fenixtraveltours\/?hl=es-la"]}]}},"_links":{"self":[{"href":"https:\/\/fenixtravel.co\/en\/wp-json\/wp\/v2\/product\/10976","targetHints":{"allow":["GET"]}}],"collection":[{"href":"https:\/\/fenixtravel.co\/en\/wp-json\/wp\/v2\/product"}],"about":[{"href":"https:\/\/fenixtravel.co\/en\/wp-json\/wp\/v2\/types\/product"}],"replies":[{"embeddable":true,"href":"https:\/\/fenixtravel.co\/en\/wp-json\/wp\/v2\/comments?post=10976"}],"version-history":[{"count":0,"href":"https:\/\/fenixtravel.co\/en\/wp-json\/wp\/v2\/product\/10976\/revisions"}],"wp:featuredmedia":[{"embeddable":true,"href":"https:\/\/fenixtravel.co\/en\/wp-json\/wp\/v2\/media\/11021"}],"wp:attachment":[{"href":"https:\/\/fenixtravel.co\/en\/wp-json\/wp\/v2\/media?parent=10976"}],"wp:term":[{"taxonomy":"product_cat","embeddable":true,"href":"https:\/\/fenixtravel.co\/en\/wp-json\/wp\/v2\/product_cat?post=10976"},{"taxonomy":"product_tag","embeddable":true,"href":"https:\/\/fenixtravel.co\/en\/wp-json\/wp\/v2\/product_tag?post=10976"}],"curies":[{"name":"wp","href":"https:\/\/api.w.org\/{rel}","templated":true}]}}