{"id":10974,"date":"2025-05-20T23:12:28","date_gmt":"2025-05-20T23:12:28","guid":{"rendered":"https:\/\/fenixtravel.co\/?post_type=product&#038;p=10974"},"modified":"2025-05-21T00:14:31","modified_gmt":"2025-05-21T00:14:31","slug":"cueva-del-mohan-payande","status":"publish","type":"product","link":"https:\/\/fenixtravel.co\/en\/product\/cueva-del-mohan-payande\/","title":{"rendered":"Cueva del Moh\u00e1n &#8211; Payande."},"content":{"rendered":"<p><span style=\"font-weight: 400;\">Descubre la magia y el misterio de la legendaria Cueva del Moh\u00e1n en Payand\u00e9, un para\u00edso natural envuelto en la mitolog\u00eda. Seg\u00fan cuentan los abuelos, este enigm\u00e1tico hechicero de larga cabellera y ojos brillantes habitaba la cueva, dominando las aguas del r\u00edo Magdalena, sorprendiendo a los navegantes y tejiendo historias entre sus rocas. Atr\u00e9vete a recorrer sus cavernas ocultas y con\u00e9ctate con la esencia m\u00edstica de la regi\u00f3n.<\/span><\/p>","protected":false},"excerpt":{"rendered":"<p>Descubre la magia y el misterio de la legendaria Cueva del Moh\u00e1n en Payand\u00e9, un para\u00edso natural envuelto en la mitolog\u00eda. Seg\u00fan cuentan los abuelos, este enigm\u00e1tico hechicero de larga cabellera y ojos brillantes habitaba la cueva, dominando las aguas del r\u00edo Magdalena, sorprendiendo a los navegantes y tejiendo historias entre sus rocas. Atr\u00e9vete a [&hellip;]<\/p>","protected":false},"featured_media":11008,"comment_status":"open","ping_status":"closed","template":"","meta":{"_acf_changed":false,"om_disable_all_campaigns":false,"_monsterinsights_skip_tracking":false,"_monsterinsights_sitenote_active":false,"_monsterinsights_sitenote_note":"","_monsterinsights_sitenote_category":0},"product_cat":[73,56],"product_tag":[],"class_list":["post-10974","product","type-product","status-publish","has-post-thumbnail","hentry","product_cat-todos","product_cat-tolima"],"acf":[],"aioseo_notices":[],"yoast_head":"<!-- This site is optimized with the Yoast SEO plugin v26.7 - https:\/\/yoast.com\/wordpress\/plugins\/seo\/ -->\n<title>Cueva del Moh\u00e1n - Payande. - fenixtravel.co<\/title>\n<meta name=\"robots\" content=\"index, follow, max-snippet:-1, max-image-preview:large, max-video-preview:-1\" \/>\n<link rel=\"canonical\" href=\"https:\/\/fenixtravel.co\/en\/product\/cueva-del-mohan-payande\/\" \/>\n<meta property=\"og:locale\" content=\"en_US\" \/>\n<meta property=\"og:type\" content=\"article\" \/>\n<meta property=\"og:title\" content=\"Cueva del Moh\u00e1n - Payande. - fenixtravel.co\" \/>\n<meta property=\"og:description\" content=\"Descubre la magia y el misterio de la legendaria Cueva del Moh\u00e1n en Payand\u00e9, un para\u00edso natural envuelto en la mitolog\u00eda. Seg\u00fan cuentan los abuelos, este enigm\u00e1tico hechicero de larga cabellera y ojos brillantes habitaba la cueva, dominando las aguas del r\u00edo Magdalena, sorprendiendo a los navegantes y tejiendo historias entre sus rocas. Atr\u00e9vete a [&hellip;]\" \/>\n<meta property=\"og:url\" content=\"https:\/\/fenixtravel.co\/en\/product\/cueva-del-mohan-payande\/\" \/>\n<meta property=\"og:site_name\" content=\"fenixtravel.co\" \/>\n<meta property=\"article:publisher\" content=\"https:\/\/www.facebook.com\/FenixTravelCol\/?locale=es_LA\" \/>\n<meta property=\"article:modified_time\" content=\"2025-05-21T00:14:31+00:00\" \/>\n<meta property=\"og:image\" content=\"https:\/\/fenixtravel.co\/wp-content\/uploads\/2025\/05\/Payande4-1024x575.png\" \/>\n\t<meta property=\"og:image:width\" content=\"1024\" \/>\n\t<meta property=\"og:image:height\" content=\"575\" \/>\n\t<meta property=\"og:image:type\" content=\"image\/png\" \/>\n<meta name=\"twitter:card\" content=\"summary_large_image\" \/>\n<script type=\"application\/ld+json\" class=\"yoast-schema-graph\">{\"@context\":\"https:\/\/schema.org\",\"@graph\":[{\"@type\":\"WebPage\",\"@id\":\"https:\/\/fenixtravel.co\/producto\/cueva-del-mohan-payande\/\",\"url\":\"https:\/\/fenixtravel.co\/producto\/cueva-del-mohan-payande\/\",\"name\":\"Cueva del Moh\u00e1n - Payande. - fenixtravel.co\",\"isPartOf\":{\"@id\":\"https:\/\/fenixtravel.co\/#website\"},\"primaryImageOfPage\":{\"@id\":\"https:\/\/fenixtravel.co\/producto\/cueva-del-mohan-payande\/#primaryimage\"},\"image\":{\"@id\":\"https:\/\/fenixtravel.co\/producto\/cueva-del-mohan-payande\/#primaryimage\"},\"thumbnailUrl\":\"https:\/\/fenixtravel.co\/wp-content\/uploads\/2025\/05\/Payande4.png\",\"datePublished\":\"2025-05-20T23:12:28+00:00\",\"dateModified\":\"2025-05-21T00:14:31+00:00\",\"breadcrumb\":{\"@id\":\"https:\/\/fenixtravel.co\/producto\/cueva-del-mohan-payande\/#breadcrumb\"},\"inLanguage\":\"en-US\",\"potentialAction\":[{\"@type\":\"ReadAction\",\"target\":[\"https:\/\/fenixtravel.co\/producto\/cueva-del-mohan-payande\/\"]}]},{\"@type\":\"ImageObject\",\"inLanguage\":\"en-US\",\"@id\":\"https:\/\/fenixtravel.co\/producto\/cueva-del-mohan-payande\/#primaryimage\",\"url\":\"https:\/\/fenixtravel.co\/wp-content\/uploads\/2025\/05\/Payande4.png\",\"contentUrl\":\"https:\/\/fenixtravel.co\/wp-content\/uploads\/2025\/05\/Payande4.png\",\"width\":1932,\"height\":1084},{\"@type\":\"BreadcrumbList\",\"@id\":\"https:\/\/fenixtravel.co\/producto\/cueva-del-mohan-payande\/#breadcrumb\",\"itemListElement\":[{\"@type\":\"ListItem\",\"position\":1,\"name\":\"Portada\",\"item\":\"https:\/\/fenixtravel.co\/\"},{\"@type\":\"ListItem\",\"position\":2,\"name\":\"Shop\",\"item\":\"https:\/\/fenixtravel.co\/shop\/\"},{\"@type\":\"ListItem\",\"position\":3,\"name\":\"Cueva del Moh\u00e1n &#8211; Payande.\"}]},{\"@type\":\"WebSite\",\"@id\":\"https:\/\/fenixtravel.co\/#website\",\"url\":\"https:\/\/fenixtravel.co\/\",\"name\":\"fenixtravel.co\",\"description\":\"\",\"publisher\":{\"@id\":\"https:\/\/fenixtravel.co\/#organization\"},\"potentialAction\":[{\"@type\":\"SearchAction\",\"target\":{\"@type\":\"EntryPoint\",\"urlTemplate\":\"https:\/\/fenixtravel.co\/?s={search_term_string}\"},\"query-input\":{\"@type\":\"PropertyValueSpecification\",\"valueRequired\":true,\"valueName\":\"search_term_string\"}}],\"inLanguage\":\"en-US\"},{\"@type\":\"Organization\",\"@id\":\"https:\/\/fenixtravel.co\/#organization\",\"name\":\"fenixtravel.co\",\"url\":\"https:\/\/fenixtravel.co\/\",\"logo\":{\"@type\":\"ImageObject\",\"inLanguage\":\"en-US\",\"@id\":\"https:\/\/fenixtravel.co\/#\/schema\/logo\/image\/\",\"url\":\"https:\/\/fenixtravel.co\/wp-content\/uploads\/2025\/04\/1.png\",\"contentUrl\":\"https:\/\/fenixtravel.co\/wp-content\/uploads\/2025\/04\/1.png\",\"width\":1287,\"height\":427,\"caption\":\"fenixtravel.co\"},\"image\":{\"@id\":\"https:\/\/fenixtravel.co\/#\/schema\/logo\/image\/\"},\"sameAs\":[\"https:\/\/www.facebook.com\/FenixTravelCol\/?locale=es_LA\",\"https:\/\/www.instagram.com\/fenixtraveltours\/?hl=es-la\"]}]}<\/script>\n<!-- \/ Yoast SEO plugin. -->","yoast_head_json":{"title":"Cueva del Moh\u00e1n - Payande. - fenixtravel.co","robots":{"index":"index","follow":"follow","max-snippet":"max-snippet:-1","max-image-preview":"max-image-preview:large","max-video-preview":"max-video-preview:-1"},"canonical":"https:\/\/fenixtravel.co\/en\/product\/cueva-del-mohan-payande\/","og_locale":"en_US","og_type":"article","og_title":"Cueva del Moh\u00e1n - Payande. - fenixtravel.co","og_description":"Descubre la magia y el misterio de la legendaria Cueva del Moh\u00e1n en Payand\u00e9, un para\u00edso natural envuelto en la mitolog\u00eda. Seg\u00fan cuentan los abuelos, este enigm\u00e1tico hechicero de larga cabellera y ojos brillantes habitaba la cueva, dominando las aguas del r\u00edo Magdalena, sorprendiendo a los navegantes y tejiendo historias entre sus rocas. Atr\u00e9vete a [&hellip;]","og_url":"https:\/\/fenixtravel.co\/en\/product\/cueva-del-mohan-payande\/","og_site_name":"fenixtravel.co","article_publisher":"https:\/\/www.facebook.com\/FenixTravelCol\/?locale=es_LA","article_modified_time":"2025-05-21T00:14:31+00:00","og_image":[{"width":1024,"height":575,"url":"https:\/\/fenixtravel.co\/wp-content\/uploads\/2025\/05\/Payande4-1024x575.png","type":"image\/png"}],"twitter_card":"summary_large_image","schema":{"@context":"https:\/\/schema.org","@graph":[{"@type":"WebPage","@id":"https:\/\/fenixtravel.co\/producto\/cueva-del-mohan-payande\/","url":"https:\/\/fenixtravel.co\/producto\/cueva-del-mohan-payande\/","name":"Cueva del Moh\u00e1n - Payande. - fenixtravel.co","isPartOf":{"@id":"https:\/\/fenixtravel.co\/#website"},"primaryImageOfPage":{"@id":"https:\/\/fenixtravel.co\/producto\/cueva-del-mohan-payande\/#primaryimage"},"image":{"@id":"https:\/\/fenixtravel.co\/producto\/cueva-del-mohan-payande\/#primaryimage"},"thumbnailUrl":"https:\/\/fenixtravel.co\/wp-content\/uploads\/2025\/05\/Payande4.png","datePublished":"2025-05-20T23:12:28+00:00","dateModified":"2025-05-21T00:14:31+00:00","breadcrumb":{"@id":"https:\/\/fenixtravel.co\/producto\/cueva-del-mohan-payande\/#breadcrumb"},"inLanguage":"en-US","potentialAction":[{"@type":"ReadAction","target":["https:\/\/fenixtravel.co\/producto\/cueva-del-mohan-payande\/"]}]},{"@type":"ImageObject","inLanguage":"en-US","@id":"https:\/\/fenixtravel.co\/producto\/cueva-del-mohan-payande\/#primaryimage","url":"https:\/\/fenixtravel.co\/wp-content\/uploads\/2025\/05\/Payande4.png","contentUrl":"https:\/\/fenixtravel.co\/wp-content\/uploads\/2025\/05\/Payande4.png","width":1932,"height":1084},{"@type":"BreadcrumbList","@id":"https:\/\/fenixtravel.co\/producto\/cueva-del-mohan-payande\/#breadcrumb","itemListElement":[{"@type":"ListItem","position":1,"name":"Portada","item":"https:\/\/fenixtravel.co\/"},{"@type":"ListItem","position":2,"name":"Shop","item":"https:\/\/fenixtravel.co\/shop\/"},{"@type":"ListItem","position":3,"name":"Cueva del Moh\u00e1n &#8211; Payande."}]},{"@type":"WebSite","@id":"https:\/\/fenixtravel.co\/#website","url":"https:\/\/fenixtravel.co\/","name":"fenixtravel.co","description":"","publisher":{"@id":"https:\/\/fenixtravel.co\/#organization"},"potentialAction":[{"@type":"SearchAction","target":{"@type":"EntryPoint","urlTemplate":"https:\/\/fenixtravel.co\/?s={search_term_string}"},"query-input":{"@type":"PropertyValueSpecification","valueRequired":true,"valueName":"search_term_string"}}],"inLanguage":"en-US"},{"@type":"Organization","@id":"https:\/\/fenixtravel.co\/#organization","name":"fenixtravel.co","url":"https:\/\/fenixtravel.co\/","logo":{"@type":"ImageObject","inLanguage":"en-US","@id":"https:\/\/fenixtravel.co\/#\/schema\/logo\/image\/","url":"https:\/\/fenixtravel.co\/wp-content\/uploads\/2025\/04\/1.png","contentUrl":"https:\/\/fenixtravel.co\/wp-content\/uploads\/2025\/04\/1.png","width":1287,"height":427,"caption":"fenixtravel.co"},"image":{"@id":"https:\/\/fenixtravel.co\/#\/schema\/logo\/image\/"},"sameAs":["https:\/\/www.facebook.com\/FenixTravelCol\/?locale=es_LA","https:\/\/www.instagram.com\/fenixtraveltours\/?hl=es-la"]}]}},"_links":{"self":[{"href":"https:\/\/fenixtravel.co\/en\/wp-json\/wp\/v2\/product\/10974","targetHints":{"allow":["GET"]}}],"collection":[{"href":"https:\/\/fenixtravel.co\/en\/wp-json\/wp\/v2\/product"}],"about":[{"href":"https:\/\/fenixtravel.co\/en\/wp-json\/wp\/v2\/types\/product"}],"replies":[{"embeddable":true,"href":"https:\/\/fenixtravel.co\/en\/wp-json\/wp\/v2\/comments?post=10974"}],"version-history":[{"count":0,"href":"https:\/\/fenixtravel.co\/en\/wp-json\/wp\/v2\/product\/10974\/revisions"}],"wp:featuredmedia":[{"embeddable":true,"href":"https:\/\/fenixtravel.co\/en\/wp-json\/wp\/v2\/media\/11008"}],"wp:attachment":[{"href":"https:\/\/fenixtravel.co\/en\/wp-json\/wp\/v2\/media?parent=10974"}],"wp:term":[{"taxonomy":"product_cat","embeddable":true,"href":"https:\/\/fenixtravel.co\/en\/wp-json\/wp\/v2\/product_cat?post=10974"},{"taxonomy":"product_tag","embeddable":true,"href":"https:\/\/fenixtravel.co\/en\/wp-json\/wp\/v2\/product_tag?post=10974"}],"curies":[{"name":"wp","href":"https:\/\/api.w.org\/{rel}","templated":true}]}}