{"id":10973,"date":"2025-05-20T23:11:54","date_gmt":"2025-05-20T23:11:54","guid":{"rendered":"https:\/\/fenixtravel.co\/?post_type=product&#038;p=10973"},"modified":"2025-05-21T00:01:42","modified_gmt":"2025-05-21T00:01:42","slug":"cascada-la-plata-canon-del-combeima","status":"publish","type":"product","link":"https:\/\/fenixtravel.co\/en\/product\/cascada-la-plata-canon-del-combeima\/","title":{"rendered":"La Plata Waterfall - Combeima Canyon."},"content":{"rendered":"<p><span style=\"font-weight: 400;\">En el ca\u00f1\u00f3n del Combeima predomina el paisaje de monta\u00f1a sobre un valle encajonado que ha sido formado durante a\u00f1os por el r\u00edo Combeima. De esta zona de amortiguaci\u00f3n se abastece el 86% del agua que consume la poblaci\u00f3n de Ibagu\u00e9; esta zona posee alrededor de 50 cascadas y otras fuentes menores que tributan sus aguas al r\u00edo Combeima. Sum\u00e9rgete en la aventura para conocer\u00a0 la Cascada La Plata, la m\u00e1s alta del departamento del Tolima con una impresionante ca\u00edda de 490 metros, rodeada de un paisaje natural. Atr\u00e9vete a recorrer sus aprox 10 km de senderismo, donde descubrir\u00e1s monta\u00f1as, puentes y manantiales. Si buscas aventura y conexi\u00f3n con la naturaleza, \u00a1este es el destino perfecto para ti!.<\/span><\/p>","protected":false},"excerpt":{"rendered":"<p>En el ca\u00f1\u00f3n del Combeima predomina el paisaje de monta\u00f1a sobre un valle encajonado que ha sido formado durante a\u00f1os por el r\u00edo Combeima. De esta zona de amortiguaci\u00f3n se abastece el 86% del agua que consume la poblaci\u00f3n de Ibagu\u00e9; esta zona posee alrededor de 50 cascadas y otras fuentes menores que tributan sus [&hellip;]<\/p>","protected":false},"featured_media":10998,"comment_status":"open","ping_status":"closed","template":"","meta":{"_acf_changed":false,"om_disable_all_campaigns":false,"_monsterinsights_skip_tracking":false,"_monsterinsights_sitenote_active":false,"_monsterinsights_sitenote_note":"","_monsterinsights_sitenote_category":0},"product_cat":[73,56],"product_tag":[],"class_list":["post-10973","product","type-product","status-publish","has-post-thumbnail","hentry","product_cat-todos","product_cat-tolima"],"acf":[],"aioseo_notices":[],"yoast_head":"<!-- This site is optimized with the Yoast SEO plugin v26.7 - https:\/\/yoast.com\/wordpress\/plugins\/seo\/ -->\n<title>Cascada la Plata - Ca\u00f1\u00f3n del Combeima. - fenixtravel.co<\/title>\n<meta name=\"robots\" content=\"index, follow, max-snippet:-1, max-image-preview:large, max-video-preview:-1\" \/>\n<link rel=\"canonical\" href=\"https:\/\/fenixtravel.co\/en\/product\/cascada-la-plata-canon-del-combeima\/\" \/>\n<meta property=\"og:locale\" content=\"en_US\" \/>\n<meta property=\"og:type\" content=\"article\" \/>\n<meta property=\"og:title\" content=\"Cascada la Plata - Ca\u00f1\u00f3n del Combeima. - fenixtravel.co\" \/>\n<meta property=\"og:description\" content=\"En el ca\u00f1\u00f3n del Combeima predomina el paisaje de monta\u00f1a sobre un valle encajonado que ha sido formado durante a\u00f1os por el r\u00edo Combeima. De esta zona de amortiguaci\u00f3n se abastece el 86% del agua que consume la poblaci\u00f3n de Ibagu\u00e9; esta zona posee alrededor de 50 cascadas y otras fuentes menores que tributan sus [&hellip;]\" \/>\n<meta property=\"og:url\" content=\"https:\/\/fenixtravel.co\/en\/product\/cascada-la-plata-canon-del-combeima\/\" \/>\n<meta property=\"og:site_name\" content=\"fenixtravel.co\" \/>\n<meta property=\"article:publisher\" content=\"https:\/\/www.facebook.com\/FenixTravelCol\/?locale=es_LA\" \/>\n<meta property=\"article:modified_time\" content=\"2025-05-21T00:01:42+00:00\" \/>\n<meta property=\"og:image\" content=\"https:\/\/fenixtravel.co\/wp-content\/uploads\/2025\/05\/Cascada-la-plata-1024x583.png\" \/>\n\t<meta property=\"og:image:width\" content=\"1024\" \/>\n\t<meta property=\"og:image:height\" content=\"583\" \/>\n\t<meta property=\"og:image:type\" content=\"image\/png\" \/>\n<meta name=\"twitter:card\" content=\"summary_large_image\" \/>\n<meta name=\"twitter:label1\" content=\"Est. reading time\" \/>\n\t<meta name=\"twitter:data1\" content=\"1 minute\" \/>\n<script type=\"application\/ld+json\" class=\"yoast-schema-graph\">{\"@context\":\"https:\/\/schema.org\",\"@graph\":[{\"@type\":\"WebPage\",\"@id\":\"https:\/\/fenixtravel.co\/producto\/cascada-la-plata-canon-del-combeima\/\",\"url\":\"https:\/\/fenixtravel.co\/producto\/cascada-la-plata-canon-del-combeima\/\",\"name\":\"Cascada la Plata - Ca\u00f1\u00f3n del Combeima. - fenixtravel.co\",\"isPartOf\":{\"@id\":\"https:\/\/fenixtravel.co\/#website\"},\"primaryImageOfPage\":{\"@id\":\"https:\/\/fenixtravel.co\/producto\/cascada-la-plata-canon-del-combeima\/#primaryimage\"},\"image\":{\"@id\":\"https:\/\/fenixtravel.co\/producto\/cascada-la-plata-canon-del-combeima\/#primaryimage\"},\"thumbnailUrl\":\"https:\/\/fenixtravel.co\/wp-content\/uploads\/2025\/05\/Cascada-la-plata.png\",\"datePublished\":\"2025-05-20T23:11:54+00:00\",\"dateModified\":\"2025-05-21T00:01:42+00:00\",\"breadcrumb\":{\"@id\":\"https:\/\/fenixtravel.co\/producto\/cascada-la-plata-canon-del-combeima\/#breadcrumb\"},\"inLanguage\":\"en-US\",\"potentialAction\":[{\"@type\":\"ReadAction\",\"target\":[\"https:\/\/fenixtravel.co\/producto\/cascada-la-plata-canon-del-combeima\/\"]}]},{\"@type\":\"ImageObject\",\"inLanguage\":\"en-US\",\"@id\":\"https:\/\/fenixtravel.co\/producto\/cascada-la-plata-canon-del-combeima\/#primaryimage\",\"url\":\"https:\/\/fenixtravel.co\/wp-content\/uploads\/2025\/05\/Cascada-la-plata.png\",\"contentUrl\":\"https:\/\/fenixtravel.co\/wp-content\/uploads\/2025\/05\/Cascada-la-plata.png\",\"width\":1924,\"height\":1096},{\"@type\":\"BreadcrumbList\",\"@id\":\"https:\/\/fenixtravel.co\/producto\/cascada-la-plata-canon-del-combeima\/#breadcrumb\",\"itemListElement\":[{\"@type\":\"ListItem\",\"position\":1,\"name\":\"Portada\",\"item\":\"https:\/\/fenixtravel.co\/\"},{\"@type\":\"ListItem\",\"position\":2,\"name\":\"Shop\",\"item\":\"https:\/\/fenixtravel.co\/shop\/\"},{\"@type\":\"ListItem\",\"position\":3,\"name\":\"Cascada la Plata &#8211; Ca\u00f1\u00f3n del Combeima.\"}]},{\"@type\":\"WebSite\",\"@id\":\"https:\/\/fenixtravel.co\/#website\",\"url\":\"https:\/\/fenixtravel.co\/\",\"name\":\"fenixtravel.co\",\"description\":\"\",\"publisher\":{\"@id\":\"https:\/\/fenixtravel.co\/#organization\"},\"potentialAction\":[{\"@type\":\"SearchAction\",\"target\":{\"@type\":\"EntryPoint\",\"urlTemplate\":\"https:\/\/fenixtravel.co\/?s={search_term_string}\"},\"query-input\":{\"@type\":\"PropertyValueSpecification\",\"valueRequired\":true,\"valueName\":\"search_term_string\"}}],\"inLanguage\":\"en-US\"},{\"@type\":\"Organization\",\"@id\":\"https:\/\/fenixtravel.co\/#organization\",\"name\":\"fenixtravel.co\",\"url\":\"https:\/\/fenixtravel.co\/\",\"logo\":{\"@type\":\"ImageObject\",\"inLanguage\":\"en-US\",\"@id\":\"https:\/\/fenixtravel.co\/#\/schema\/logo\/image\/\",\"url\":\"https:\/\/fenixtravel.co\/wp-content\/uploads\/2025\/04\/1.png\",\"contentUrl\":\"https:\/\/fenixtravel.co\/wp-content\/uploads\/2025\/04\/1.png\",\"width\":1287,\"height\":427,\"caption\":\"fenixtravel.co\"},\"image\":{\"@id\":\"https:\/\/fenixtravel.co\/#\/schema\/logo\/image\/\"},\"sameAs\":[\"https:\/\/www.facebook.com\/FenixTravelCol\/?locale=es_LA\",\"https:\/\/www.instagram.com\/fenixtraveltours\/?hl=es-la\"]}]}<\/script>\n<!-- \/ Yoast SEO plugin. -->","yoast_head_json":{"title":"Cascada la Plata - Ca\u00f1\u00f3n del Combeima. - fenixtravel.co","robots":{"index":"index","follow":"follow","max-snippet":"max-snippet:-1","max-image-preview":"max-image-preview:large","max-video-preview":"max-video-preview:-1"},"canonical":"https:\/\/fenixtravel.co\/en\/product\/cascada-la-plata-canon-del-combeima\/","og_locale":"en_US","og_type":"article","og_title":"Cascada la Plata - Ca\u00f1\u00f3n del Combeima. - fenixtravel.co","og_description":"En el ca\u00f1\u00f3n del Combeima predomina el paisaje de monta\u00f1a sobre un valle encajonado que ha sido formado durante a\u00f1os por el r\u00edo Combeima. De esta zona de amortiguaci\u00f3n se abastece el 86% del agua que consume la poblaci\u00f3n de Ibagu\u00e9; esta zona posee alrededor de 50 cascadas y otras fuentes menores que tributan sus [&hellip;]","og_url":"https:\/\/fenixtravel.co\/en\/product\/cascada-la-plata-canon-del-combeima\/","og_site_name":"fenixtravel.co","article_publisher":"https:\/\/www.facebook.com\/FenixTravelCol\/?locale=es_LA","article_modified_time":"2025-05-21T00:01:42+00:00","og_image":[{"width":1024,"height":583,"url":"https:\/\/fenixtravel.co\/wp-content\/uploads\/2025\/05\/Cascada-la-plata-1024x583.png","type":"image\/png"}],"twitter_card":"summary_large_image","twitter_misc":{"Est. reading time":"1 minute"},"schema":{"@context":"https:\/\/schema.org","@graph":[{"@type":"WebPage","@id":"https:\/\/fenixtravel.co\/producto\/cascada-la-plata-canon-del-combeima\/","url":"https:\/\/fenixtravel.co\/producto\/cascada-la-plata-canon-del-combeima\/","name":"Cascada la Plata - Ca\u00f1\u00f3n del Combeima. - fenixtravel.co","isPartOf":{"@id":"https:\/\/fenixtravel.co\/#website"},"primaryImageOfPage":{"@id":"https:\/\/fenixtravel.co\/producto\/cascada-la-plata-canon-del-combeima\/#primaryimage"},"image":{"@id":"https:\/\/fenixtravel.co\/producto\/cascada-la-plata-canon-del-combeima\/#primaryimage"},"thumbnailUrl":"https:\/\/fenixtravel.co\/wp-content\/uploads\/2025\/05\/Cascada-la-plata.png","datePublished":"2025-05-20T23:11:54+00:00","dateModified":"2025-05-21T00:01:42+00:00","breadcrumb":{"@id":"https:\/\/fenixtravel.co\/producto\/cascada-la-plata-canon-del-combeima\/#breadcrumb"},"inLanguage":"en-US","potentialAction":[{"@type":"ReadAction","target":["https:\/\/fenixtravel.co\/producto\/cascada-la-plata-canon-del-combeima\/"]}]},{"@type":"ImageObject","inLanguage":"en-US","@id":"https:\/\/fenixtravel.co\/producto\/cascada-la-plata-canon-del-combeima\/#primaryimage","url":"https:\/\/fenixtravel.co\/wp-content\/uploads\/2025\/05\/Cascada-la-plata.png","contentUrl":"https:\/\/fenixtravel.co\/wp-content\/uploads\/2025\/05\/Cascada-la-plata.png","width":1924,"height":1096},{"@type":"BreadcrumbList","@id":"https:\/\/fenixtravel.co\/producto\/cascada-la-plata-canon-del-combeima\/#breadcrumb","itemListElement":[{"@type":"ListItem","position":1,"name":"Portada","item":"https:\/\/fenixtravel.co\/"},{"@type":"ListItem","position":2,"name":"Shop","item":"https:\/\/fenixtravel.co\/shop\/"},{"@type":"ListItem","position":3,"name":"Cascada la Plata &#8211; Ca\u00f1\u00f3n del Combeima."}]},{"@type":"WebSite","@id":"https:\/\/fenixtravel.co\/#website","url":"https:\/\/fenixtravel.co\/","name":"fenixtravel.co","description":"","publisher":{"@id":"https:\/\/fenixtravel.co\/#organization"},"potentialAction":[{"@type":"SearchAction","target":{"@type":"EntryPoint","urlTemplate":"https:\/\/fenixtravel.co\/?s={search_term_string}"},"query-input":{"@type":"PropertyValueSpecification","valueRequired":true,"valueName":"search_term_string"}}],"inLanguage":"en-US"},{"@type":"Organization","@id":"https:\/\/fenixtravel.co\/#organization","name":"fenixtravel.co","url":"https:\/\/fenixtravel.co\/","logo":{"@type":"ImageObject","inLanguage":"en-US","@id":"https:\/\/fenixtravel.co\/#\/schema\/logo\/image\/","url":"https:\/\/fenixtravel.co\/wp-content\/uploads\/2025\/04\/1.png","contentUrl":"https:\/\/fenixtravel.co\/wp-content\/uploads\/2025\/04\/1.png","width":1287,"height":427,"caption":"fenixtravel.co"},"image":{"@id":"https:\/\/fenixtravel.co\/#\/schema\/logo\/image\/"},"sameAs":["https:\/\/www.facebook.com\/FenixTravelCol\/?locale=es_LA","https:\/\/www.instagram.com\/fenixtraveltours\/?hl=es-la"]}]}},"_links":{"self":[{"href":"https:\/\/fenixtravel.co\/en\/wp-json\/wp\/v2\/product\/10973","targetHints":{"allow":["GET"]}}],"collection":[{"href":"https:\/\/fenixtravel.co\/en\/wp-json\/wp\/v2\/product"}],"about":[{"href":"https:\/\/fenixtravel.co\/en\/wp-json\/wp\/v2\/types\/product"}],"replies":[{"embeddable":true,"href":"https:\/\/fenixtravel.co\/en\/wp-json\/wp\/v2\/comments?post=10973"}],"version-history":[{"count":0,"href":"https:\/\/fenixtravel.co\/en\/wp-json\/wp\/v2\/product\/10973\/revisions"}],"wp:featuredmedia":[{"embeddable":true,"href":"https:\/\/fenixtravel.co\/en\/wp-json\/wp\/v2\/media\/10998"}],"wp:attachment":[{"href":"https:\/\/fenixtravel.co\/en\/wp-json\/wp\/v2\/media?parent=10973"}],"wp:term":[{"taxonomy":"product_cat","embeddable":true,"href":"https:\/\/fenixtravel.co\/en\/wp-json\/wp\/v2\/product_cat?post=10973"},{"taxonomy":"product_tag","embeddable":true,"href":"https:\/\/fenixtravel.co\/en\/wp-json\/wp\/v2\/product_tag?post=10973"}],"curies":[{"name":"wp","href":"https:\/\/api.w.org\/{rel}","templated":true}]}}