{"id":10972,"date":"2025-05-20T23:11:20","date_gmt":"2025-05-20T23:11:20","guid":{"rendered":"https:\/\/fenixtravel.co\/?post_type=product&#038;p=10972"},"modified":"2025-05-20T23:50:49","modified_gmt":"2025-05-20T23:50:49","slug":"termales-de-la-cabana-murillo","status":"publish","type":"product","link":"https:\/\/fenixtravel.co\/en\/product\/termales-de-la-cabana-murillo\/","title":{"rendered":"Termales de la Caba\u00f1a &#8211; Murillo."},"content":{"rendered":"<p><span style=\"font-weight: 400;\">Descubre Murillo, un para\u00edso escondido en el norte del Tolima. Aqu\u00ed podr\u00e1s sumergirte en las deliciosas aguas de Los Termales de la Caba\u00f1a, ubicados en la zona de amortiguaci\u00f3n del Parque Nacional Natural Los Nevados, adornado de frailejones y p\u00e1ramos. Explora senderos hacia cascadas escondidas, disfruta del clima fresco y contempla vistas del Nevado del Ruiz. Murillo te invita a vivir una experiencia m\u00e1gica llena de recuerdos inolvidables.<\/span><\/p>","protected":false},"excerpt":{"rendered":"<p>Descubre Murillo, un para\u00edso escondido en el norte del Tolima. Aqu\u00ed podr\u00e1s sumergirte en las deliciosas aguas de Los Termales de la Caba\u00f1a, ubicados en la zona de amortiguaci\u00f3n del Parque Nacional Natural Los Nevados, adornado de frailejones y p\u00e1ramos. Explora senderos hacia cascadas escondidas, disfruta del clima fresco y contempla vistas del Nevado del [&hellip;]<\/p>","protected":false},"featured_media":10995,"comment_status":"open","ping_status":"closed","template":"","meta":{"_acf_changed":false,"om_disable_all_campaigns":false,"_monsterinsights_skip_tracking":false,"_monsterinsights_sitenote_active":false,"_monsterinsights_sitenote_note":"","_monsterinsights_sitenote_category":0},"product_cat":[73,56],"product_tag":[],"class_list":["post-10972","product","type-product","status-publish","has-post-thumbnail","hentry","product_cat-todos","product_cat-tolima"],"acf":[],"aioseo_notices":[],"yoast_head":"<!-- This site is optimized with the Yoast SEO plugin v26.7 - https:\/\/yoast.com\/wordpress\/plugins\/seo\/ -->\n<title>Termales de la Caba\u00f1a - Murillo. - fenixtravel.co<\/title>\n<meta name=\"robots\" content=\"index, follow, max-snippet:-1, max-image-preview:large, max-video-preview:-1\" \/>\n<link rel=\"canonical\" href=\"https:\/\/fenixtravel.co\/en\/product\/termales-de-la-cabana-murillo\/\" \/>\n<meta property=\"og:locale\" content=\"en_US\" \/>\n<meta property=\"og:type\" content=\"article\" \/>\n<meta property=\"og:title\" content=\"Termales de la Caba\u00f1a - Murillo. - fenixtravel.co\" \/>\n<meta property=\"og:description\" content=\"Descubre Murillo, un para\u00edso escondido en el norte del Tolima. Aqu\u00ed podr\u00e1s sumergirte en las deliciosas aguas de Los Termales de la Caba\u00f1a, ubicados en la zona de amortiguaci\u00f3n del Parque Nacional Natural Los Nevados, adornado de frailejones y p\u00e1ramos. Explora senderos hacia cascadas escondidas, disfruta del clima fresco y contempla vistas del Nevado del [&hellip;]\" \/>\n<meta property=\"og:url\" content=\"https:\/\/fenixtravel.co\/en\/product\/termales-de-la-cabana-murillo\/\" \/>\n<meta property=\"og:site_name\" content=\"fenixtravel.co\" \/>\n<meta property=\"article:publisher\" content=\"https:\/\/www.facebook.com\/FenixTravelCol\/?locale=es_LA\" \/>\n<meta property=\"article:modified_time\" content=\"2025-05-20T23:50:49+00:00\" \/>\n<meta property=\"og:image\" content=\"https:\/\/fenixtravel.co\/wp-content\/uploads\/2025\/05\/Murillotermales3-1024x582.png\" \/>\n\t<meta property=\"og:image:width\" content=\"1024\" \/>\n\t<meta property=\"og:image:height\" content=\"582\" \/>\n\t<meta property=\"og:image:type\" content=\"image\/png\" \/>\n<meta name=\"twitter:card\" content=\"summary_large_image\" \/>\n<script type=\"application\/ld+json\" class=\"yoast-schema-graph\">{\"@context\":\"https:\/\/schema.org\",\"@graph\":[{\"@type\":\"WebPage\",\"@id\":\"https:\/\/fenixtravel.co\/producto\/termales-de-la-cabana-murillo\/\",\"url\":\"https:\/\/fenixtravel.co\/producto\/termales-de-la-cabana-murillo\/\",\"name\":\"Termales de la Caba\u00f1a - Murillo. - fenixtravel.co\",\"isPartOf\":{\"@id\":\"https:\/\/fenixtravel.co\/#website\"},\"primaryImageOfPage\":{\"@id\":\"https:\/\/fenixtravel.co\/producto\/termales-de-la-cabana-murillo\/#primaryimage\"},\"image\":{\"@id\":\"https:\/\/fenixtravel.co\/producto\/termales-de-la-cabana-murillo\/#primaryimage\"},\"thumbnailUrl\":\"https:\/\/fenixtravel.co\/wp-content\/uploads\/2025\/05\/Murillotermales3.png\",\"datePublished\":\"2025-05-20T23:11:20+00:00\",\"dateModified\":\"2025-05-20T23:50:49+00:00\",\"breadcrumb\":{\"@id\":\"https:\/\/fenixtravel.co\/producto\/termales-de-la-cabana-murillo\/#breadcrumb\"},\"inLanguage\":\"en-US\",\"potentialAction\":[{\"@type\":\"ReadAction\",\"target\":[\"https:\/\/fenixtravel.co\/producto\/termales-de-la-cabana-murillo\/\"]}]},{\"@type\":\"ImageObject\",\"inLanguage\":\"en-US\",\"@id\":\"https:\/\/fenixtravel.co\/producto\/termales-de-la-cabana-murillo\/#primaryimage\",\"url\":\"https:\/\/fenixtravel.co\/wp-content\/uploads\/2025\/05\/Murillotermales3.png\",\"contentUrl\":\"https:\/\/fenixtravel.co\/wp-content\/uploads\/2025\/05\/Murillotermales3.png\",\"width\":1920,\"height\":1092},{\"@type\":\"BreadcrumbList\",\"@id\":\"https:\/\/fenixtravel.co\/producto\/termales-de-la-cabana-murillo\/#breadcrumb\",\"itemListElement\":[{\"@type\":\"ListItem\",\"position\":1,\"name\":\"Portada\",\"item\":\"https:\/\/fenixtravel.co\/\"},{\"@type\":\"ListItem\",\"position\":2,\"name\":\"Shop\",\"item\":\"https:\/\/fenixtravel.co\/shop\/\"},{\"@type\":\"ListItem\",\"position\":3,\"name\":\"Termales de la Caba\u00f1a &#8211; Murillo.\"}]},{\"@type\":\"WebSite\",\"@id\":\"https:\/\/fenixtravel.co\/#website\",\"url\":\"https:\/\/fenixtravel.co\/\",\"name\":\"fenixtravel.co\",\"description\":\"\",\"publisher\":{\"@id\":\"https:\/\/fenixtravel.co\/#organization\"},\"potentialAction\":[{\"@type\":\"SearchAction\",\"target\":{\"@type\":\"EntryPoint\",\"urlTemplate\":\"https:\/\/fenixtravel.co\/?s={search_term_string}\"},\"query-input\":{\"@type\":\"PropertyValueSpecification\",\"valueRequired\":true,\"valueName\":\"search_term_string\"}}],\"inLanguage\":\"en-US\"},{\"@type\":\"Organization\",\"@id\":\"https:\/\/fenixtravel.co\/#organization\",\"name\":\"fenixtravel.co\",\"url\":\"https:\/\/fenixtravel.co\/\",\"logo\":{\"@type\":\"ImageObject\",\"inLanguage\":\"en-US\",\"@id\":\"https:\/\/fenixtravel.co\/#\/schema\/logo\/image\/\",\"url\":\"https:\/\/fenixtravel.co\/wp-content\/uploads\/2025\/04\/1.png\",\"contentUrl\":\"https:\/\/fenixtravel.co\/wp-content\/uploads\/2025\/04\/1.png\",\"width\":1287,\"height\":427,\"caption\":\"fenixtravel.co\"},\"image\":{\"@id\":\"https:\/\/fenixtravel.co\/#\/schema\/logo\/image\/\"},\"sameAs\":[\"https:\/\/www.facebook.com\/FenixTravelCol\/?locale=es_LA\",\"https:\/\/www.instagram.com\/fenixtraveltours\/?hl=es-la\"]}]}<\/script>\n<!-- \/ Yoast SEO plugin. -->","yoast_head_json":{"title":"Termales de la Caba\u00f1a - Murillo. - fenixtravel.co","robots":{"index":"index","follow":"follow","max-snippet":"max-snippet:-1","max-image-preview":"max-image-preview:large","max-video-preview":"max-video-preview:-1"},"canonical":"https:\/\/fenixtravel.co\/en\/product\/termales-de-la-cabana-murillo\/","og_locale":"en_US","og_type":"article","og_title":"Termales de la Caba\u00f1a - Murillo. - fenixtravel.co","og_description":"Descubre Murillo, un para\u00edso escondido en el norte del Tolima. Aqu\u00ed podr\u00e1s sumergirte en las deliciosas aguas de Los Termales de la Caba\u00f1a, ubicados en la zona de amortiguaci\u00f3n del Parque Nacional Natural Los Nevados, adornado de frailejones y p\u00e1ramos. Explora senderos hacia cascadas escondidas, disfruta del clima fresco y contempla vistas del Nevado del [&hellip;]","og_url":"https:\/\/fenixtravel.co\/en\/product\/termales-de-la-cabana-murillo\/","og_site_name":"fenixtravel.co","article_publisher":"https:\/\/www.facebook.com\/FenixTravelCol\/?locale=es_LA","article_modified_time":"2025-05-20T23:50:49+00:00","og_image":[{"width":1024,"height":582,"url":"https:\/\/fenixtravel.co\/wp-content\/uploads\/2025\/05\/Murillotermales3-1024x582.png","type":"image\/png"}],"twitter_card":"summary_large_image","schema":{"@context":"https:\/\/schema.org","@graph":[{"@type":"WebPage","@id":"https:\/\/fenixtravel.co\/producto\/termales-de-la-cabana-murillo\/","url":"https:\/\/fenixtravel.co\/producto\/termales-de-la-cabana-murillo\/","name":"Termales de la Caba\u00f1a - Murillo. - fenixtravel.co","isPartOf":{"@id":"https:\/\/fenixtravel.co\/#website"},"primaryImageOfPage":{"@id":"https:\/\/fenixtravel.co\/producto\/termales-de-la-cabana-murillo\/#primaryimage"},"image":{"@id":"https:\/\/fenixtravel.co\/producto\/termales-de-la-cabana-murillo\/#primaryimage"},"thumbnailUrl":"https:\/\/fenixtravel.co\/wp-content\/uploads\/2025\/05\/Murillotermales3.png","datePublished":"2025-05-20T23:11:20+00:00","dateModified":"2025-05-20T23:50:49+00:00","breadcrumb":{"@id":"https:\/\/fenixtravel.co\/producto\/termales-de-la-cabana-murillo\/#breadcrumb"},"inLanguage":"en-US","potentialAction":[{"@type":"ReadAction","target":["https:\/\/fenixtravel.co\/producto\/termales-de-la-cabana-murillo\/"]}]},{"@type":"ImageObject","inLanguage":"en-US","@id":"https:\/\/fenixtravel.co\/producto\/termales-de-la-cabana-murillo\/#primaryimage","url":"https:\/\/fenixtravel.co\/wp-content\/uploads\/2025\/05\/Murillotermales3.png","contentUrl":"https:\/\/fenixtravel.co\/wp-content\/uploads\/2025\/05\/Murillotermales3.png","width":1920,"height":1092},{"@type":"BreadcrumbList","@id":"https:\/\/fenixtravel.co\/producto\/termales-de-la-cabana-murillo\/#breadcrumb","itemListElement":[{"@type":"ListItem","position":1,"name":"Portada","item":"https:\/\/fenixtravel.co\/"},{"@type":"ListItem","position":2,"name":"Shop","item":"https:\/\/fenixtravel.co\/shop\/"},{"@type":"ListItem","position":3,"name":"Termales de la Caba\u00f1a &#8211; Murillo."}]},{"@type":"WebSite","@id":"https:\/\/fenixtravel.co\/#website","url":"https:\/\/fenixtravel.co\/","name":"fenixtravel.co","description":"","publisher":{"@id":"https:\/\/fenixtravel.co\/#organization"},"potentialAction":[{"@type":"SearchAction","target":{"@type":"EntryPoint","urlTemplate":"https:\/\/fenixtravel.co\/?s={search_term_string}"},"query-input":{"@type":"PropertyValueSpecification","valueRequired":true,"valueName":"search_term_string"}}],"inLanguage":"en-US"},{"@type":"Organization","@id":"https:\/\/fenixtravel.co\/#organization","name":"fenixtravel.co","url":"https:\/\/fenixtravel.co\/","logo":{"@type":"ImageObject","inLanguage":"en-US","@id":"https:\/\/fenixtravel.co\/#\/schema\/logo\/image\/","url":"https:\/\/fenixtravel.co\/wp-content\/uploads\/2025\/04\/1.png","contentUrl":"https:\/\/fenixtravel.co\/wp-content\/uploads\/2025\/04\/1.png","width":1287,"height":427,"caption":"fenixtravel.co"},"image":{"@id":"https:\/\/fenixtravel.co\/#\/schema\/logo\/image\/"},"sameAs":["https:\/\/www.facebook.com\/FenixTravelCol\/?locale=es_LA","https:\/\/www.instagram.com\/fenixtraveltours\/?hl=es-la"]}]}},"_links":{"self":[{"href":"https:\/\/fenixtravel.co\/en\/wp-json\/wp\/v2\/product\/10972","targetHints":{"allow":["GET"]}}],"collection":[{"href":"https:\/\/fenixtravel.co\/en\/wp-json\/wp\/v2\/product"}],"about":[{"href":"https:\/\/fenixtravel.co\/en\/wp-json\/wp\/v2\/types\/product"}],"replies":[{"embeddable":true,"href":"https:\/\/fenixtravel.co\/en\/wp-json\/wp\/v2\/comments?post=10972"}],"version-history":[{"count":0,"href":"https:\/\/fenixtravel.co\/en\/wp-json\/wp\/v2\/product\/10972\/revisions"}],"wp:featuredmedia":[{"embeddable":true,"href":"https:\/\/fenixtravel.co\/en\/wp-json\/wp\/v2\/media\/10995"}],"wp:attachment":[{"href":"https:\/\/fenixtravel.co\/en\/wp-json\/wp\/v2\/media?parent=10972"}],"wp:term":[{"taxonomy":"product_cat","embeddable":true,"href":"https:\/\/fenixtravel.co\/en\/wp-json\/wp\/v2\/product_cat?post=10972"},{"taxonomy":"product_tag","embeddable":true,"href":"https:\/\/fenixtravel.co\/en\/wp-json\/wp\/v2\/product_tag?post=10972"}],"curies":[{"name":"wp","href":"https:\/\/api.w.org\/{rel}","templated":true}]}}