{"id":29,"date":"2022-06-30T08:20:56","date_gmt":"2022-06-30T08:20:56","guid":{"rendered":"https:\/\/demo.ovatheme.com\/tripgo\/?page_id=29"},"modified":"2026-02-10T22:42:22","modified_gmt":"2026-02-10T22:42:22","slug":"colombiafenix","status":"publish","type":"page","link":"https:\/\/fenixtravel.co\/en\/colombiafenix\/","title":{"rendered":"Excursions through Colombia"},"content":{"rendered":"<div data-elementor-type=\"wp-page\" data-elementor-id=\"29\" class=\"elementor elementor-29\" data-elementor-post-type=\"page\">\n\t\t\t\t\t\t\t\t\t<section class=\"elementor-section elementor-top-section elementor-element elementor-element-e6b290f elementor-section-height-min-height elementor-section-boxed elementor-section-height-default elementor-section-items-middle\" data-id=\"e6b290f\" data-element_type=\"section\" data-settings=\"{&quot;background_background&quot;:&quot;slideshow&quot;,&quot;background_slideshow_gallery&quot;:[{&quot;id&quot;:11038,&quot;url&quot;:&quot;http:\\\/\\\/fenixtravel.co\\\/wp-content\\\/uploads\\\/2025\\\/05\\\/bosques-andinos.png&quot;},{&quot;id&quot;:10990,&quot;url&quot;:&quot;http:\\\/\\\/fenixtravel.co\\\/wp-content\\\/uploads\\\/2025\\\/05\\\/chaparra3.png&quot;},{&quot;id&quot;:10994,&quot;url&quot;:&quot;http:\\\/\\\/fenixtravel.co\\\/wp-content\\\/uploads\\\/2025\\\/05\\\/Murillotermales2.png&quot;},{&quot;id&quot;:10965,&quot;url&quot;:&quot;http:\\\/\\\/fenixtravel.co\\\/wp-content\\\/uploads\\\/2025\\\/05\\\/cafe-7.png&quot;},{&quot;id&quot;:10960,&quot;url&quot;:&quot;http:\\\/\\\/fenixtravel.co\\\/wp-content\\\/uploads\\\/2025\\\/05\\\/guatape.png&quot;},{&quot;id&quot;:10884,&quot;url&quot;:&quot;http:\\\/\\\/fenixtravel.co\\\/wp-content\\\/uploads\\\/2023\\\/10\\\/mutis7.png&quot;},{&quot;id&quot;:10944,&quot;url&quot;:&quot;http:\\\/\\\/fenixtravel.co\\\/wp-content\\\/uploads\\\/2025\\\/05\\\/boyaca2.png&quot;},{&quot;id&quot;:10829,&quot;url&quot;:&quot;http:\\\/\\\/fenixtravel.co\\\/wp-content\\\/uploads\\\/2023\\\/10\\\/tostado.png&quot;},{&quot;id&quot;:10817,&quot;url&quot;:&quot;http:\\\/\\\/fenixtravel.co\\\/wp-content\\\/uploads\\\/2024\\\/09\\\/Santamar2.png&quot;}],&quot;background_slideshow_slide_duration&quot;:5500,&quot;background_slideshow_lazyload&quot;:&quot;yes&quot;,&quot;background_slideshow_ken_burns&quot;:&quot;yes&quot;,&quot;shape_divider_top&quot;:&quot;curve&quot;,&quot;background_slideshow_loop&quot;:&quot;yes&quot;,&quot;background_slideshow_slide_transition&quot;:&quot;fade&quot;,&quot;background_slideshow_transition_duration&quot;:500,&quot;background_slideshow_ken_burns_zoom_direction&quot;:&quot;in&quot;}\">\n\t\t\t\t\t\t\t<div class=\"elementor-background-overlay\"><\/div>\n\t\t\t\t\t\t<div class=\"elementor-shape elementor-shape-top\" data-negative=\"false\">\n\t\t\t<svg xmlns=\"http:\/\/www.w3.org\/2000\/svg\" viewbox=\"0 0 1000 100\" preserveaspectratio=\"none\">\n    <path class=\"elementor-shape-fill\" d=\"M1000,4.3V0H0v4.3C0.9,23.1,126.7,99.2,500,100S1000,22.7,1000,4.3z\"\/>\n<\/svg>\t\t<\/div>\n\t\t\t\t\t<div class=\"elementor-container elementor-column-gap-default\">\n\t\t\t\t\t<div class=\"elementor-column elementor-col-100 elementor-top-column elementor-element elementor-element-8bde9bb\" data-id=\"8bde9bb\" data-element_type=\"column\">\n\t\t\t<div class=\"elementor-widget-wrap elementor-element-populated\">\n\t\t\t\t\t\t\t\t<div class=\"elementor-element elementor-element-b1e6216 elementor-invisible elementor-widget elementor-widget-tripgo_elementor_heading\" data-id=\"b1e6216\" data-element_type=\"widget\" data-settings=\"{&quot;_animation&quot;:&quot;ova-move-up&quot;,&quot;_animation_tablet&quot;:&quot;none&quot;,&quot;_animation_delay&quot;:100}\" data-widget_type=\"tripgo_elementor_heading.default\">\n\t\t\t\t<div class=\"elementor-widget-container\">\n\t\t\t\t\t<div class=\"ova-title\">\n\n\t\t\t\n\t\t\t\t\t\t\t\n\t\t\t\t\t<h2 class=\"title\">Excursions through Colombia<\/h2>\n\t\t\t\t\t\t\t\n\t\t\t\t\t\t\t<p class=\"description\"> Live the experience you always dreamed of <\/p>\n\t\t\t\n\t\t<\/div> \n\t\t \t\n\t\t\t\t<\/div>\n\t\t\t\t<\/div>\n\t\t\t\t\t<\/div>\n\t\t<\/div>\n\t\t\t\t\t\t\t<\/div>\n\t\t<\/section>\n\t\t<div class=\"elementor-element elementor-element-87e5cab e-flex e-con-boxed e-con e-parent\" data-id=\"87e5cab\" data-element_type=\"container\" data-settings=\"{&quot;content_width&quot;:&quot;boxed&quot;}\" data-core-v316-plus=\"true\">\n\t\t\t\t\t<div class=\"e-con-inner\">\n\t\t\t\t<div class=\"elementor-element elementor-element-2082c22 elementor-align-center elementor-widget elementor-widget-button\" data-id=\"2082c22\" data-element_type=\"widget\" data-widget_type=\"button.default\">\n\t\t\t\t<div class=\"elementor-widget-container\">\n\t\t\t\t\t<div class=\"elementor-button-wrapper\">\n\t\t\t<a class=\"elementor-button elementor-button-link elementor-size-sm\" href=\"http:\/\/reservas.fenixtravel.co\">\n\t\t\t\t\t\t<span class=\"elementor-button-content-wrapper\">\n\t\t\t\t\t\t<span class=\"elementor-button-text\">Your best trip awaits you<\/span>\n\t\t<\/span>\n\t\t\t\t\t<\/a>\n\t\t<\/div>\n\t\t\t\t<\/div>\n\t\t\t\t<\/div>\n\t\t\t\t\t<\/div>\n\t\t\t\t<\/div>\n\t\t<div class=\"elementor-element elementor-element-084a67e elementor-hidden-tablet elementor-hidden-mobile e-flex e-con-boxed e-con e-parent\" data-id=\"084a67e\" data-element_type=\"container\" data-settings=\"{&quot;content_width&quot;:&quot;boxed&quot;}\" data-core-v316-plus=\"true\">\n\t\t\t\t\t<div class=\"e-con-inner\">\n\t\t\t\t<div class=\"elementor-element elementor-element-5215a0d elementor-hidden-desktop elementor-hidden-tablet elementor-hidden-mobile elementor-widget elementor-widget-text-editor\" data-id=\"5215a0d\" data-element_type=\"widget\" data-widget_type=\"text-editor.default\">\n\t\t\t\t<div class=\"elementor-widget-container\">\n\t\t\t<style>\/*! elementor - v3.16.0 - 20-09-2023 *\/\n.elementor-widget-text-editor.elementor-drop-cap-view-stacked .elementor-drop-cap{background-color:#69727d;color:#fff}.elementor-widget-text-editor.elementor-drop-cap-view-framed .elementor-drop-cap{color:#69727d;border:3px solid;background-color:transparent}.elementor-widget-text-editor:not(.elementor-drop-cap-view-default) .elementor-drop-cap{margin-top:8px}.elementor-widget-text-editor:not(.elementor-drop-cap-view-default) .elementor-drop-cap-letter{width:1em;height:1em}.elementor-widget-text-editor .elementor-drop-cap{float:left;text-align:center;line-height:1;font-size:50px}.elementor-widget-text-editor .elementor-drop-cap-letter{display:inline-block}<\/style>\t\t\t\t<h1 data-sourcepos=\"20:1-20:68\">Excursiones por Colombia: Tu Aventura Inolvidable con F\u00e9nix Travel<\/h1><p data-sourcepos=\"22:1-22:557\">\u00bfEst\u00e1s listo para explorar un pa\u00eds lleno de magia, color y diversidad? En F\u00e9nix Travel, te ofrecemos las mejores <strong>excursiones por Colombia<\/strong>, cuidadosamente dise\u00f1adas para que descubras cada rinc\u00f3n de este hermoso pa\u00eds. Desde los picos nevados de sus majestuosas cordilleras, <strong>as\u00ed como<\/strong> las c\u00e1lidas playas del Caribe, y desde las misteriosas selvas amaz\u00f3nicas, <strong>hasta<\/strong> las vibrantes ciudades coloniales, cada aventura que te proponemos est\u00e1 pensada para dejarte recuerdos inolvidables. [Usa la frase clave, oraciones m\u00e1s cortas, palabras de transici\u00f3n]<\/p><h2 data-sourcepos=\"24:1-24:53\">\u00bfPor Qu\u00e9 Elegir Nuestras Excursiones por Colombia?<\/h2><p data-sourcepos=\"26:1-26:394\">En F\u00e9nix Travel, entendemos que cada viajero es \u00fanico. <strong>Por eso<\/strong>, nuestras <strong>excursiones por Colombia<\/strong> no son solo viajes; <strong>m\u00e1s bien<\/strong>, son experiencias personalizadas que se adaptan a tus intereses y expectativas. [Usa la frase clave, acorta oraciones, usa transici\u00f3n] Contamos con un equipo de expertos locales, apasionados por su tierra y dedicados a brindarte un servicio de excelencia.<\/p><ul data-sourcepos=\"28:1-32:0\"><li data-sourcepos=\"28:1-28:192\"><strong>Experiencia Local:<\/strong> Nuestros gu\u00edas son verdaderos conocedores de cada destino. <strong>De esta manera<\/strong>, comparten contigo secretos, historias y la esencia de Colombia.\u00a0<\/li><li data-sourcepos=\"29:1-29:273\"><strong>Comodidad y Seguridad:<\/strong> Nos encargamos de todos los detalles log\u00edsticos, desde el transporte hasta el alojamiento. <strong>As\u00ed<\/strong>, garantizamos tu tranquilidad y seguridad en todo momento. <strong>Por lo tanto<\/strong>, solo tendr\u00e1s que preocuparte por disfrutar.\u00a0<\/li><li data-sourcepos=\"30:1-30:240\"><strong>Variedad de Experiencias:<\/strong> Ofrecemos una amplia gama de <strong>excursiones por Colombia<\/strong>. <strong>Por ejemplo<\/strong>, encontrar\u00e1s desde aventuras llenas de adrenalina hasta relajantes escapadas culturales.\u00a0<\/li><li data-sourcepos=\"31:1-32:0\"><strong>Atenci\u00f3n Personalizada:<\/strong> Tu satisfacci\u00f3n es nuestra prioridad. <strong>Finalmente<\/strong>, te acompa\u00f1amos en cada etapa de tu viaje, ofreciendo soporte constante y adapt\u00e1ndonos a tus necesidades.\u00a0<\/li><\/ul>\t\t\t\t\t\t<\/div>\n\t\t\t\t<\/div>\n\t\t\t\t\t<\/div>\n\t\t\t\t<\/div>\n\t\t<div class=\"elementor-element elementor-element-f1f1f72 e-flex e-con-boxed e-con e-parent\" data-id=\"f1f1f72\" data-element_type=\"container\" data-settings=\"{&quot;content_width&quot;:&quot;boxed&quot;}\" data-core-v316-plus=\"true\">\n\t\t\t\t\t<div class=\"e-con-inner\">\n\t\t<div class=\"elementor-element elementor-element-2de1b4a e-flex e-con-boxed e-con e-child\" data-id=\"2de1b4a\" data-element_type=\"container\" data-settings=\"{&quot;content_width&quot;:&quot;boxed&quot;}\">\n\t\t\t\t\t<div class=\"e-con-inner\">\n\t\t\t\t<div class=\"elementor-element elementor-element-d4e3e2e elementor-widget__width-initial elementor-widget elementor-widget-ovabrw_product_category_ajax\" data-id=\"d4e3e2e\" data-element_type=\"widget\" data-widget_type=\"ovabrw_product_category_ajax.default\">\n\t\t\t\t<div class=\"elementor-widget-container\">\n\t\t\t\n<div class=\"ovabrw-category-ajax\">\n\t<ul class=\"ovabrw-category-list\">\n\t\t\t\t\t\t\t\t\t<li class=\"category-item active\" data-term-id=\"64\">\n\t\t\t\t\tExcursions through Colombia\t\t\t\t<\/li>\n\t\t\t\t\t\t<\/ul>\n\t<div class=\"ovabrw-category-products\"><\/div>\n\t<!-- Load more -->\n\t<div class=\"wrap-load-more\">\n\t\t<svg class=\"loader\" width=\"50\" height=\"50\">\n\t\t\t<circle cx=\"25\" cy=\"25\" r=\"10\" \/>\n\t\t\t<circle cx=\"25\" cy=\"25\" r=\"20\" \/>\n\t\t<\/svg>\n\t<\/div>\n\t<input\n\t\ttype=\"hidden\"\n\t\tname=\"category-ajax-input\"\n\t\tdata-posts-per-page=\"6\"\n\t\tdata-paged=\"1\"\n\t\tdata-order=\"ASC\"\n\t\tdata-orderby=\"date\"\n\t\tdata-layout=\"grid\"\n\t\tdata-column=\"column3\"\n\t\tdata-thumbnail-type=\"image\"\n\t\tdata-pagination=\"yes\"\n\t\/>\n<\/div>\t\t<\/div>\n\t\t\t\t<\/div>\n\t\t\t\t<div class=\"elementor-element elementor-element-9f2252c elementor-widget-divider--view-line elementor-widget elementor-widget-divider\" data-id=\"9f2252c\" data-element_type=\"widget\" data-widget_type=\"divider.default\">\n\t\t\t\t<div class=\"elementor-widget-container\">\n\t\t\t<style>\/*! elementor - v3.16.0 - 20-09-2023 *\/\n.elementor-widget-divider{--divider-border-style:none;--divider-border-width:1px;--divider-color:#0c0d0e;--divider-icon-size:20px;--divider-element-spacing:10px;--divider-pattern-height:24px;--divider-pattern-size:20px;--divider-pattern-url:none;--divider-pattern-repeat:repeat-x}.elementor-widget-divider .elementor-divider{display:flex}.elementor-widget-divider .elementor-divider__text{font-size:15px;line-height:1;max-width:95%}.elementor-widget-divider .elementor-divider__element{margin:0 var(--divider-element-spacing);flex-shrink:0}.elementor-widget-divider .elementor-icon{font-size:var(--divider-icon-size)}.elementor-widget-divider .elementor-divider-separator{display:flex;margin:0;direction:ltr}.elementor-widget-divider--view-line_icon .elementor-divider-separator,.elementor-widget-divider--view-line_text .elementor-divider-separator{align-items:center}.elementor-widget-divider--view-line_icon .elementor-divider-separator:after,.elementor-widget-divider--view-line_icon .elementor-divider-separator:before,.elementor-widget-divider--view-line_text .elementor-divider-separator:after,.elementor-widget-divider--view-line_text .elementor-divider-separator:before{display:block;content:\"\";border-bottom:0;flex-grow:1;border-top:var(--divider-border-width) var(--divider-border-style) var(--divider-color)}.elementor-widget-divider--element-align-left .elementor-divider .elementor-divider-separator>.elementor-divider__svg:first-of-type{flex-grow:0;flex-shrink:100}.elementor-widget-divider--element-align-left .elementor-divider-separator:before{content:none}.elementor-widget-divider--element-align-left .elementor-divider__element{margin-left:0}.elementor-widget-divider--element-align-right .elementor-divider .elementor-divider-separator>.elementor-divider__svg:last-of-type{flex-grow:0;flex-shrink:100}.elementor-widget-divider--element-align-right .elementor-divider-separator:after{content:none}.elementor-widget-divider--element-align-right .elementor-divider__element{margin-right:0}.elementor-widget-divider:not(.elementor-widget-divider--view-line_text):not(.elementor-widget-divider--view-line_icon) .elementor-divider-separator{border-top:var(--divider-border-width) var(--divider-border-style) var(--divider-color)}.elementor-widget-divider--separator-type-pattern{--divider-border-style:none}.elementor-widget-divider--separator-type-pattern.elementor-widget-divider--view-line .elementor-divider-separator,.elementor-widget-divider--separator-type-pattern:not(.elementor-widget-divider--view-line) .elementor-divider-separator:after,.elementor-widget-divider--separator-type-pattern:not(.elementor-widget-divider--view-line) .elementor-divider-separator:before,.elementor-widget-divider--separator-type-pattern:not([class*=elementor-widget-divider--view]) .elementor-divider-separator{width:100%;min-height:var(--divider-pattern-height);-webkit-mask-size:var(--divider-pattern-size) 100%;mask-size:var(--divider-pattern-size) 100%;-webkit-mask-repeat:var(--divider-pattern-repeat);mask-repeat:var(--divider-pattern-repeat);background-color:var(--divider-color);-webkit-mask-image:var(--divider-pattern-url);mask-image:var(--divider-pattern-url)}.elementor-widget-divider--no-spacing{--divider-pattern-size:auto}.elementor-widget-divider--bg-round{--divider-pattern-repeat:round}.rtl .elementor-widget-divider .elementor-divider__text{direction:rtl}.e-con-inner>.elementor-widget-divider,.e-con>.elementor-widget-divider{width:var(--container-widget-width,100%);--flex-grow:var(--container-widget-flex-grow)}<\/style>\t\t<div class=\"elementor-divider\">\n\t\t\t<span class=\"elementor-divider-separator\">\n\t\t\t\t\t\t<\/span>\n\t\t<\/div>\n\t\t\t\t<\/div>\n\t\t\t\t<\/div>\n\t\t\t\t\t<\/div>\n\t\t\t\t<\/div>\n\t\t\t\t\t<\/div>\n\t\t\t\t<\/div>\n\t\t\t\t<section class=\"elementor-section elementor-top-section elementor-element elementor-element-9ce33e9 elementor-section-boxed elementor-section-height-default elementor-section-height-default\" data-id=\"9ce33e9\" data-element_type=\"section\">\n\t\t\t\t\t\t<div class=\"elementor-container elementor-column-gap-default\">\n\t\t\t\t\t<div class=\"elementor-column elementor-col-100 elementor-top-column elementor-element elementor-element-28ba5ef\" data-id=\"28ba5ef\" data-element_type=\"column\">\n\t\t\t<div class=\"elementor-widget-wrap elementor-element-populated\">\n\t\t\t\t\t\t\t\t<div class=\"elementor-element elementor-element-242b5d2 elementor-align-center elementor-widget elementor-widget-button\" data-id=\"242b5d2\" data-element_type=\"widget\" data-widget_type=\"button.default\">\n\t\t\t\t<div class=\"elementor-widget-container\">\n\t\t\t\t\t<div class=\"elementor-button-wrapper\">\n\t\t\t<a class=\"elementor-button elementor-button-link elementor-size-sm\" href=\"http:\/\/fenixtravel.co\/en\/tolimafenix\/\">\n\t\t\t\t\t\t<span class=\"elementor-button-content-wrapper\">\n\t\t\t\t\t\t<span class=\"elementor-button-text\">Adventure is calling you<\/span>\n\t\t<\/span>\n\t\t\t\t\t<\/a>\n\t\t<\/div>\n\t\t\t\t<\/div>\n\t\t\t\t<\/div>\n\t\t\t\t\t<\/div>\n\t\t<\/div>\n\t\t\t\t\t\t\t<\/div>\n\t\t<\/section>\n\t\t\t\t\t\t\t<\/div>","protected":false},"excerpt":{"rendered":"<p>Excursiones por Colombia Vive la experiencia que siempre so\u00f1aste Tu mejor viaje te espera Excursiones por Colombia: Tu Aventura Inolvidable con F\u00e9nix Travel \u00bfEst\u00e1s listo para explorar un pa\u00eds lleno de magia, color y diversidad? En F\u00e9nix Travel, te ofrecemos las mejores excursiones por Colombia, cuidadosamente dise\u00f1adas para que descubras cada rinc\u00f3n de este hermoso [&hellip;]<\/p>","protected":false},"author":1,"featured_media":0,"parent":0,"menu_order":0,"comment_status":"closed","ping_status":"closed","template":"elementor_header_footer","meta":{"_acf_changed":false,"om_disable_all_campaigns":false,"_monsterinsights_skip_tracking":false,"_monsterinsights_sitenote_active":false,"_monsterinsights_sitenote_note":"","_monsterinsights_sitenote_category":0,"footnotes":""},"class_list":["post-29","page","type-page","status-publish","hentry"],"acf":[],"aioseo_notices":[],"yoast_head":"<!-- This site is optimized with the Yoast SEO plugin v26.7 - https:\/\/yoast.com\/wordpress\/plugins\/seo\/ -->\n<title>Excurciones por Colombia - fenixtravel.co<\/title>\n<meta name=\"robots\" content=\"index, follow, max-snippet:-1, max-image-preview:large, max-video-preview:-1\" \/>\n<link rel=\"canonical\" href=\"https:\/\/fenixtravel.co\/en\/colombiafenix\/\" \/>\n<meta property=\"og:locale\" content=\"en_US\" \/>\n<meta property=\"og:type\" content=\"article\" \/>\n<meta property=\"og:title\" content=\"Excurciones por Colombia - fenixtravel.co\" \/>\n<meta property=\"og:description\" content=\"Excursiones por Colombia Vive la experiencia que siempre so\u00f1aste Tu mejor viaje te espera Excursiones por Colombia: Tu Aventura Inolvidable con F\u00e9nix Travel \u00bfEst\u00e1s listo para explorar un pa\u00eds lleno de magia, color y diversidad? En F\u00e9nix Travel, te ofrecemos las mejores excursiones por Colombia, cuidadosamente dise\u00f1adas para que descubras cada rinc\u00f3n de este hermoso [&hellip;]\" \/>\n<meta property=\"og:url\" content=\"https:\/\/fenixtravel.co\/en\/colombiafenix\/\" \/>\n<meta property=\"og:site_name\" content=\"fenixtravel.co\" \/>\n<meta property=\"article:publisher\" content=\"https:\/\/www.facebook.com\/FenixTravelCol\/?locale=es_LA\" \/>\n<meta property=\"article:modified_time\" content=\"2026-02-10T22:42:22+00:00\" \/>\n<meta name=\"twitter:card\" content=\"summary_large_image\" \/>\n<meta name=\"twitter:label1\" content=\"Est. reading time\" \/>\n\t<meta name=\"twitter:data1\" content=\"3 minutes\" \/>\n<script type=\"application\/ld+json\" class=\"yoast-schema-graph\">{\"@context\":\"https:\/\/schema.org\",\"@graph\":[{\"@type\":\"WebPage\",\"@id\":\"https:\/\/fenixtravel.co\/colombiafenix\/\",\"url\":\"https:\/\/fenixtravel.co\/colombiafenix\/\",\"name\":\"Excurciones por Colombia - fenixtravel.co\",\"isPartOf\":{\"@id\":\"https:\/\/fenixtravel.co\/#website\"},\"datePublished\":\"2022-06-30T08:20:56+00:00\",\"dateModified\":\"2026-02-10T22:42:22+00:00\",\"breadcrumb\":{\"@id\":\"https:\/\/fenixtravel.co\/colombiafenix\/#breadcrumb\"},\"inLanguage\":\"en-US\",\"potentialAction\":[{\"@type\":\"ReadAction\",\"target\":[\"https:\/\/fenixtravel.co\/colombiafenix\/\"]}]},{\"@type\":\"BreadcrumbList\",\"@id\":\"https:\/\/fenixtravel.co\/colombiafenix\/#breadcrumb\",\"itemListElement\":[{\"@type\":\"ListItem\",\"position\":1,\"name\":\"Portada\",\"item\":\"https:\/\/fenixtravel.co\/\"},{\"@type\":\"ListItem\",\"position\":2,\"name\":\"Excurciones por Colombia\"}]},{\"@type\":\"WebSite\",\"@id\":\"https:\/\/fenixtravel.co\/#website\",\"url\":\"https:\/\/fenixtravel.co\/\",\"name\":\"fenixtravel.co\",\"description\":\"\",\"publisher\":{\"@id\":\"https:\/\/fenixtravel.co\/#organization\"},\"potentialAction\":[{\"@type\":\"SearchAction\",\"target\":{\"@type\":\"EntryPoint\",\"urlTemplate\":\"https:\/\/fenixtravel.co\/?s={search_term_string}\"},\"query-input\":{\"@type\":\"PropertyValueSpecification\",\"valueRequired\":true,\"valueName\":\"search_term_string\"}}],\"inLanguage\":\"en-US\"},{\"@type\":\"Organization\",\"@id\":\"https:\/\/fenixtravel.co\/#organization\",\"name\":\"fenixtravel.co\",\"url\":\"https:\/\/fenixtravel.co\/\",\"logo\":{\"@type\":\"ImageObject\",\"inLanguage\":\"en-US\",\"@id\":\"https:\/\/fenixtravel.co\/#\/schema\/logo\/image\/\",\"url\":\"https:\/\/fenixtravel.co\/wp-content\/uploads\/2025\/04\/1.png\",\"contentUrl\":\"https:\/\/fenixtravel.co\/wp-content\/uploads\/2025\/04\/1.png\",\"width\":1287,\"height\":427,\"caption\":\"fenixtravel.co\"},\"image\":{\"@id\":\"https:\/\/fenixtravel.co\/#\/schema\/logo\/image\/\"},\"sameAs\":[\"https:\/\/www.facebook.com\/FenixTravelCol\/?locale=es_LA\",\"https:\/\/www.instagram.com\/fenixtraveltours\/?hl=es-la\"]}]}<\/script>\n<!-- \/ Yoast SEO plugin. -->","yoast_head_json":{"title":"Excurciones por Colombia - fenixtravel.co","robots":{"index":"index","follow":"follow","max-snippet":"max-snippet:-1","max-image-preview":"max-image-preview:large","max-video-preview":"max-video-preview:-1"},"canonical":"https:\/\/fenixtravel.co\/en\/colombiafenix\/","og_locale":"en_US","og_type":"article","og_title":"Excurciones por Colombia - fenixtravel.co","og_description":"Excursiones por Colombia Vive la experiencia que siempre so\u00f1aste Tu mejor viaje te espera Excursiones por Colombia: Tu Aventura Inolvidable con F\u00e9nix Travel \u00bfEst\u00e1s listo para explorar un pa\u00eds lleno de magia, color y diversidad? En F\u00e9nix Travel, te ofrecemos las mejores excursiones por Colombia, cuidadosamente dise\u00f1adas para que descubras cada rinc\u00f3n de este hermoso [&hellip;]","og_url":"https:\/\/fenixtravel.co\/en\/colombiafenix\/","og_site_name":"fenixtravel.co","article_publisher":"https:\/\/www.facebook.com\/FenixTravelCol\/?locale=es_LA","article_modified_time":"2026-02-10T22:42:22+00:00","twitter_card":"summary_large_image","twitter_misc":{"Est. reading time":"3 minutes"},"schema":{"@context":"https:\/\/schema.org","@graph":[{"@type":"WebPage","@id":"https:\/\/fenixtravel.co\/colombiafenix\/","url":"https:\/\/fenixtravel.co\/colombiafenix\/","name":"Excurciones por Colombia - fenixtravel.co","isPartOf":{"@id":"https:\/\/fenixtravel.co\/#website"},"datePublished":"2022-06-30T08:20:56+00:00","dateModified":"2026-02-10T22:42:22+00:00","breadcrumb":{"@id":"https:\/\/fenixtravel.co\/colombiafenix\/#breadcrumb"},"inLanguage":"en-US","potentialAction":[{"@type":"ReadAction","target":["https:\/\/fenixtravel.co\/colombiafenix\/"]}]},{"@type":"BreadcrumbList","@id":"https:\/\/fenixtravel.co\/colombiafenix\/#breadcrumb","itemListElement":[{"@type":"ListItem","position":1,"name":"Portada","item":"https:\/\/fenixtravel.co\/"},{"@type":"ListItem","position":2,"name":"Excurciones por Colombia"}]},{"@type":"WebSite","@id":"https:\/\/fenixtravel.co\/#website","url":"https:\/\/fenixtravel.co\/","name":"fenixtravel.co","description":"","publisher":{"@id":"https:\/\/fenixtravel.co\/#organization"},"potentialAction":[{"@type":"SearchAction","target":{"@type":"EntryPoint","urlTemplate":"https:\/\/fenixtravel.co\/?s={search_term_string}"},"query-input":{"@type":"PropertyValueSpecification","valueRequired":true,"valueName":"search_term_string"}}],"inLanguage":"en-US"},{"@type":"Organization","@id":"https:\/\/fenixtravel.co\/#organization","name":"fenixtravel.co","url":"https:\/\/fenixtravel.co\/","logo":{"@type":"ImageObject","inLanguage":"en-US","@id":"https:\/\/fenixtravel.co\/#\/schema\/logo\/image\/","url":"https:\/\/fenixtravel.co\/wp-content\/uploads\/2025\/04\/1.png","contentUrl":"https:\/\/fenixtravel.co\/wp-content\/uploads\/2025\/04\/1.png","width":1287,"height":427,"caption":"fenixtravel.co"},"image":{"@id":"https:\/\/fenixtravel.co\/#\/schema\/logo\/image\/"},"sameAs":["https:\/\/www.facebook.com\/FenixTravelCol\/?locale=es_LA","https:\/\/www.instagram.com\/fenixtraveltours\/?hl=es-la"]}]}},"_links":{"self":[{"href":"https:\/\/fenixtravel.co\/en\/wp-json\/wp\/v2\/pages\/29","targetHints":{"allow":["GET"]}}],"collection":[{"href":"https:\/\/fenixtravel.co\/en\/wp-json\/wp\/v2\/pages"}],"about":[{"href":"https:\/\/fenixtravel.co\/en\/wp-json\/wp\/v2\/types\/page"}],"author":[{"embeddable":true,"href":"https:\/\/fenixtravel.co\/en\/wp-json\/wp\/v2\/users\/1"}],"replies":[{"embeddable":true,"href":"https:\/\/fenixtravel.co\/en\/wp-json\/wp\/v2\/comments?post=29"}],"version-history":[{"count":84,"href":"https:\/\/fenixtravel.co\/en\/wp-json\/wp\/v2\/pages\/29\/revisions"}],"predecessor-version":[{"id":12587,"href":"https:\/\/fenixtravel.co\/en\/wp-json\/wp\/v2\/pages\/29\/revisions\/12587"}],"wp:attachment":[{"href":"https:\/\/fenixtravel.co\/en\/wp-json\/wp\/v2\/media?parent=29"}],"curies":[{"name":"wp","href":"https:\/\/api.w.org\/{rel}","templated":true}]}}